{"id":6586,"date":"2025-10-30T03:43:28","date_gmt":"2025-10-30T03:43:28","guid":{"rendered":"https:\/\/xindasafety.com\/?post_type=product&#038;p=6586"},"modified":"2026-01-18T08:07:08","modified_gmt":"2026-01-18T08:07:08","slug":"poulie-directionnelle-pivert","status":"publish","type":"product","link":"https:\/\/xindasafety.com\/fr\/product\/woodpecker-directional-pulley\/","title":{"rendered":"HH8629GG"},"content":{"rendered":"<p data-start=\"123\" data-end=\"141\"><strong data-start=\"123\" data-end=\"133\">Marque :<\/strong> Xinda<\/p>\n<p data-start=\"143\" data-end=\"163\"><strong data-start=\"143\" data-end=\"153\">Mod\u00e8le :<\/strong> HH-8629<\/p>\n<p data-start=\"165\" data-end=\"186\"><strong data-start=\"165\" data-end=\"184\">R\u00e9sistance nominale :<\/strong><\/p>\n<ul data-start=\"187\" data-end=\"282\">\n<li data-start=\"187\" data-end=\"225\">\n<p data-start=\"189\" data-end=\"225\">R\u00e9sistance \u00e0 la traction statique : <strong data-start=\"214\" data-end=\"223\">25 kN<\/strong><\/p>\n<\/li>\n<li data-start=\"226\" data-end=\"282\">\n<p data-start=\"228\" data-end=\"282\">R\u00e9sistance \u00e0 la charge dynamique : <strong data-start=\"251\" data-end=\"260\">10 kN<\/strong><br data-start=\"260\" data-end=\"263\" \/><em data-start=\"263\" data-end=\"280\">(1 kN \u2248 100 kg)<\/em><\/p>\n<\/li>\n<\/ul>\n<p data-start=\"284\" data-end=\"346\"><strong data-start=\"284\" data-end=\"297\">Mat\u00e9riau :<\/strong> Alliage d'aluminium haute r\u00e9sistance + acier inoxydable<\/p>\n<p data-start=\"348\" data-end=\"390\"><strong data-start=\"348\" data-end=\"362\">Normes :<\/strong> CE 1019, EN 567, EN 12278<\/p>\n<p data-start=\"392\" data-end=\"435\"><strong data-start=\"392\" data-end=\"421\">Diam\u00e8tre de corde compatible :<\/strong> <strong data-start=\"422\" data-end=\"433\">8-13 mm<\/strong><\/p>\n<p data-start=\"437\" data-end=\"460\"><strong data-start=\"437\" data-end=\"448\">Poids :<\/strong> <strong data-start=\"449\" data-end=\"458\">116 g<\/strong><\/p>\n<p data-start=\"462\" data-end=\"656\"><strong data-start=\"462\" data-end=\"479\">Applications :<\/strong><br data-start=\"479\" data-end=\"482\" \/>Convient pour le sauvetage en hauteur, l'acc\u00e8s par corde, les syst\u00e8mes de hissage, la sp\u00e9l\u00e9ologie, l'alpinisme, le transport a\u00e9rien de marchandises \u00e0 travers des structures, la protection des tyroliennes et les syst\u00e8mes de poulies.<\/p>","protected":false},"excerpt":{"rendered":"<p>Poulie \u00e0 simple et double direction Xinda S\u00e9rie H de 3\u00e8me g\u00e9n\u00e9ration pour l'escalade, l'alpinisme, la sp\u00e9l\u00e9ologie, le sauvetage et le halage<\/p>","protected":false},"featured_media":6587,"template":"","meta":{"_acf_changed":false},"product_brand":[],"product_cat":[128],"product_tag":[323],"class_list":{"0":"post-6586","1":"product","2":"type-product","3":"status-publish","4":"has-post-thumbnail","6":"product_cat-pulley-gen3","7":"product_tag-directional-pulley","9":"first","10":"instock","11":"shipping-taxable","12":"product-type-simple"},"acf":[],"_links":{"self":[{"href":"https:\/\/xindasafety.com\/fr\/wp-json\/wp\/v2\/product\/6586","targetHints":{"allow":["GET"]}}],"collection":[{"href":"https:\/\/xindasafety.com\/fr\/wp-json\/wp\/v2\/product"}],"about":[{"href":"https:\/\/xindasafety.com\/fr\/wp-json\/wp\/v2\/types\/product"}],"version-history":[{"count":4,"href":"https:\/\/xindasafety.com\/fr\/wp-json\/wp\/v2\/product\/6586\/revisions"}],"predecessor-version":[{"id":6721,"href":"https:\/\/xindasafety.com\/fr\/wp-json\/wp\/v2\/product\/6586\/revisions\/6721"}],"wp:featuredmedia":[{"embeddable":true,"href":"https:\/\/xindasafety.com\/fr\/wp-json\/wp\/v2\/media\/6587"}],"wp:attachment":[{"href":"https:\/\/xindasafety.com\/fr\/wp-json\/wp\/v2\/media?parent=6586"}],"wp:term":[{"taxonomy":"product_brand","embeddable":true,"href":"https:\/\/xindasafety.com\/fr\/wp-json\/wp\/v2\/product_brand?post=6586"},{"taxonomy":"product_cat","embeddable":true,"href":"https:\/\/xindasafety.com\/fr\/wp-json\/wp\/v2\/product_cat?post=6586"},{"taxonomy":"product_tag","embeddable":true,"href":"https:\/\/xindasafety.com\/fr\/wp-json\/wp\/v2\/product_tag?post=6586"}],"curies":[{"name":"wp","href":"https:\/\/api.w.org\/{rel}","templated":true}]}}