{"id":6529,"date":"2025-10-29T01:56:58","date_gmt":"2025-10-29T01:56:58","guid":{"rendered":"https:\/\/xindasafety.com\/?post_type=product&#038;p=6529"},"modified":"2026-01-19T07:10:40","modified_gmt":"2026-01-19T07:10:40","slug":"41-kit-de-poulie","status":"publish","type":"product","link":"https:\/\/xindasafety.com\/fr\/product\/41-pulley-kit\/","title":{"rendered":"XDCP9771"},"content":{"rendered":"<p data-start=\"52\" data-end=\"455\"><strong data-start=\"52\" data-end=\"62\">Marque :<\/strong> Xinda<br data-start=\"68\" data-end=\"71\" \/><strong data-start=\"71\" data-end=\"85\">Num\u00e9ro de mod\u00e8le :<\/strong> XD-CP9771BH<br data-start=\"97\" data-end=\"100\" \/><strong data-start=\"100\" data-end=\"117\">Nom du produit :<\/strong> Syst\u00e8me de poulie 4:1 (lev\u00e9e et rel\u00e2ch\u00e9e)<br data-start=\"152\" data-end=\"155\" \/><strong data-start=\"155\" data-end=\"168\">Mat\u00e9riau :<\/strong> Alliage d'aluminium \/ Acier inoxydable \/ Fibre haute r\u00e9sistance \/ Nylon<br data-start=\"231\" data-end=\"234\" \/><strong data-start=\"234\" data-end=\"245\" data-is-only-node=\"\">Poids :<\/strong> 248g<br data-start=\"250\" data-end=\"253\" \/><strong data-start=\"253\" data-end=\"271\">Diam\u00e8tre de la corde :<\/strong> 8.0-8.5mm<br data-start=\"281\" data-end=\"284\" \/><strong data-start=\"284\" data-end=\"306\">R\u00e9sistance \u00e0 la rupture :<\/strong> 36kN<br data-start=\"311\" data-end=\"314\" \/><strong data-start=\"314\" data-end=\"331\">Charge de travail :<\/strong> 9kN<br data-start=\"335\" data-end=\"338\" \/><strong data-start=\"338\" data-end=\"354\">Taille de la poulie :<\/strong> 42 \u00d7 105mm<br data-start=\"365\" data-end=\"368\" \/><strong data-start=\"368\" data-end=\"385\">Type de roulement :<\/strong> Roulement \u00e0 billes<br data-start=\"398\" data-end=\"401\" \/><strong data-start=\"401\" data-end=\"422\">Produit standard :<\/strong> XF494-2023<br data-start=\"433\" data-end=\"436\" \/><strong data-start=\"436\" data-end=\"447\">Origine :<\/strong> Chine<\/p>\n<p data-start=\"457\" data-end=\"606\"><strong data-start=\"457\" data-end=\"473\">Application :<\/strong> Alpinisme, escalade, sp\u00e9l\u00e9ologie et descente en rappel, formation, sauvetage en ext\u00e9rieur, acc\u00e8s par corde, travaux en altitude, protection de la s\u00e9curit\u00e9 au travail<\/p>","protected":false},"excerpt":{"rendered":"<p>Syst\u00e8me de poulie \u00e0 avantage m\u00e9canique XINDA 4:1<br data-start=\"74\" data-end=\"77\" \/>Ensemble de levage et de lib\u00e9ration \u00e0 double poulie pivotante auto-ancrante avec contr\u00f4le de la descente et saisie de la progression<\/p>","protected":false},"featured_media":6530,"template":"","meta":{"_acf_changed":false},"product_brand":[],"product_cat":[128],"product_tag":[321,169],"class_list":{"0":"post-6529","1":"product","2":"type-product","3":"status-publish","4":"has-post-thumbnail","6":"product_cat-pulley-gen3","7":"product_tag-41-pulley-system","8":"product_tag-pulley","10":"first","11":"instock","12":"shipping-taxable","13":"product-type-simple"},"acf":[],"_links":{"self":[{"href":"https:\/\/xindasafety.com\/fr\/wp-json\/wp\/v2\/product\/6529","targetHints":{"allow":["GET"]}}],"collection":[{"href":"https:\/\/xindasafety.com\/fr\/wp-json\/wp\/v2\/product"}],"about":[{"href":"https:\/\/xindasafety.com\/fr\/wp-json\/wp\/v2\/types\/product"}],"version-history":[{"count":2,"href":"https:\/\/xindasafety.com\/fr\/wp-json\/wp\/v2\/product\/6529\/revisions"}],"predecessor-version":[{"id":6723,"href":"https:\/\/xindasafety.com\/fr\/wp-json\/wp\/v2\/product\/6529\/revisions\/6723"}],"wp:featuredmedia":[{"embeddable":true,"href":"https:\/\/xindasafety.com\/fr\/wp-json\/wp\/v2\/media\/6530"}],"wp:attachment":[{"href":"https:\/\/xindasafety.com\/fr\/wp-json\/wp\/v2\/media?parent=6529"}],"wp:term":[{"taxonomy":"product_brand","embeddable":true,"href":"https:\/\/xindasafety.com\/fr\/wp-json\/wp\/v2\/product_brand?post=6529"},{"taxonomy":"product_cat","embeddable":true,"href":"https:\/\/xindasafety.com\/fr\/wp-json\/wp\/v2\/product_cat?post=6529"},{"taxonomy":"product_tag","embeddable":true,"href":"https:\/\/xindasafety.com\/fr\/wp-json\/wp\/v2\/product_tag?post=6529"}],"curies":[{"name":"wp","href":"https:\/\/api.w.org\/{rel}","templated":true}]}}