{"id":6154,"date":"2025-10-04T03:52:45","date_gmt":"2025-10-04T03:52:45","guid":{"rendered":"https:\/\/xindasafety.com\/?post_type=product&#038;p=6154"},"modified":"2026-01-18T08:35:50","modified_gmt":"2026-01-18T08:35:50","slug":"harnais-complet-2","status":"publish","type":"product","link":"https:\/\/xindasafety.com\/fr\/product\/full-body-harness-2\/","title":{"rendered":"XD6503"},"content":{"rendered":"<p data-start=\"35\" data-end=\"326\"><strong data-start=\"35\" data-end=\"45\">Marque :<\/strong> XINDA<br data-start=\"51\" data-end=\"54\" \/><strong data-start=\"54\" data-end=\"68\">Num\u00e9ro de mod\u00e8le :<\/strong> XD-6503<br data-start=\"76\" data-end=\"79\" \/><strong data-start=\"79\" data-end=\"92\">Standard :<\/strong> XF 494-2023<br data-start=\"101\" data-end=\"104\" data-is-only-node=\"\" \/><strong data-start=\"104\" data-end=\"117\">Mat\u00e9riau :<\/strong> Polyester + alliage d'aluminium<br data-start=\"144\" data-end=\"147\" \/><strong data-start=\"147\" data-end=\"158\">Poids :<\/strong> 1760g<br data-start=\"186\" data-end=\"189\" \/><strong data-start=\"189\" data-end=\"206\">Applications :<\/strong> Alpinisme, escalade, formation au d\u00e9veloppement, sauvetage, travail en haute altitude, protection contre les chutes, descente en rappel, etc.<\/p>\n<p data-start=\"328\" data-end=\"339\"><strong data-start=\"328\" data-end=\"337\">Taille :<\/strong><\/p>\n<ul data-start=\"340\" data-end=\"416\">\n<li data-start=\"340\" data-end=\"364\">\n<p data-start=\"342\" data-end=\"364\">Ceinture : 75-120cm<\/p>\n<\/li>\n<li data-start=\"365\" data-end=\"387\">\n<p data-start=\"367\" data-end=\"387\">Boucles de jambe : 50-70cm<\/p>\n<\/li>\n<li data-start=\"388\" data-end=\"416\">\n<p data-start=\"390\" data-end=\"416\">Taille adapt\u00e9e : 160-190cm<\/p>\n<\/li>\n<\/ul>","protected":false},"excerpt":{"rendered":"<p>Harnais de s\u00e9curit\u00e9 complet XINDA - \u00c9quipement de protection contre les chutes pour l'escalade, la descente en rappel, le sauvetage et les travaux \u00e9lectriques en ext\u00e9rieur<\/p>","protected":false},"featured_media":6150,"template":"","meta":{"_acf_changed":false},"product_brand":[],"product_cat":[114],"product_tag":[312,80],"class_list":{"0":"post-6154","1":"product","2":"type-product","3":"status-publish","4":"has-post-thumbnail","6":"product_cat-harness-gen1","7":"product_tag-full-body-harness","8":"product_tag-harness","10":"first","11":"instock","12":"shipping-taxable","13":"product-type-simple"},"acf":[],"_links":{"self":[{"href":"https:\/\/xindasafety.com\/fr\/wp-json\/wp\/v2\/product\/6154","targetHints":{"allow":["GET"]}}],"collection":[{"href":"https:\/\/xindasafety.com\/fr\/wp-json\/wp\/v2\/product"}],"about":[{"href":"https:\/\/xindasafety.com\/fr\/wp-json\/wp\/v2\/types\/product"}],"version-history":[{"count":3,"href":"https:\/\/xindasafety.com\/fr\/wp-json\/wp\/v2\/product\/6154\/revisions"}],"predecessor-version":[{"id":6760,"href":"https:\/\/xindasafety.com\/fr\/wp-json\/wp\/v2\/product\/6154\/revisions\/6760"}],"wp:featuredmedia":[{"embeddable":true,"href":"https:\/\/xindasafety.com\/fr\/wp-json\/wp\/v2\/media\/6150"}],"wp:attachment":[{"href":"https:\/\/xindasafety.com\/fr\/wp-json\/wp\/v2\/media?parent=6154"}],"wp:term":[{"taxonomy":"product_brand","embeddable":true,"href":"https:\/\/xindasafety.com\/fr\/wp-json\/wp\/v2\/product_brand?post=6154"},{"taxonomy":"product_cat","embeddable":true,"href":"https:\/\/xindasafety.com\/fr\/wp-json\/wp\/v2\/product_cat?post=6154"},{"taxonomy":"product_tag","embeddable":true,"href":"https:\/\/xindasafety.com\/fr\/wp-json\/wp\/v2\/product_tag?post=6154"}],"curies":[{"name":"wp","href":"https:\/\/api.w.org\/{rel}","templated":true}]}}