{"id":6100,"date":"2025-10-04T03:39:34","date_gmt":"2025-10-04T03:39:34","guid":{"rendered":"https:\/\/xindasafety.com\/?post_type=product&#038;p=6100"},"modified":"2026-04-18T05:29:07","modified_gmt":"2026-04-18T05:29:07","slug":"ascendeur-manuel-2","status":"publish","type":"product","link":"https:\/\/xindasafety.com\/fr\/product\/hand-ascender-2\/","title":{"rendered":"HSS02"},"content":{"rendered":"<p data-start=\"33\" data-end=\"446\"><strong data-start=\"33\" data-end=\"43\">Marque :<\/strong> XINDA<br data-start=\"49\" data-end=\"52\" \/><strong data-start=\"52\" data-end=\"66\">Num\u00e9ro de mod\u00e8le :<\/strong> HSS02<br data-start=\"72\" data-end=\"75\" data-is-only-node=\"\" \/><strong data-start=\"75\" data-end=\"92\">Nom du produit :<\/strong> Ascenseur droit<br data-start=\"112\" data-end=\"115\" \/><strong data-start=\"115\" data-end=\"128\">Mat\u00e9riau :<\/strong> Alliage d'aluminium haute r\u00e9sistance<br data-start=\"157\" data-end=\"160\" \/><strong data-start=\"160\" data-end=\"170\">Couleur :<\/strong> Bleu, Kaki<br data-start=\"182\" data-end=\"185\" \/><strong data-start=\"185\" data-end=\"196\">Poids :<\/strong> 208g<br data-start=\"201\" data-end=\"204\" \/><strong data-start=\"204\" data-end=\"226\">Poids applicable :<\/strong> Max 150kg<br data-start=\"236\" data-end=\"239\" \/><strong data-start=\"239\" data-end=\"252\">Standard :<\/strong> CE EN567<br data-start=\"261\" data-end=\"264\" \/><strong data-start=\"264\" data-end=\"273\">Taille :<\/strong> Comme indiqu\u00e9<br data-start=\"282\" data-end=\"285\" \/><strong data-start=\"285\" data-end=\"302\">Applications :<\/strong> Alpinisme, escalade, formation au d\u00e9veloppement, sp\u00e9l\u00e9ologie, SRT, formation \u00e0 l'utilisation d'ascenseurs en salle, travail en haute altitude et diverses activit\u00e9s de plein air.<\/p>","protected":false},"excerpt":{"rendered":"<div class=\"text-base my-auto mx-auto pb-10 [--thread-content-margin:--spacing(4)] thread-sm:[--thread-content-margin:--spacing(6)] thread-lg:[--thread-content-margin:--spacing(16)] px-(--thread-content-margin)\">\n<div class=\"[--thread-content-max-width:40rem] thread-lg:[--thread-content-max-width:48rem] mx-auto max-w-(--thread-content-max-width) flex-1 group\/turn-messages focus-visible:outline-hidden relative flex w-full min-w-0 flex-col agent-turn\" tabindex=\"-1\">\n<div class=\"flex max-w-full flex-col grow\">\n<div class=\"min-h-8 text-message relative flex w-full flex-col items-end gap-2 text-start break-words whitespace-normal [.text-message+&amp;]:mt-5\" dir=\"auto\" data-message-author-role=\"assistant\" data-message-id=\"e4c28fdd-ae7b-4861-bfa4-2720501743eb\" data-message-model-slug=\"gpt-5\">\n<div class=\"flex w-full flex-col gap-1 empty:hidden first:pt-[1px]\">\n<div class=\"markdown prose dark:prose-invert w-full break-words light markdown-new-styling\">\n<p data-start=\"0\" data-end=\"102\" data-is-last-node=\"\" data-is-only-node=\"\"><strong data-start=\"0\" data-end=\"102\" data-is-last-node=\"\" data-is-only-node=\"\">XINDA Outdoor Hand Ascender \u2013 Right-Hand Rope Climbing Device for Mountaineering and Rock Climbing<\/strong><\/p>\n<\/div>\n<\/div>\n<\/div>\n<\/div>\n<\/div>\n<\/div>\n","protected":false},"featured_media":6101,"template":"","meta":{"_acf_changed":false},"product_brand":[],"product_cat":[99],"product_tag":[198,253],"class_list":{"0":"post-6100","1":"product","2":"type-product","3":"status-publish","4":"has-post-thumbnail","6":"product_cat-ascender-generation-1","7":"product_tag-ascender","8":"product_tag-hand-ascender","10":"first","11":"instock","12":"shipping-taxable","13":"product-type-variable"},"acf":[],"_links":{"self":[{"href":"https:\/\/xindasafety.com\/fr\/wp-json\/wp\/v2\/product\/6100","targetHints":{"allow":["GET"]}}],"collection":[{"href":"https:\/\/xindasafety.com\/fr\/wp-json\/wp\/v2\/product"}],"about":[{"href":"https:\/\/xindasafety.com\/fr\/wp-json\/wp\/v2\/types\/product"}],"version-history":[{"count":3,"href":"https:\/\/xindasafety.com\/fr\/wp-json\/wp\/v2\/product\/6100\/revisions"}],"predecessor-version":[{"id":7039,"href":"https:\/\/xindasafety.com\/fr\/wp-json\/wp\/v2\/product\/6100\/revisions\/7039"}],"wp:featuredmedia":[{"embeddable":true,"href":"https:\/\/xindasafety.com\/fr\/wp-json\/wp\/v2\/media\/6101"}],"wp:attachment":[{"href":"https:\/\/xindasafety.com\/fr\/wp-json\/wp\/v2\/media?parent=6100"}],"wp:term":[{"taxonomy":"product_brand","embeddable":true,"href":"https:\/\/xindasafety.com\/fr\/wp-json\/wp\/v2\/product_brand?post=6100"},{"taxonomy":"product_cat","embeddable":true,"href":"https:\/\/xindasafety.com\/fr\/wp-json\/wp\/v2\/product_cat?post=6100"},{"taxonomy":"product_tag","embeddable":true,"href":"https:\/\/xindasafety.com\/fr\/wp-json\/wp\/v2\/product_tag?post=6100"}],"curies":[{"name":"wp","href":"https:\/\/api.w.org\/{rel}","templated":true}]}}