{"id":6043,"date":"2025-10-04T03:03:26","date_gmt":"2025-10-04T03:03:26","guid":{"rendered":"https:\/\/xindasafety.com\/?post_type=product&#038;p=6043"},"modified":"2026-01-18T08:45:02","modified_gmt":"2026-01-18T08:45:02","slug":"corde-statique-3","status":"publish","type":"product","link":"https:\/\/xindasafety.com\/fr\/product\/static-rope-3\/","title":{"rendered":"XDS9862"},"content":{"rendered":"<p data-start=\"29\" data-end=\"443\"><strong data-start=\"29\" data-end=\"46\">Nom du produit :<\/strong> Corde statique<br data-start=\"58\" data-end=\"61\" \/><strong data-start=\"61\" data-end=\"71\">Marque :<\/strong> XINDA<br data-start=\"77\" data-end=\"80\" data-is-only-node=\"\" \/><strong data-start=\"80\" data-end=\"94\">Num\u00e9ro de mod\u00e8le :<\/strong> XD-S9862<br data-start=\"103\" data-end=\"106\" \/><strong data-start=\"106\" data-end=\"119\">Mat\u00e9riau :<\/strong> Nylon<br data-start=\"125\" data-end=\"128\" \/><strong data-start=\"128\" data-end=\"141\">Standard :<\/strong> GB:XF494-2004<br data-start=\"155\" data-end=\"158\" \/><strong data-start=\"158\" data-end=\"169\">Origine :<\/strong> Chine<br data-start=\"175\" data-end=\"178\" \/><strong data-start=\"178\" data-end=\"207\">Diam\u00e8tre et charge de rupture :<\/strong><br data-start=\"207\" data-end=\"210\" \/>- \u00d810.5mm - 24kN<br data-start=\"226\" data-end=\"229\" \/>- \u00d812mm - 30kN<br data-start=\"243\" data-end=\"246\" \/><strong data-start=\"246\" data-end=\"257\">Poids :<\/strong><br data-start=\"257\" data-end=\"260\" \/>- 10,5mm - 70g\/m<br data-start=\"276\" data-end=\"279\" \/>- 12mm - 91g\/m<br data-start=\"293\" data-end=\"296\" \/><strong data-start=\"296\" data-end=\"313\">Applications :<\/strong> Alpinisme, sp\u00e9l\u00e9ologie, escalade, activit\u00e9s de d\u00e9veloppement, sauvetage, travail en haute altitude, protection contre les chutes, descente en rappel, etc.<\/p>","protected":false},"excerpt":{"rendered":"<p>XINDA Static Main Rope - Corde de s\u00e9curit\u00e9 pour l'escalade, le rappel, le sauvetage et le travail en haute altitude, durable et r\u00e9sistante \u00e0 l'usure.<\/p>","protected":false},"featured_media":6050,"template":"","meta":{"_acf_changed":false},"product_brand":[],"product_cat":[133],"product_tag":[213],"class_list":{"0":"post-6043","1":"product","2":"type-product","3":"status-publish","4":"has-post-thumbnail","6":"product_cat-rope-gen2","7":"product_tag-static-rope","9":"first","10":"instock","11":"shipping-taxable","12":"product-type-variable"},"acf":[],"_links":{"self":[{"href":"https:\/\/xindasafety.com\/fr\/wp-json\/wp\/v2\/product\/6043","targetHints":{"allow":["GET"]}}],"collection":[{"href":"https:\/\/xindasafety.com\/fr\/wp-json\/wp\/v2\/product"}],"about":[{"href":"https:\/\/xindasafety.com\/fr\/wp-json\/wp\/v2\/types\/product"}],"version-history":[{"count":2,"href":"https:\/\/xindasafety.com\/fr\/wp-json\/wp\/v2\/product\/6043\/revisions"}],"predecessor-version":[{"id":6769,"href":"https:\/\/xindasafety.com\/fr\/wp-json\/wp\/v2\/product\/6043\/revisions\/6769"}],"wp:featuredmedia":[{"embeddable":true,"href":"https:\/\/xindasafety.com\/fr\/wp-json\/wp\/v2\/media\/6050"}],"wp:attachment":[{"href":"https:\/\/xindasafety.com\/fr\/wp-json\/wp\/v2\/media?parent=6043"}],"wp:term":[{"taxonomy":"product_brand","embeddable":true,"href":"https:\/\/xindasafety.com\/fr\/wp-json\/wp\/v2\/product_brand?post=6043"},{"taxonomy":"product_cat","embeddable":true,"href":"https:\/\/xindasafety.com\/fr\/wp-json\/wp\/v2\/product_cat?post=6043"},{"taxonomy":"product_tag","embeddable":true,"href":"https:\/\/xindasafety.com\/fr\/wp-json\/wp\/v2\/product_tag?post=6043"}],"curies":[{"name":"wp","href":"https:\/\/api.w.org\/{rel}","templated":true}]}}