{"id":6012,"date":"2025-10-04T02:53:34","date_gmt":"2025-10-04T02:53:34","guid":{"rendered":"https:\/\/xindasafety.com\/?post_type=product&#038;p=6012"},"modified":"2026-01-18T08:50:00","modified_gmt":"2026-01-18T08:50:00","slug":"gants-demi-doigts","status":"publish","type":"product","link":"https:\/\/xindasafety.com\/fr\/product\/half-finger-gloves\/","title":{"rendered":"HST04"},"content":{"rendered":"<p><strong data-start=\"23\" data-end=\"33\">Marque :<\/strong> XINDA<br data-start=\"39\" data-end=\"42\" \/><strong data-start=\"42\" data-end=\"56\">Num\u00e9ro de mod\u00e8le :<\/strong> H-ST04<br data-start=\"63\" data-end=\"66\" \/><strong data-start=\"66\" data-end=\"83\">Nom du produit :<\/strong> Gants multifonctionnels \u00e0 demi-doigts<br data-start=\"118\" data-end=\"121\" \/><strong data-start=\"121\" data-end=\"134\" data-is-only-node=\"\">Mat\u00e9riau :<\/strong> Lycra + cuir synth\u00e9tique + peau de ch\u00e8vre<br data-start=\"171\" data-end=\"174\" \/><strong data-start=\"174\" data-end=\"187\">Standard :<\/strong> EN 388-2003<br data-start=\"199\" data-end=\"202\" \/><strong data-start=\"202\" data-end=\"211\">Taille :<\/strong> S \/ M \/ L \/ XL<br data-start=\"226\" data-end=\"229\" \/><strong data-start=\"229\" data-end=\"244\">Poids net :<\/strong> 52 g \/ 53 g \/ 56 g \/ 60 g<\/p>\n<h3 data-start=\"277\" data-end=\"297\"><strong data-start=\"281\" data-end=\"297\">Guide des tailles<\/strong><\/h3>\n<p data-start=\"299\" data-end=\"636\">Pour vous aider \u00e0 choisir la bonne taille, veuillez vous r\u00e9f\u00e9rer au tableau des tailles ci-dessous. S'il n'est pas pratique de prendre des mesures, vous pouvez utiliser une carte bancaire comme r\u00e9f\u00e9rence - une carte bancaire standard mesure environ 8,5 cm de large. Par exemple, si la largeur de votre paume est d'environ 8,5 cm, la taille <strong data-start=\"551\" data-end=\"556\">M<\/strong> s'adapte g\u00e9n\u00e9ralement bien. (A titre de r\u00e9f\u00e9rence uniquement, le confort individuel pouvant varier).<\/p>\n<div class=\"_tableContainer_1rjym_1\">\n<div class=\"group _tableWrapper_1rjym_13 flex w-fit flex-col-reverse\" tabindex=\"-1\">\n<table class=\"w-fit min-w-(--thread-content-width)\" data-start=\"638\" data-end=\"1195\">\n<thead data-start=\"638\" data-end=\"731\">\n<tr data-start=\"638\" data-end=\"731\">\n<th data-start=\"638\" data-end=\"655\" data-col-size=\"sm\">Taille sugg\u00e9r\u00e9e<\/th>\n<th data-start=\"655\" data-end=\"679\" data-col-size=\"sm\">Largeur de la paume (personnel)<\/th>\n<th data-start=\"679\" data-end=\"698\" data-col-size=\"sm\">Largeur de la paume du gant<\/th>\n<th data-start=\"698\" data-end=\"713\" data-col-size=\"sm\">Longueur du gant<\/th>\n<th data-start=\"713\" data-end=\"731\" data-col-size=\"sm\">Mat\u00e9riau du gant<\/th>\n<\/tr>\n<\/thead>\n<tbody data-start=\"827\" data-end=\"1195\">\n<tr data-start=\"827\" data-end=\"919\">\n<td data-start=\"827\" data-end=\"843\" data-col-size=\"sm\">S<\/td>\n<td data-start=\"843\" data-end=\"869\" data-col-size=\"sm\">7-8 cm<\/td>\n<td data-start=\"869\" data-end=\"887\" data-col-size=\"sm\">9 cm<\/td>\n<td data-start=\"887\" data-end=\"901\" data-col-size=\"sm\">18 cm<\/td>\n<td data-start=\"901\" data-end=\"919\" data-col-size=\"sm\">Peau de ch\u00e8vre<\/td>\n<\/tr>\n<tr data-start=\"920\" data-end=\"1011\">\n<td data-start=\"920\" data-end=\"936\" data-col-size=\"sm\">M<\/td>\n<td data-start=\"936\" data-end=\"961\" data-col-size=\"sm\">8,5-9 cm<\/td>\n<td data-start=\"961\" data-end=\"979\" data-col-size=\"sm\">9,5 cm<\/td>\n<td data-start=\"979\" data-end=\"993\" data-col-size=\"sm\">18,5 cm<\/td>\n<td data-start=\"993\" data-end=\"1011\" data-col-size=\"sm\">Peau de ch\u00e8vre<\/td>\n<\/tr>\n<tr data-start=\"1012\" data-end=\"1103\">\n<td data-start=\"1012\" data-end=\"1028\" data-col-size=\"sm\">L<\/td>\n<td data-start=\"1028\" data-end=\"1053\" data-col-size=\"sm\">9,5-10 cm<\/td>\n<td data-start=\"1053\" data-end=\"1071\" data-col-size=\"sm\">10,5 cm<\/td>\n<td data-start=\"1071\" data-end=\"1085\" data-col-size=\"sm\">19 cm<\/td>\n<td data-start=\"1085\" data-end=\"1103\" data-col-size=\"sm\">Peau de ch\u00e8vre<\/td>\n<\/tr>\n<tr data-start=\"1104\" data-end=\"1195\">\n<td data-start=\"1104\" data-end=\"1120\" data-col-size=\"sm\">XL<\/td>\n<td data-start=\"1120\" data-end=\"1145\" data-col-size=\"sm\">10,5-11 cm<\/td>\n<td data-start=\"1145\" data-end=\"1163\" data-col-size=\"sm\">11 cm<\/td>\n<td data-start=\"1163\" data-end=\"1177\" data-col-size=\"sm\">19,5 cm<\/td>\n<td data-start=\"1177\" data-end=\"1195\" data-col-size=\"sm\">Peau de ch\u00e8vre<\/td>\n<\/tr>\n<\/tbody>\n<\/table>\n<\/div>\n<\/div>","protected":false},"excerpt":{"rendered":"<p>Gants tactiques \u00e0 demi-doigts pour hommes - Gants d'escalade, de cyclisme, de protection au travail, de fitness et d'entra\u00eenement pour l'ext\u00e9rieur, l\u00e9gers et respirants pour l'\u00e9t\u00e9<\/p>","protected":false},"featured_media":6014,"template":"","meta":{"_acf_changed":false},"product_brand":[],"product_cat":[112],"product_tag":[82],"class_list":{"0":"post-6012","1":"product","2":"type-product","3":"status-publish","4":"has-post-thumbnail","6":"product_cat-glove-gen2","7":"product_tag-gloves","9":"first","10":"instock","11":"shipping-taxable","12":"product-type-variable"},"acf":[],"_links":{"self":[{"href":"https:\/\/xindasafety.com\/fr\/wp-json\/wp\/v2\/product\/6012","targetHints":{"allow":["GET"]}}],"collection":[{"href":"https:\/\/xindasafety.com\/fr\/wp-json\/wp\/v2\/product"}],"about":[{"href":"https:\/\/xindasafety.com\/fr\/wp-json\/wp\/v2\/types\/product"}],"version-history":[{"count":2,"href":"https:\/\/xindasafety.com\/fr\/wp-json\/wp\/v2\/product\/6012\/revisions"}],"predecessor-version":[{"id":6774,"href":"https:\/\/xindasafety.com\/fr\/wp-json\/wp\/v2\/product\/6012\/revisions\/6774"}],"wp:featuredmedia":[{"embeddable":true,"href":"https:\/\/xindasafety.com\/fr\/wp-json\/wp\/v2\/media\/6014"}],"wp:attachment":[{"href":"https:\/\/xindasafety.com\/fr\/wp-json\/wp\/v2\/media?parent=6012"}],"wp:term":[{"taxonomy":"product_brand","embeddable":true,"href":"https:\/\/xindasafety.com\/fr\/wp-json\/wp\/v2\/product_brand?post=6012"},{"taxonomy":"product_cat","embeddable":true,"href":"https:\/\/xindasafety.com\/fr\/wp-json\/wp\/v2\/product_cat?post=6012"},{"taxonomy":"product_tag","embeddable":true,"href":"https:\/\/xindasafety.com\/fr\/wp-json\/wp\/v2\/product_tag?post=6012"}],"curies":[{"name":"wp","href":"https:\/\/api.w.org\/{rel}","templated":true}]}}