{"id":5790,"date":"2025-10-02T08:41:58","date_gmt":"2025-10-02T08:41:58","guid":{"rendered":"https:\/\/xindasafety.com\/?post_type=product&#038;p=5790"},"modified":"2026-04-21T01:42:34","modified_gmt":"2026-04-21T01:42:34","slug":"grande-poulie-double-2","status":"publish","type":"product","link":"https:\/\/xindasafety.com\/fr\/product\/large-double-pulley-2\/","title":{"rendered":"HPU01"},"content":{"rendered":"<p><strong data-start=\"100\" data-end=\"110\">Marque :<\/strong> Xinda<br data-start=\"116\" data-end=\"119\" \/><strong data-start=\"119\" data-end=\"133\">Num\u00e9ro de mod\u00e8le :<\/strong> H-PU01<br data-start=\"140\" data-end=\"143\" \/><strong data-start=\"143\" data-end=\"160\">Nom du produit :<\/strong> Poulie double<br data-start=\"174\" data-end=\"177\" data-is-only-node=\"\" \/><strong data-start=\"177\" data-end=\"190\">Mat\u00e9riau :<\/strong> Alliage d'aluminium \u00e0 haute r\u00e9sistance \/ acier<br data-start=\"227\" data-end=\"230\" \/><strong data-start=\"230\" data-end=\"241\">Poids :<\/strong> 402g<br data-start=\"246\" data-end=\"249\" \/><strong data-start=\"249\" data-end=\"267\">Diam\u00e8tre de la corde :<\/strong> 5-15mm<br data-start=\"274\" data-end=\"277\" \/><strong data-start=\"277\" data-end=\"299\">R\u00e9sistance \u00e0 la rupture :<\/strong> 34kN<br data-start=\"304\" data-end=\"307\" \/><strong data-start=\"307\" data-end=\"324\">Charge de travail :<\/strong> 8kN<br data-start=\"328\" data-end=\"331\" \/><strong data-start=\"331\" data-end=\"351\">Diam\u00e8tre de la poulie :<\/strong> 5.5cm<br data-start=\"357\" data-end=\"360\" \/><strong data-start=\"360\" data-end=\"375\">Efficacit\u00e9 :<\/strong> 0.92<br data-start=\"380\" data-end=\"383\" \/><strong data-start=\"383\" data-end=\"400\">Type de roulement :<\/strong> Roulement \u00e0 billes<br data-start=\"413\" data-end=\"416\" \/><strong data-start=\"416\" data-end=\"434\">Certification :<\/strong> CE 1019 EN 12278<br data-start=\"451\" data-end=\"454\" \/><strong data-start=\"454\" data-end=\"465\">Origine :<\/strong> Chine<br data-start=\"471\" data-end=\"474\" \/><strong data-start=\"474\" data-end=\"490\">Application :<\/strong> Alpinisme, escalade, sauvetage, travaux en haute altitude, tyrolienne, halage, transport, descente en rappel<\/p>","protected":false},"excerpt":{"rendered":"<p>Xinda Hua Series Heavy-Duty Double Pulley - Poulie de t\u00e9l\u00e9ph\u00e9rique pour l'escalade, la tyrolienne et le sauvetage<\/p>","protected":false},"featured_media":5791,"template":"","meta":{"_acf_changed":false},"product_brand":[],"product_cat":[127],"product_tag":[260],"class_list":{"0":"post-5790","1":"product","2":"type-product","3":"status-publish","4":"has-post-thumbnail","6":"product_cat-pulley-gen2","7":"product_tag-double-pulley","9":"first","10":"instock","11":"shipping-taxable","12":"product-type-variable"},"acf":[],"_links":{"self":[{"href":"https:\/\/xindasafety.com\/fr\/wp-json\/wp\/v2\/product\/5790","targetHints":{"allow":["GET"]}}],"collection":[{"href":"https:\/\/xindasafety.com\/fr\/wp-json\/wp\/v2\/product"}],"about":[{"href":"https:\/\/xindasafety.com\/fr\/wp-json\/wp\/v2\/types\/product"}],"version-history":[{"count":3,"href":"https:\/\/xindasafety.com\/fr\/wp-json\/wp\/v2\/product\/5790\/revisions"}],"predecessor-version":[{"id":7237,"href":"https:\/\/xindasafety.com\/fr\/wp-json\/wp\/v2\/product\/5790\/revisions\/7237"}],"wp:featuredmedia":[{"embeddable":true,"href":"https:\/\/xindasafety.com\/fr\/wp-json\/wp\/v2\/media\/5791"}],"wp:attachment":[{"href":"https:\/\/xindasafety.com\/fr\/wp-json\/wp\/v2\/media?parent=5790"}],"wp:term":[{"taxonomy":"product_brand","embeddable":true,"href":"https:\/\/xindasafety.com\/fr\/wp-json\/wp\/v2\/product_brand?post=5790"},{"taxonomy":"product_cat","embeddable":true,"href":"https:\/\/xindasafety.com\/fr\/wp-json\/wp\/v2\/product_cat?post=5790"},{"taxonomy":"product_tag","embeddable":true,"href":"https:\/\/xindasafety.com\/fr\/wp-json\/wp\/v2\/product_tag?post=5790"}],"curies":[{"name":"wp","href":"https:\/\/api.w.org\/{rel}","templated":true}]}}