{"id":5758,"date":"2025-10-02T08:29:26","date_gmt":"2025-10-02T08:29:26","guid":{"rendered":"https:\/\/xindasafety.com\/?post_type=product&#038;p=5758"},"modified":"2026-01-18T08:54:04","modified_gmt":"2026-01-18T08:54:04","slug":"poulie-pivotante-2","status":"publish","type":"product","link":"https:\/\/xindasafety.com\/fr\/product\/swivel-pulley-2\/","title":{"rendered":"H8631RH"},"content":{"rendered":"<p>Marque:Xinda<br data-start=\"47\" data-end=\"50\" \/>Num\u00e9ro de mod\u00e8le:H-8631RHS<br data-start=\"69\" data-end=\"72\" \/>Nom du produit : Poulie pivotante<br data-start=\"98\" data-end=\"101\" \/>Mat\u00e9riau : alliage d'aluminium \u00e0 haute r\u00e9sistance, acier<br data-start=\"144\" data-end=\"147\" \/>R\u00e9sistance \u00e0 la rupture : 36kN<br data-start=\"169\" data-end=\"172\" \/>Charge de travail : 12kN<br data-start=\"189\" data-end=\"192\" \/>Poids : 450g<br data-start=\"203\" data-end=\"206\" \/>Diam\u00e8tre de la roue : 4cm<br data-start=\"224\" data-end=\"227\" \/>Couleur:Rouge-Noir<br data-start=\"242\" data-end=\"245\" \/>Diam\u00e8tre de corde applicable : 7-13mm<br data-start=\"276\" data-end=\"279\" \/>Type de roulement:Roulement \u00e0 billes<br data-start=\"304\" data-end=\"307\" \/>Norme : XF494-2023<br data-start=\"326\" data-end=\"329\" \/>Application:Alpinisme,sauvetage,travail en haute altitude,cascades cin\u00e9matographiques,acrobaties a\u00e9riennes<\/p>","protected":false},"excerpt":{"rendered":"<p>XINDA Hua Series Swivel Double Pulley, Universal Joint Rotating Ring Pulley with Side Plates, Anti-Twist Rope Pulley for Mountaineering and Climbing Equipment<\/p>","protected":false},"featured_media":5759,"template":"","meta":{"_acf_changed":false},"product_brand":[],"product_cat":[127],"product_tag":[267],"class_list":{"0":"post-5758","1":"product","2":"type-product","3":"status-publish","4":"has-post-thumbnail","6":"product_cat-pulley-gen2","7":"product_tag-swivel-pulley","9":"first","10":"instock","11":"shipping-taxable","12":"product-type-variable"},"acf":[],"_links":{"self":[{"href":"https:\/\/xindasafety.com\/fr\/wp-json\/wp\/v2\/product\/5758","targetHints":{"allow":["GET"]}}],"collection":[{"href":"https:\/\/xindasafety.com\/fr\/wp-json\/wp\/v2\/product"}],"about":[{"href":"https:\/\/xindasafety.com\/fr\/wp-json\/wp\/v2\/types\/product"}],"version-history":[{"count":3,"href":"https:\/\/xindasafety.com\/fr\/wp-json\/wp\/v2\/product\/5758\/revisions"}],"predecessor-version":[{"id":6782,"href":"https:\/\/xindasafety.com\/fr\/wp-json\/wp\/v2\/product\/5758\/revisions\/6782"}],"wp:featuredmedia":[{"embeddable":true,"href":"https:\/\/xindasafety.com\/fr\/wp-json\/wp\/v2\/media\/5759"}],"wp:attachment":[{"href":"https:\/\/xindasafety.com\/fr\/wp-json\/wp\/v2\/media?parent=5758"}],"wp:term":[{"taxonomy":"product_brand","embeddable":true,"href":"https:\/\/xindasafety.com\/fr\/wp-json\/wp\/v2\/product_brand?post=5758"},{"taxonomy":"product_cat","embeddable":true,"href":"https:\/\/xindasafety.com\/fr\/wp-json\/wp\/v2\/product_cat?post=5758"},{"taxonomy":"product_tag","embeddable":true,"href":"https:\/\/xindasafety.com\/fr\/wp-json\/wp\/v2\/product_tag?post=5758"}],"curies":[{"name":"wp","href":"https:\/\/api.w.org\/{rel}","templated":true}]}}