{"id":5700,"date":"2025-10-02T07:54:47","date_gmt":"2025-10-02T07:54:47","guid":{"rendered":"https:\/\/xindasafety.com\/?post_type=product&#038;p=5700"},"modified":"2026-04-21T01:52:23","modified_gmt":"2026-04-21T01:52:23","slug":"harnais-de-securite-demi-corps","status":"publish","type":"product","link":"https:\/\/xindasafety.com\/fr\/product\/half-body-safety-harness\/","title":{"rendered":"HA9530"},"content":{"rendered":"<p>Marque:Xinda<br data-start=\"51\" data-end=\"54\" data-is-only-node=\"\" \/>Num\u00e9ro de mod\u00e8le:H-A9530<br data-start=\"71\" data-end=\"74\" \/>Nom du produit : Harnais de s\u00e9curit\u00e9 \u00e0 mi-corps<br data-start=\"111\" data-end=\"114\" \/>Couleur:Jaune,Bleu,Rose<br data-start=\"136\" data-end=\"139\" \/>Taille:S\/M\/L<br data-start=\"149\" data-end=\"152\" \/>Style:Adultes,Enfants<br data-start=\"172\" data-end=\"175\" \/>Application : alpinisme, escalade, sauvetage par les pompiers, travail en haute altitude, protection de l'ing\u00e9nierie.<\/p>\n<p data-start=\"31\" data-end=\"72\"><strong data-start=\"31\" data-end=\"70\">Tableau des tailles de harnais de s\u00e9curit\u00e9 demi-corps<\/strong><\/p>\n<div class=\"_tableContainer_1rjym_1\">\n<div class=\"group _tableWrapper_1rjym_13 flex w-fit flex-col-reverse\" tabindex=\"-1\">\n<table class=\"w-fit min-w-(--thread-content-width)\" data-start=\"74\" data-end=\"449\">\n<thead data-start=\"74\" data-end=\"148\">\n<tr data-start=\"74\" data-end=\"148\">\n<th data-start=\"74\" data-end=\"89\" data-col-size=\"sm\">Version<\/th>\n<th data-start=\"89\" data-end=\"96\" data-col-size=\"sm\">Taille<\/th>\n<th data-start=\"96\" data-end=\"105\" data-col-size=\"sm\">Poids<\/th>\n<th data-start=\"105\" data-end=\"127\" data-col-size=\"sm\">Tour de taille<\/th>\n<th data-start=\"127\" data-end=\"148\" data-col-size=\"sm\">Tour de jambe<\/th>\n<\/tr>\n<\/thead>\n<tbody data-start=\"225\" data-end=\"449\">\n<tr data-start=\"225\" data-end=\"299\">\n<td data-start=\"225\" data-end=\"240\" data-col-size=\"sm\">Les enfants<\/td>\n<td data-start=\"240\" data-end=\"247\" data-col-size=\"sm\">S<\/td>\n<td data-start=\"247\" data-end=\"256\" data-col-size=\"sm\">265g<\/td>\n<td data-start=\"256\" data-end=\"278\" data-col-size=\"sm\">65-75cm<\/td>\n<td data-start=\"278\" data-end=\"299\" data-col-size=\"sm\">41-48cm<\/td>\n<\/tr>\n<tr data-start=\"300\" data-end=\"374\">\n<td data-start=\"300\" data-end=\"315\" data-col-size=\"sm\">Les femmes<\/td>\n<td data-start=\"315\" data-end=\"322\" data-col-size=\"sm\">M<\/td>\n<td data-start=\"322\" data-end=\"331\" data-col-size=\"sm\">458g<\/td>\n<td data-start=\"331\" data-end=\"353\" data-col-size=\"sm\">79-91cm<\/td>\n<td data-start=\"353\" data-end=\"374\" data-col-size=\"sm\">50-63cm<\/td>\n<\/tr>\n<tr data-start=\"375\" data-end=\"449\">\n<td data-start=\"375\" data-end=\"390\" data-col-size=\"sm\">Les hommes<\/td>\n<td data-start=\"390\" data-end=\"397\" data-col-size=\"sm\">L<\/td>\n<td data-start=\"397\" data-end=\"406\" data-col-size=\"sm\">516g<\/td>\n<td data-start=\"406\" data-end=\"428\" data-col-size=\"sm\">90-115cm<\/td>\n<td data-start=\"428\" data-end=\"449\" data-col-size=\"sm\">57-65cm<\/td>\n<\/tr>\n<\/tbody>\n<\/table>\n<\/div>\n<\/div>","protected":false},"excerpt":{"rendered":"<article class=\"text-token-text-primary w-full focus:outline-none scroll-mt-[calc(var(--header-height)+min(200px,max(70px,20svh)))]\" dir=\"auto\" tabindex=\"-1\" data-turn-id=\"request-WEB:c61b7cf4-f3f1-493a-95ab-1fd795a4031e-72\" data-testid=\"conversation-turn-146\" data-scroll-anchor=\"true\" data-turn=\"assistant\">\n<div class=\"text-base my-auto mx-auto pb-10 [--thread-content-margin:--spacing(4)] thread-sm:[--thread-content-margin:--spacing(6)] thread-lg:[--thread-content-margin:--spacing(16)] px-(--thread-content-margin)\">\n<div class=\"[--thread-content-max-width:40rem] thread-lg:[--thread-content-max-width:48rem] mx-auto max-w-(--thread-content-max-width) flex-1 group\/turn-messages focus-visible:outline-hidden relative flex w-full min-w-0 flex-col agent-turn\" tabindex=\"-1\">\n<div class=\"flex max-w-full flex-col grow\">\n<div class=\"min-h-8 text-message relative flex w-full flex-col items-end gap-2 text-start break-words whitespace-normal [.text-message+&amp;]:mt-5\" dir=\"auto\" data-message-author-role=\"assistant\" data-message-id=\"f73d226e-56a8-4d88-bda2-e565f5fcacc2\" data-message-model-slug=\"gpt-5\">\n<div class=\"flex w-full flex-col gap-1 empty:hidden first:pt-[1px]\">\n<div class=\"markdown prose dark:prose-invert w-full break-words light markdown-new-styling\">\n<p data-start=\"0\" data-end=\"152\" data-is-last-node=\"\" data-is-only-node=\"\">XINDA Hua Series Outdoor Mountaineering and Climbing Safety Harness, Half Body Fall Protection Harness for High-Altitude Work, Rappelling, and Ascending<\/p>\n<\/div>\n<\/div>\n<\/div>\n<\/div>\n<\/div>\n<\/div>\n<\/article>\n","protected":false},"featured_media":5704,"template":"","meta":{"_acf_changed":false},"product_brand":[],"product_cat":[115],"product_tag":[301],"class_list":{"0":"post-5700","1":"product","2":"type-product","3":"status-publish","4":"has-post-thumbnail","6":"product_cat-harness-gen2","7":"product_tag-half-body-safety-harness","9":"first","10":"instock","11":"shipping-taxable","12":"product-type-variable"},"acf":[],"_links":{"self":[{"href":"https:\/\/xindasafety.com\/fr\/wp-json\/wp\/v2\/product\/5700","targetHints":{"allow":["GET"]}}],"collection":[{"href":"https:\/\/xindasafety.com\/fr\/wp-json\/wp\/v2\/product"}],"about":[{"href":"https:\/\/xindasafety.com\/fr\/wp-json\/wp\/v2\/types\/product"}],"version-history":[{"count":3,"href":"https:\/\/xindasafety.com\/fr\/wp-json\/wp\/v2\/product\/5700\/revisions"}],"predecessor-version":[{"id":7249,"href":"https:\/\/xindasafety.com\/fr\/wp-json\/wp\/v2\/product\/5700\/revisions\/7249"}],"wp:featuredmedia":[{"embeddable":true,"href":"https:\/\/xindasafety.com\/fr\/wp-json\/wp\/v2\/media\/5704"}],"wp:attachment":[{"href":"https:\/\/xindasafety.com\/fr\/wp-json\/wp\/v2\/media?parent=5700"}],"wp:term":[{"taxonomy":"product_brand","embeddable":true,"href":"https:\/\/xindasafety.com\/fr\/wp-json\/wp\/v2\/product_brand?post=5700"},{"taxonomy":"product_cat","embeddable":true,"href":"https:\/\/xindasafety.com\/fr\/wp-json\/wp\/v2\/product_cat?post=5700"},{"taxonomy":"product_tag","embeddable":true,"href":"https:\/\/xindasafety.com\/fr\/wp-json\/wp\/v2\/product_tag?post=5700"}],"curies":[{"name":"wp","href":"https:\/\/api.w.org\/{rel}","templated":true}]}}