{"id":5689,"date":"2025-10-02T07:45:58","date_gmt":"2025-10-02T07:45:58","guid":{"rendered":"https:\/\/xindasafety.com\/?post_type=product&#038;p=5689"},"modified":"2026-01-18T09:06:00","modified_gmt":"2026-01-18T09:06:00","slug":"siege-de-travail-suspendu-2","status":"publish","type":"product","link":"https:\/\/xindasafety.com\/fr\/product\/suspension-work-seat-2\/","title":{"rendered":"HZB01"},"content":{"rendered":"<p>Marque:Xinda<br data-start=\"41\" data-end=\"44\" \/>Nom du produit : Si\u00e8ge de travail \u00e0 haute altitude<br data-start=\"86\" data-end=\"89\" \/>Taille:L:56\u00d755\u00d721cm \/ S:56\u00d755\u00d716cm<br data-start=\"121\" data-end=\"124\" \/>Mati\u00e8re : alliage d'aluminium, nylon<br data-start=\"153\" data-end=\"156\" \/>Couleur:Rouge-Noir<br data-start=\"171\" data-end=\"174\" \/>Poids:L:1667g \/ S:1200g<br data-start=\"198\" data-end=\"201\" \/>Application:Travail en altitude,Nettoyage de vitres,Installation de climatiseurs,Op\u00e9rations d'ing\u00e9nierie<br data-start=\"299\" data-end=\"302\" \/>\u26a0\ufe0fNote:Cet \u00e9quipement n'est pas class\u00e9 comme \u00e9quipement de protection individuelle et ne doit pas \u00eatre utilis\u00e9 pour la protection contre les chutes.<\/p>","protected":false},"excerpt":{"rendered":"<p>XINDA Hua Series High-Altitude Work Safety Harness Seat Board, Suspension Bosun Chair with Fall Protection for Outdoor Rope Access and Window Cleaning (Si\u00e8ge de s\u00e9curit\u00e9 pour le travail en haute altitude, chaise de Bosun suspendue avec protection contre les chutes pour l'acc\u00e8s par corde en ext\u00e9rieur et le nettoyage des fen\u00eatres)<\/p>","protected":false},"featured_media":5690,"template":"","meta":{"_acf_changed":false},"product_brand":[],"product_cat":[109],"product_tag":[300],"class_list":{"0":"post-5689","1":"product","2":"type-product","3":"status-publish","4":"has-post-thumbnail","6":"product_cat-full-arrestor-gen2","7":"product_tag-work-seat","9":"first","10":"instock","11":"shipping-taxable","12":"product-type-variable"},"acf":[],"_links":{"self":[{"href":"https:\/\/xindasafety.com\/fr\/wp-json\/wp\/v2\/product\/5689","targetHints":{"allow":["GET"]}}],"collection":[{"href":"https:\/\/xindasafety.com\/fr\/wp-json\/wp\/v2\/product"}],"about":[{"href":"https:\/\/xindasafety.com\/fr\/wp-json\/wp\/v2\/types\/product"}],"version-history":[{"count":2,"href":"https:\/\/xindasafety.com\/fr\/wp-json\/wp\/v2\/product\/5689\/revisions"}],"predecessor-version":[{"id":6818,"href":"https:\/\/xindasafety.com\/fr\/wp-json\/wp\/v2\/product\/5689\/revisions\/6818"}],"wp:featuredmedia":[{"embeddable":true,"href":"https:\/\/xindasafety.com\/fr\/wp-json\/wp\/v2\/media\/5690"}],"wp:attachment":[{"href":"https:\/\/xindasafety.com\/fr\/wp-json\/wp\/v2\/media?parent=5689"}],"wp:term":[{"taxonomy":"product_brand","embeddable":true,"href":"https:\/\/xindasafety.com\/fr\/wp-json\/wp\/v2\/product_brand?post=5689"},{"taxonomy":"product_cat","embeddable":true,"href":"https:\/\/xindasafety.com\/fr\/wp-json\/wp\/v2\/product_cat?post=5689"},{"taxonomy":"product_tag","embeddable":true,"href":"https:\/\/xindasafety.com\/fr\/wp-json\/wp\/v2\/product_tag?post=5689"}],"curies":[{"name":"wp","href":"https:\/\/api.w.org\/{rel}","templated":true}]}}