{"id":5579,"date":"2025-10-02T05:24:47","date_gmt":"2025-10-02T05:24:47","guid":{"rendered":"https:\/\/xindasafety.com\/?post_type=product&#038;p=5579"},"modified":"2026-01-18T08:58:35","modified_gmt":"2026-01-18T08:58:35","slug":"sac-de-rangement-pour-materiel","status":"publish","type":"product","link":"https:\/\/xindasafety.com\/fr\/product\/gear-storage-bag\/","title":{"rendered":"XDBAG28BH"},"content":{"rendered":"<p>Marque:Xinda<br data-start=\"42\" data-end=\"45\" \/>Num\u00e9ro de mod\u00e8le:XD-BAG28<br data-start=\"63\" data-end=\"66\" \/>Nom du produit : Sac de rangement pour mat\u00e9riel<br data-start=\"95\" data-end=\"98\" \/>Mati\u00e8re : Nylon, PVC<br data-start=\"116\" data-end=\"119\" \/>Couleur : Noir<br data-start=\"130\" data-end=\"133\" \/>Poids : 860g<br data-start=\"144\" data-end=\"147\" \/>Taille pli\u00e9e : 27\u00d740cm<br data-start=\"166\" data-end=\"169\" \/>Taille d\u00e9pli\u00e9e : 110\u00d740cm<br data-start=\"191\" data-end=\"194\" \/>Caract\u00e9ristiques : mat\u00e9riau en nylon durable r\u00e9sistant \u00e0 l'abrasion, rev\u00eatement imperm\u00e9able, plusieurs compartiments internes pour un rangement organis\u00e9.<\/p>","protected":false},"excerpt":{"rendered":"<article class=\"text-token-text-primary w-full focus:outline-none scroll-mt-[calc(var(--header-height)+min(200px,max(70px,20svh)))]\" dir=\"auto\" tabindex=\"-1\" data-turn-id=\"request-WEB:c61b7cf4-f3f1-493a-95ab-1fd795a4031e-42\" data-testid=\"conversation-turn-86\" data-scroll-anchor=\"true\" data-turn=\"assistant\">\n<div class=\"text-base my-auto mx-auto pb-10 [--thread-content-margin:--spacing(4)] thread-sm:[--thread-content-margin:--spacing(6)] thread-lg:[--thread-content-margin:--spacing(16)] px-(--thread-content-margin)\">\n<div class=\"[--thread-content-max-width:40rem] thread-lg:[--thread-content-max-width:48rem] mx-auto max-w-(--thread-content-max-width) flex-1 group\/turn-messages focus-visible:outline-hidden relative flex w-full min-w-0 flex-col agent-turn\" tabindex=\"-1\">\n<div class=\"flex max-w-full flex-col grow\">\n<div class=\"min-h-8 text-message relative flex w-full flex-col items-end gap-2 text-start break-words whitespace-normal [.text-message+&amp;]:mt-5\" dir=\"auto\" data-message-author-role=\"assistant\" data-message-id=\"38957672-717a-4987-a223-767736302c51\" data-message-model-slug=\"gpt-5\">\n<div class=\"flex w-full flex-col gap-1 empty:hidden first:pt-[1px]\">\n<div class=\"markdown prose dark:prose-invert w-full break-words light markdown-new-styling\">\n<p data-start=\"0\" data-end=\"159\" data-is-last-node=\"\" data-is-only-node=\"\">XINDA Climbing and Mountaineering Gear Storage Bag, Rappelling and Caving Equipment Organizer, Carabiner Storage Roll, Waterproof and Wear-Resistant Wrap Pouch<\/p>\n<\/div>\n<\/div>\n<\/div>\n<\/div>\n<\/div>\n<\/div>\n<\/article>\n","protected":false},"featured_media":5580,"template":"","meta":{"_acf_changed":false},"product_brand":[],"product_cat":[124],"product_tag":[297],"class_list":{"0":"post-5579","1":"product","2":"type-product","3":"status-publish","4":"has-post-thumbnail","6":"product_cat-packs-gen2","7":"product_tag-gear-storage-bag","9":"first","10":"instock","11":"shipping-taxable","12":"product-type-simple"},"acf":[],"_links":{"self":[{"href":"https:\/\/xindasafety.com\/fr\/wp-json\/wp\/v2\/product\/5579","targetHints":{"allow":["GET"]}}],"collection":[{"href":"https:\/\/xindasafety.com\/fr\/wp-json\/wp\/v2\/product"}],"about":[{"href":"https:\/\/xindasafety.com\/fr\/wp-json\/wp\/v2\/types\/product"}],"version-history":[{"count":2,"href":"https:\/\/xindasafety.com\/fr\/wp-json\/wp\/v2\/product\/5579\/revisions"}],"predecessor-version":[{"id":6812,"href":"https:\/\/xindasafety.com\/fr\/wp-json\/wp\/v2\/product\/5579\/revisions\/6812"}],"wp:featuredmedia":[{"embeddable":true,"href":"https:\/\/xindasafety.com\/fr\/wp-json\/wp\/v2\/media\/5580"}],"wp:attachment":[{"href":"https:\/\/xindasafety.com\/fr\/wp-json\/wp\/v2\/media?parent=5579"}],"wp:term":[{"taxonomy":"product_brand","embeddable":true,"href":"https:\/\/xindasafety.com\/fr\/wp-json\/wp\/v2\/product_brand?post=5579"},{"taxonomy":"product_cat","embeddable":true,"href":"https:\/\/xindasafety.com\/fr\/wp-json\/wp\/v2\/product_cat?post=5579"},{"taxonomy":"product_tag","embeddable":true,"href":"https:\/\/xindasafety.com\/fr\/wp-json\/wp\/v2\/product_tag?post=5579"}],"curies":[{"name":"wp","href":"https:\/\/api.w.org\/{rel}","templated":true}]}}