{"id":5285,"date":"2025-09-19T07:59:00","date_gmt":"2025-09-19T07:59:00","guid":{"rendered":"https:\/\/xindasafety.com\/?post_type=product&#038;p=5285"},"modified":"2026-01-18T09:16:24","modified_gmt":"2026-01-18T09:16:24","slug":"sac-a-outils-2","status":"publish","type":"product","link":"https:\/\/xindasafety.com\/fr\/product\/tool-bag-2\/","title":{"rendered":"XDBAG22"},"content":{"rendered":"<p data-start=\"0\" data-end=\"172\"><strong data-start=\"0\" data-end=\"17\">Nom du produit :<\/strong> Sac de taille \u00e0 outils<br data-start=\"32\" data-end=\"35\" data-is-only-node=\"\" \/><strong data-start=\"35\" data-end=\"45\">Marque :<\/strong> Xinda<br data-start=\"51\" data-end=\"54\" \/><strong data-start=\"54\" data-end=\"68\">Num\u00e9ro de mod\u00e8le :<\/strong> XD-BAG22<br data-start=\"77\" data-end=\"80\" \/><strong data-start=\"80\" data-end=\"93\">Mat\u00e9riau :<\/strong> Rev\u00eatement<br data-start=\"101\" data-end=\"104\" \/><strong data-start=\"104\" data-end=\"114\">Couleur :<\/strong> Jaune + Noir<br data-start=\"129\" data-end=\"132\" \/><strong data-start=\"132\" data-end=\"150\">Capacit\u00e9 de charge :<\/strong> 15 kg \/ 5 kg \/ 3 kg<\/p>\n<div class=\"_tableContainer_1rjym_1\">\n<div class=\"group _tableWrapper_1rjym_13 flex w-fit flex-col-reverse\" tabindex=\"-1\">\n<table class=\"w-fit min-w-(--thread-content-width)\" data-start=\"174\" data-end=\"360\" data-is-last-node=\"\" data-is-only-node=\"\">\n<thead data-start=\"174\" data-end=\"210\">\n<tr data-start=\"174\" data-end=\"210\">\n<th data-start=\"174\" data-end=\"181\" data-col-size=\"sm\">Taille<\/th>\n<th data-start=\"181\" data-end=\"200\" data-col-size=\"sm\">Dimensions (cm)<\/th>\n<th data-start=\"200\" data-end=\"210\" data-col-size=\"sm\">Poids<\/th>\n<\/tr>\n<\/thead>\n<tbody data-start=\"248\" data-end=\"360\" data-is-last-node=\"\">\n<tr data-start=\"248\" data-end=\"284\">\n<td data-start=\"248\" data-end=\"255\" data-col-size=\"sm\">L<\/td>\n<td data-start=\"255\" data-end=\"274\" data-col-size=\"sm\">21 \u00d7 10 \u00d7 29<\/td>\n<td data-start=\"274\" data-end=\"284\" data-col-size=\"sm\">290 g<\/td>\n<\/tr>\n<tr data-start=\"285\" data-end=\"321\">\n<td data-start=\"285\" data-end=\"292\" data-col-size=\"sm\">S<\/td>\n<td data-start=\"292\" data-end=\"311\" data-col-size=\"sm\">21 \u00d7 12 \u00d7 17<\/td>\n<td data-start=\"311\" data-end=\"321\" data-col-size=\"sm\">170 g<\/td>\n<\/tr>\n<tr data-start=\"322\" data-end=\"360\" data-is-last-node=\"\">\n<td data-start=\"322\" data-end=\"329\" data-col-size=\"sm\">XS<\/td>\n<td data-start=\"329\" data-end=\"348\" data-col-size=\"sm\">15 \u00d7 8 \u00d7 14<\/td>\n<td data-start=\"348\" data-end=\"360\" data-is-last-node=\"\" data-col-size=\"sm\">105 g<\/td>\n<\/tr>\n<\/tbody>\n<\/table>\n<\/div>\n<\/div>","protected":false},"excerpt":{"rendered":"<p>Xinda Outdoor Climbing and Mountaineering High-Altitude Work Tool Bag - Sac de taille \u00e9tanche et durable pour les cordes, l'\u00e9quipement, l'escalade des arbres et les travaux \u00e9lectriques<\/p>","protected":false},"featured_media":5286,"template":"","meta":{"_acf_changed":false},"product_brand":[],"product_cat":[124],"product_tag":[162],"class_list":{"0":"post-5285","1":"product","2":"type-product","3":"status-publish","4":"has-post-thumbnail","6":"product_cat-packs-gen2","7":"product_tag-tool-bag","9":"first","10":"instock","11":"shipping-taxable","12":"product-type-variable"},"acf":[],"_links":{"self":[{"href":"https:\/\/xindasafety.com\/fr\/wp-json\/wp\/v2\/product\/5285","targetHints":{"allow":["GET"]}}],"collection":[{"href":"https:\/\/xindasafety.com\/fr\/wp-json\/wp\/v2\/product"}],"about":[{"href":"https:\/\/xindasafety.com\/fr\/wp-json\/wp\/v2\/types\/product"}],"version-history":[{"count":2,"href":"https:\/\/xindasafety.com\/fr\/wp-json\/wp\/v2\/product\/5285\/revisions"}],"predecessor-version":[{"id":6834,"href":"https:\/\/xindasafety.com\/fr\/wp-json\/wp\/v2\/product\/5285\/revisions\/6834"}],"wp:featuredmedia":[{"embeddable":true,"href":"https:\/\/xindasafety.com\/fr\/wp-json\/wp\/v2\/media\/5286"}],"wp:attachment":[{"href":"https:\/\/xindasafety.com\/fr\/wp-json\/wp\/v2\/media?parent=5285"}],"wp:term":[{"taxonomy":"product_brand","embeddable":true,"href":"https:\/\/xindasafety.com\/fr\/wp-json\/wp\/v2\/product_brand?post=5285"},{"taxonomy":"product_cat","embeddable":true,"href":"https:\/\/xindasafety.com\/fr\/wp-json\/wp\/v2\/product_cat?post=5285"},{"taxonomy":"product_tag","embeddable":true,"href":"https:\/\/xindasafety.com\/fr\/wp-json\/wp\/v2\/product_tag?post=5285"}],"curies":[{"name":"wp","href":"https:\/\/api.w.org\/{rel}","templated":true}]}}