{"id":5183,"date":"2025-09-19T07:12:59","date_gmt":"2025-09-19T07:12:59","guid":{"rendered":"https:\/\/xindasafety.com\/?post_type=product&#038;p=5183"},"modified":"2026-01-18T09:21:10","modified_gmt":"2026-01-18T09:21:10","slug":"dispositif-de-reglage-de-la-longe","status":"publish","type":"product","link":"https:\/\/xindasafety.com\/fr\/product\/lanyard-adjuster\/","title":{"rendered":"HQ9730"},"content":{"rendered":"<p><strong data-start=\"0\" data-end=\"17\" data-is-only-node=\"\">Nom du produit :<\/strong> Dispositif de r\u00e9glage de la longe<br data-start=\"34\" data-end=\"37\" \/><strong data-start=\"37\" data-end=\"47\">Marque :<\/strong> Xinda<br data-start=\"53\" data-end=\"56\" \/><strong data-start=\"56\" data-end=\"70\">Num\u00e9ro de mod\u00e8le :<\/strong> H-Q9730<br data-start=\"78\" data-end=\"81\" \/><strong data-start=\"81\" data-end=\"99\">Sp\u00e9cification :<\/strong> Voir l'image ci-dessous<br data-start=\"115\" data-end=\"118\" \/><strong data-start=\"118\" data-end=\"131\">Mat\u00e9riau :<\/strong> Alliage d'aluminium haute r\u00e9sistance \/ Nylon 66<br data-start=\"171\" data-end=\"174\" \/><strong data-start=\"174\" data-end=\"196\">R\u00e9sistance \u00e0 la rupture :<\/strong> Corde - 25kN (environ 2500 kgf)<br data-start=\"233\" data-end=\"236\" \/><strong data-start=\"236\" data-end=\"247\">Origine :<\/strong> Chine<br data-start=\"253\" data-end=\"256\" \/><strong data-start=\"256\" data-end=\"278\">Champ d'application :<\/strong> Alpinisme, escalade, descente en rappel, travail en haute altitude, etc.<\/p>","protected":false},"excerpt":{"rendered":"<p>Dispositif de r\u00e9glage de la longe - Ancrage r\u00e9glable pour l'alpinisme, l'escalade, le rappel, l'ascension, la descente et la protection de la s\u00e9curit\u00e9.<\/p>","protected":false},"featured_media":5205,"template":"","meta":{"_acf_changed":false},"product_brand":[],"product_cat":[68],"product_tag":[278],"class_list":{"0":"post-5183","1":"product","2":"type-product","3":"status-publish","4":"has-post-thumbnail","6":"product_cat-auxiliary-tools","7":"product_tag-lanyard-adjuster","9":"first","10":"instock","11":"shipping-taxable","12":"product-type-variable"},"acf":[],"_links":{"self":[{"href":"https:\/\/xindasafety.com\/fr\/wp-json\/wp\/v2\/product\/5183","targetHints":{"allow":["GET"]}}],"collection":[{"href":"https:\/\/xindasafety.com\/fr\/wp-json\/wp\/v2\/product"}],"about":[{"href":"https:\/\/xindasafety.com\/fr\/wp-json\/wp\/v2\/types\/product"}],"version-history":[{"count":2,"href":"https:\/\/xindasafety.com\/fr\/wp-json\/wp\/v2\/product\/5183\/revisions"}],"predecessor-version":[{"id":6840,"href":"https:\/\/xindasafety.com\/fr\/wp-json\/wp\/v2\/product\/5183\/revisions\/6840"}],"wp:featuredmedia":[{"embeddable":true,"href":"https:\/\/xindasafety.com\/fr\/wp-json\/wp\/v2\/media\/5205"}],"wp:attachment":[{"href":"https:\/\/xindasafety.com\/fr\/wp-json\/wp\/v2\/media?parent=5183"}],"wp:term":[{"taxonomy":"product_brand","embeddable":true,"href":"https:\/\/xindasafety.com\/fr\/wp-json\/wp\/v2\/product_brand?post=5183"},{"taxonomy":"product_cat","embeddable":true,"href":"https:\/\/xindasafety.com\/fr\/wp-json\/wp\/v2\/product_cat?post=5183"},{"taxonomy":"product_tag","embeddable":true,"href":"https:\/\/xindasafety.com\/fr\/wp-json\/wp\/v2\/product_tag?post=5183"}],"curies":[{"name":"wp","href":"https:\/\/api.w.org\/{rel}","templated":true}]}}