{"id":5167,"date":"2025-09-19T07:05:04","date_gmt":"2025-09-19T07:05:04","guid":{"rendered":"https:\/\/xindasafety.com\/?post_type=product&#038;p=5167"},"modified":"2026-04-21T02:00:29","modified_gmt":"2026-04-21T02:00:29","slug":"bretelles-de-la-serie-hua","status":"publish","type":"product","link":"https:\/\/xindasafety.com\/fr\/product\/hua-series-shoulder-straps\/","title":{"rendered":"HBD04"},"content":{"rendered":"<p><strong data-start=\"0\" data-end=\"17\" data-is-only-node=\"\">Nom du produit :<\/strong> Bretelles de deuxi\u00e8me g\u00e9n\u00e9ration<br data-start=\"51\" data-end=\"54\" \/><strong data-start=\"54\" data-end=\"64\">Marque :<\/strong> Xinda<br data-start=\"70\" data-end=\"73\" \/><strong data-start=\"73\" data-end=\"87\">Num\u00e9ro de mod\u00e8le :<\/strong> XD-HBD04<br data-start=\"96\" data-end=\"99\" \/><strong data-start=\"99\" data-end=\"119\">Taille de la ceinture :<\/strong> 50 cm - 120 cm<br data-start=\"134\" data-end=\"137\" \/><strong data-start=\"137\" data-end=\"150\">Mat\u00e9riau :<\/strong> Mat\u00e9riau du rev\u00eatement<br data-start=\"167\" data-end=\"170\" \/><strong data-start=\"170\" data-end=\"181\">Poids :<\/strong> 235 g<br data-start=\"187\" data-end=\"190\" \/><strong data-start=\"190\" data-end=\"212\">Champ d'application :<\/strong> Escalade en ext\u00e9rieur, alpinisme, descente en rappel, formation \u00e0 l'expansion, sauvetage, etc.<\/p>","protected":false},"excerpt":{"rendered":"<article class=\"text-token-text-primary w-full focus:outline-none scroll-mt-[calc(var(--header-height)+min(200px,max(70px,20svh)))]\" dir=\"auto\" tabindex=\"-1\" data-turn-id=\"request-WEB:16a98dc5-262d-46cc-b855-909969106096-49\" data-testid=\"conversation-turn-100\" data-scroll-anchor=\"true\" data-turn=\"assistant\">\n<div class=\"text-base my-auto mx-auto pb-10 [--thread-content-margin:--spacing(4)] thread-sm:[--thread-content-margin:--spacing(6)] thread-lg:[--thread-content-margin:--spacing(16)] px-(--thread-content-margin)\">\n<div class=\"[--thread-content-max-width:40rem] thread-lg:[--thread-content-max-width:48rem] mx-auto max-w-(--thread-content-max-width) flex-1 group\/turn-messages focus-visible:outline-hidden relative flex w-full min-w-0 flex-col agent-turn\" tabindex=\"-1\">\n<div class=\"flex max-w-full flex-col grow\">\n<div class=\"min-h-8 text-message relative flex w-full flex-col items-end gap-2 text-start break-words whitespace-normal [.text-message+&amp;]:mt-5\" dir=\"auto\" data-message-author-role=\"assistant\" data-message-id=\"31c1341e-f679-4eaf-8ce1-6a45a6eee821\" data-message-model-slug=\"gpt-5\">\n<div class=\"flex w-full flex-col gap-1 empty:hidden first:pt-[3px]\">\n<div class=\"markdown prose dark:prose-invert w-full break-words light markdown-new-styling\">\n<p data-start=\"0\" data-end=\"144\" data-is-last-node=\"\" data-is-only-node=\"\">Xinda SRT Ascender Shoulder Strap \u2013 Chest Harness for Caving, Rescue, Outdoor Rock Climbing, and Mountaineering, Fixed Chest Strap for Ascenders<\/p>\n<\/div>\n<\/div>\n<\/div>\n<\/div>\n<\/div>\n<\/div>\n<\/article>\n","protected":false},"featured_media":5176,"template":"","meta":{"_acf_changed":false},"product_brand":[],"product_cat":[115],"product_tag":[277],"class_list":{"0":"post-5167","1":"product","2":"type-product","3":"status-publish","4":"has-post-thumbnail","6":"product_cat-harness-gen2","7":"product_tag-shoulder-straps","9":"first","10":"instock","11":"shipping-taxable","12":"product-type-variable"},"acf":[],"_links":{"self":[{"href":"https:\/\/xindasafety.com\/fr\/wp-json\/wp\/v2\/product\/5167","targetHints":{"allow":["GET"]}}],"collection":[{"href":"https:\/\/xindasafety.com\/fr\/wp-json\/wp\/v2\/product"}],"about":[{"href":"https:\/\/xindasafety.com\/fr\/wp-json\/wp\/v2\/types\/product"}],"version-history":[{"count":3,"href":"https:\/\/xindasafety.com\/fr\/wp-json\/wp\/v2\/product\/5167\/revisions"}],"predecessor-version":[{"id":7258,"href":"https:\/\/xindasafety.com\/fr\/wp-json\/wp\/v2\/product\/5167\/revisions\/7258"}],"wp:featuredmedia":[{"embeddable":true,"href":"https:\/\/xindasafety.com\/fr\/wp-json\/wp\/v2\/media\/5176"}],"wp:attachment":[{"href":"https:\/\/xindasafety.com\/fr\/wp-json\/wp\/v2\/media?parent=5167"}],"wp:term":[{"taxonomy":"product_brand","embeddable":true,"href":"https:\/\/xindasafety.com\/fr\/wp-json\/wp\/v2\/product_brand?post=5167"},{"taxonomy":"product_cat","embeddable":true,"href":"https:\/\/xindasafety.com\/fr\/wp-json\/wp\/v2\/product_cat?post=5167"},{"taxonomy":"product_tag","embeddable":true,"href":"https:\/\/xindasafety.com\/fr\/wp-json\/wp\/v2\/product_tag?post=5167"}],"curies":[{"name":"wp","href":"https:\/\/api.w.org\/{rel}","templated":true}]}}