{"id":5162,"date":"2025-09-19T06:59:09","date_gmt":"2025-09-19T06:59:09","guid":{"rendered":"https:\/\/xindasafety.com\/?post_type=product&#038;p=5162"},"modified":"2026-04-21T02:00:42","modified_gmt":"2026-04-21T02:00:42","slug":"bretelles-de-deuxieme-generation-de-la-serie-hua","status":"publish","type":"product","link":"https:\/\/xindasafety.com\/fr\/product\/second-generation-hua-series-shoulder-straps\/","title":{"rendered":"HBD05"},"content":{"rendered":"<p><strong data-start=\"0\" data-end=\"17\" data-is-only-node=\"\">Nom du produit :<\/strong> Bretelles de poitrine<br data-start=\"39\" data-end=\"42\" \/><strong data-start=\"42\" data-end=\"52\">Marque :<\/strong> Xinda<br data-start=\"58\" data-end=\"61\" \/><strong data-start=\"61\" data-end=\"75\">Num\u00e9ro de mod\u00e8le :<\/strong> XD-HBD05<br data-start=\"84\" data-end=\"87\" \/><strong data-start=\"87\" data-end=\"100\">Mat\u00e9riau :<\/strong> Rev\u00eatement, Dyneema, etc.<br data-start=\"123\" data-end=\"126\" \/><strong data-start=\"126\" data-end=\"137\">Poids :<\/strong> 185 g<br data-start=\"143\" data-end=\"146\" \/><strong data-start=\"146\" data-end=\"155\">Taille :<\/strong> Taille unique<br data-start=\"164\" data-end=\"167\" \/><strong data-start=\"167\" data-end=\"177\">Couleur :<\/strong> Noir, Rouge ros\u00e9, Kaki<br data-start=\"200\" data-end=\"203\" \/><strong data-start=\"203\" data-end=\"225\">Champ d'application :<\/strong> Escalade, descente en rappel, formation \u00e0 l'expansion, sauvetage, etc.<br data-start=\"285\" data-end=\"288\" \/><strong data-start=\"288\" data-end=\"301\">Caract\u00e9ristiques :<\/strong> Sangle enduite imperm\u00e9able fabriqu\u00e9e sur mesure par Xinda, texture lisse et d\u00e9licate, r\u00e9sistante \u00e0 la pluie et \u00e0 la boue, facile \u00e0 nettoyer et \u00e0 entretenir.<\/p>","protected":false},"excerpt":{"rendered":"<article class=\"text-token-text-primary w-full focus:outline-none scroll-mt-[calc(var(--header-height)+min(200px,max(70px,20svh)))]\" dir=\"auto\" tabindex=\"-1\" data-turn-id=\"request-WEB:16a98dc5-262d-46cc-b855-909969106096-47\" data-testid=\"conversation-turn-96\" data-scroll-anchor=\"true\" data-turn=\"assistant\">\n<div class=\"text-base my-auto mx-auto pb-10 [--thread-content-margin:--spacing(4)] thread-sm:[--thread-content-margin:--spacing(6)] thread-lg:[--thread-content-margin:--spacing(16)] px-(--thread-content-margin)\">\n<div class=\"[--thread-content-max-width:40rem] thread-lg:[--thread-content-max-width:48rem] mx-auto max-w-(--thread-content-max-width) flex-1 group\/turn-messages focus-visible:outline-hidden relative flex w-full min-w-0 flex-col agent-turn\" tabindex=\"-1\">\n<div class=\"flex max-w-full flex-col grow\">\n<div class=\"min-h-8 text-message relative flex w-full flex-col items-end gap-2 text-start break-words whitespace-normal [.text-message+&amp;]:mt-5\" dir=\"auto\" data-message-author-role=\"assistant\" data-message-id=\"41920b5e-f08e-4b26-82d4-5308b03558a2\" data-message-model-slug=\"gpt-5\">\n<div class=\"flex w-full flex-col gap-1 empty:hidden first:pt-[3px]\">\n<div class=\"markdown prose dark:prose-invert w-full break-words light markdown-new-styling\">\n<p data-start=\"0\" data-end=\"154\" data-is-last-node=\"\" data-is-only-node=\"\">Xinda SRT Chest Shoulder Straps \u2013 Waterproof and Stain-Resistant Harness for Mountaineering, Rock Climbing, High-Altitude Work, Rescue, and Caving Ascents<\/p>\n<\/div>\n<\/div>\n<\/div>\n<\/div>\n<\/div>\n<\/div>\n<\/article>\n","protected":false},"featured_media":5155,"template":"","meta":{"_acf_changed":false},"product_brand":[],"product_cat":[115],"product_tag":[277],"class_list":{"0":"post-5162","1":"product","2":"type-product","3":"status-publish","4":"has-post-thumbnail","6":"product_cat-harness-gen2","7":"product_tag-shoulder-straps","9":"first","10":"instock","11":"shipping-taxable","12":"product-type-variable"},"acf":[],"_links":{"self":[{"href":"https:\/\/xindasafety.com\/fr\/wp-json\/wp\/v2\/product\/5162","targetHints":{"allow":["GET"]}}],"collection":[{"href":"https:\/\/xindasafety.com\/fr\/wp-json\/wp\/v2\/product"}],"about":[{"href":"https:\/\/xindasafety.com\/fr\/wp-json\/wp\/v2\/types\/product"}],"version-history":[{"count":3,"href":"https:\/\/xindasafety.com\/fr\/wp-json\/wp\/v2\/product\/5162\/revisions"}],"predecessor-version":[{"id":7259,"href":"https:\/\/xindasafety.com\/fr\/wp-json\/wp\/v2\/product\/5162\/revisions\/7259"}],"wp:featuredmedia":[{"embeddable":true,"href":"https:\/\/xindasafety.com\/fr\/wp-json\/wp\/v2\/media\/5155"}],"wp:attachment":[{"href":"https:\/\/xindasafety.com\/fr\/wp-json\/wp\/v2\/media?parent=5162"}],"wp:term":[{"taxonomy":"product_brand","embeddable":true,"href":"https:\/\/xindasafety.com\/fr\/wp-json\/wp\/v2\/product_brand?post=5162"},{"taxonomy":"product_cat","embeddable":true,"href":"https:\/\/xindasafety.com\/fr\/wp-json\/wp\/v2\/product_cat?post=5162"},{"taxonomy":"product_tag","embeddable":true,"href":"https:\/\/xindasafety.com\/fr\/wp-json\/wp\/v2\/product_tag?post=5162"}],"curies":[{"name":"wp","href":"https:\/\/api.w.org\/{rel}","templated":true}]}}