{"id":4760,"date":"2025-09-08T07:20:40","date_gmt":"2025-09-08T07:20:40","guid":{"rendered":"https:\/\/xindasafety.com\/?post_type=product&#038;p=4760"},"modified":"2026-01-19T05:20:37","modified_gmt":"2026-01-19T05:20:37","slug":"corde-dynamique","status":"publish","type":"product","link":"https:\/\/xindasafety.com\/fr\/product\/dynamic-rope\/","title":{"rendered":"XDS9802"},"content":{"rendered":"<p data-start=\"45\" data-end=\"270\"><strong data-start=\"45\" data-end=\"62\">Nom du produit :<\/strong> Corde dynamique<br data-start=\"75\" data-end=\"78\" \/><strong data-start=\"78\" data-end=\"88\">Marque :<\/strong> Xinda<br data-start=\"94\" data-end=\"97\" \/><strong data-start=\"97\" data-end=\"111\">Num\u00e9ro de mod\u00e8le :<\/strong> XD-S9802<br data-start=\"120\" data-end=\"123\" \/><strong data-start=\"123\" data-end=\"136\">Mat\u00e9riau :<\/strong> Nylon<br data-start=\"142\" data-end=\"145\" \/><strong data-start=\"145\" data-end=\"158\" data-is-only-node=\"\">Diam\u00e8tre :<\/strong> 9,8 - 11 mm<br data-start=\"170\" data-end=\"173\" \/><strong data-start=\"173\" data-end=\"183\">Couleur :<\/strong> Voir le tableau ci-dessous<br data-start=\"199\" data-end=\"202\" \/><strong data-start=\"202\" data-end=\"213\">Poids :<\/strong> Voir le tableau ci-dessous<br data-start=\"229\" data-end=\"232\" \/><strong data-start=\"232\" data-end=\"245\">Standard :<\/strong> XF494-2023<\/p>\n<p data-start=\"272\" data-end=\"397\"><strong data-start=\"272\" data-end=\"294\">Champ d'application :<\/strong> Escalade, formation \u00e0 l'expansion, sp\u00e9l\u00e9ologie, descente en rappel, canyoning, sauvetage, protection de l'ing\u00e9nierie, etc.<\/p>\n<hr data-start=\"399\" data-end=\"402\" \/>\n<h3 data-start=\"404\" data-end=\"431\"><strong data-start=\"408\" data-end=\"431\">Tableau de sp\u00e9cification<\/strong><\/h3>\n<div class=\"_tableContainer_1rjym_1\">\n<div class=\"_tableWrapper_1rjym_13 group flex w-fit flex-col-reverse\" tabindex=\"-1\">\n<table class=\"w-fit min-w-(--thread-content-width)\" data-start=\"433\" data-end=\"1470\">\n<thead data-start=\"433\" data-end=\"601\">\n<tr data-start=\"433\" data-end=\"601\">\n<th data-start=\"433\" data-end=\"444\" data-col-size=\"sm\">Diam\u00e8tre<\/th>\n<th data-start=\"444\" data-end=\"464\" data-col-size=\"sm\">Couleur<\/th>\n<th data-start=\"464\" data-end=\"481\" data-col-size=\"sm\">Nombre de brins<\/th>\n<th data-start=\"481\" data-end=\"506\" data-col-size=\"sm\">Poids par m\u00e8tre (\u00b15%)<\/th>\n<th data-start=\"506\" data-end=\"534\" data-col-size=\"sm\">Force d'impact (premi\u00e8re chute)<\/th>\n<th data-start=\"534\" data-end=\"552\" data-col-size=\"sm\">Nombre de chutes<\/th>\n<th data-start=\"552\" data-end=\"575\" data-col-size=\"sm\">Taux de glissement de la gaine<\/th>\n<th data-start=\"575\" data-end=\"601\" data-col-size=\"sm\">Taux d'\u00e9longation statique<\/th>\n<\/tr>\n<\/thead>\n<tbody data-start=\"774\" data-end=\"1470\">\n<tr data-start=\"774\" data-end=\"954\">\n<td data-start=\"774\" data-end=\"786\" data-col-size=\"sm\">8,7 mm<\/td>\n<td data-start=\"786\" data-end=\"814\" data-col-size=\"sm\">Bleu\/Noir \/ Vert\/Jaune<\/td>\n<td data-start=\"814\" data-end=\"831\" data-col-size=\"sm\">40<\/td>\n<td data-start=\"831\" data-end=\"857\" data-col-size=\"sm\">44 g<\/td>\n<td data-start=\"857\" data-end=\"887\" data-col-size=\"sm\">7,3 kN<\/td>\n<td data-start=\"887\" data-end=\"904\" data-col-size=\"sm\">10<\/td>\n<td data-start=\"904\" data-end=\"928\" data-col-size=\"sm\">0%<\/td>\n<td data-start=\"928\" data-end=\"954\" data-col-size=\"sm\">7.9%<\/td>\n<\/tr>\n<tr data-start=\"955\" data-end=\"1126\">\n<td data-start=\"955\" data-end=\"967\" data-col-size=\"sm\">9,8 mm<\/td>\n<td data-start=\"967\" data-end=\"986\" data-col-size=\"sm\">Kaki<\/td>\n<td data-start=\"986\" data-end=\"1003\" data-col-size=\"sm\">40<\/td>\n<td data-start=\"1003\" data-end=\"1029\" data-col-size=\"sm\">68 g<\/td>\n<td data-start=\"1029\" data-end=\"1059\" data-col-size=\"sm\">7,5 kN<\/td>\n<td data-start=\"1059\" data-end=\"1076\" data-col-size=\"sm\">10<\/td>\n<td data-start=\"1076\" data-end=\"1100\" data-col-size=\"sm\">0%<\/td>\n<td data-start=\"1100\" data-end=\"1126\" data-col-size=\"sm\">8.9%<\/td>\n<\/tr>\n<tr data-start=\"1127\" data-end=\"1298\">\n<td data-start=\"1127\" data-end=\"1139\" data-col-size=\"sm\">10,5 mm<\/td>\n<td data-start=\"1139\" data-end=\"1158\" data-col-size=\"sm\">Vert<\/td>\n<td data-start=\"1158\" data-end=\"1175\" data-col-size=\"sm\">44<\/td>\n<td data-start=\"1175\" data-end=\"1201\" data-col-size=\"sm\">78 g<\/td>\n<td data-start=\"1201\" data-end=\"1231\" data-col-size=\"sm\">8,9 kN<\/td>\n<td data-start=\"1231\" data-end=\"1248\" data-col-size=\"sm\">11<\/td>\n<td data-start=\"1248\" data-end=\"1272\" data-col-size=\"sm\">0%<\/td>\n<td data-start=\"1272\" data-end=\"1298\" data-col-size=\"sm\">6.6%<\/td>\n<\/tr>\n<tr data-start=\"1299\" data-end=\"1470\">\n<td data-start=\"1299\" data-end=\"1311\" data-col-size=\"sm\">11 mm<\/td>\n<td data-start=\"1311\" data-end=\"1330\" data-col-size=\"sm\">Violet \/ Rouge<\/td>\n<td data-start=\"1330\" data-end=\"1347\" data-col-size=\"sm\">48<\/td>\n<td data-start=\"1347\" data-end=\"1373\" data-col-size=\"sm\">86 g<\/td>\n<td data-start=\"1373\" data-end=\"1403\" data-col-size=\"sm\">9,3 kN<\/td>\n<td data-start=\"1403\" data-end=\"1420\" data-col-size=\"sm\">14<\/td>\n<td data-start=\"1420\" data-end=\"1444\" data-col-size=\"sm\">0%<\/td>\n<td data-start=\"1444\" data-end=\"1470\" data-col-size=\"sm\">6.5%<\/td>\n<\/tr>\n<\/tbody>\n<\/table>\n<\/div>\n<\/div>","protected":false},"excerpt":{"rendered":"<p>Product Name: Dynamic RopeBrand: XindaModel No.: XD-S9802Material: NylonDiameter: 9.8 \u2013 11 mmColor: See Table BelowWeight: See Table BelowStandard: XF494-2023 Application Scope: Rock Climbing, Expansion Training, Caving, Rappelling, Canyoning, Rescue, Engineering Protection, etc. Specification Table Diameter Color No. of Strands Weight per Meter (\u00b15%) Impact Force (First Fall) Number of Falls Sheath Slippage Rate Static Elongation [&hellip;]<\/p>\n","protected":false},"featured_media":4761,"template":"","meta":{"_acf_changed":false},"product_brand":[],"product_cat":[132],"product_tag":[85],"class_list":{"0":"post-4760","1":"product","2":"type-product","3":"status-publish","4":"has-post-thumbnail","6":"product_cat-rope-gen1","7":"product_tag-dynamic-rope","9":"first","10":"instock","11":"shipping-taxable","12":"product-type-variable"},"acf":[],"_links":{"self":[{"href":"https:\/\/xindasafety.com\/fr\/wp-json\/wp\/v2\/product\/4760","targetHints":{"allow":["GET"]}}],"collection":[{"href":"https:\/\/xindasafety.com\/fr\/wp-json\/wp\/v2\/product"}],"about":[{"href":"https:\/\/xindasafety.com\/fr\/wp-json\/wp\/v2\/types\/product"}],"version-history":[{"count":2,"href":"https:\/\/xindasafety.com\/fr\/wp-json\/wp\/v2\/product\/4760\/revisions"}],"predecessor-version":[{"id":6858,"href":"https:\/\/xindasafety.com\/fr\/wp-json\/wp\/v2\/product\/4760\/revisions\/6858"}],"wp:featuredmedia":[{"embeddable":true,"href":"https:\/\/xindasafety.com\/fr\/wp-json\/wp\/v2\/media\/4761"}],"wp:attachment":[{"href":"https:\/\/xindasafety.com\/fr\/wp-json\/wp\/v2\/media?parent=4760"}],"wp:term":[{"taxonomy":"product_brand","embeddable":true,"href":"https:\/\/xindasafety.com\/fr\/wp-json\/wp\/v2\/product_brand?post=4760"},{"taxonomy":"product_cat","embeddable":true,"href":"https:\/\/xindasafety.com\/fr\/wp-json\/wp\/v2\/product_cat?post=4760"},{"taxonomy":"product_tag","embeddable":true,"href":"https:\/\/xindasafety.com\/fr\/wp-json\/wp\/v2\/product_tag?post=4760"}],"curies":[{"name":"wp","href":"https:\/\/api.w.org\/{rel}","templated":true}]}}