{"id":4653,"date":"2025-09-05T06:40:06","date_gmt":"2025-09-05T06:40:06","guid":{"rendered":"https:\/\/xindasafety.com\/?post_type=product&#038;p=4653"},"modified":"2026-04-21T01:43:42","modified_gmt":"2026-04-21T01:43:42","slug":"pu02-grande-poulie-simple","status":"publish","type":"product","link":"https:\/\/xindasafety.com\/fr\/product\/pu02-large-single-pulley\/","title":{"rendered":"HPU02"},"content":{"rendered":"<p><strong data-start=\"0\" data-end=\"10\" data-is-only-node=\"\">Marque :<\/strong> Xinda<br data-start=\"16\" data-end=\"19\" \/><strong data-start=\"19\" data-end=\"32\">Num\u00e9ro d'article :<\/strong> H-PU02<br data-start=\"39\" data-end=\"42\" \/><strong data-start=\"42\" data-end=\"59\">Nom du produit :<\/strong> Grande poulie simple<br data-start=\"79\" data-end=\"82\" \/><strong data-start=\"82\" data-end=\"95\">Mat\u00e9riau :<\/strong> Alliage d'aluminium 7075 \/ acier<br data-start=\"123\" data-end=\"126\" \/><strong data-start=\"126\" data-end=\"137\">Poids :<\/strong> 272g<br data-start=\"142\" data-end=\"145\" \/><strong data-start=\"145\" data-end=\"168\">Compatibilit\u00e9 avec les cordes :<\/strong> 5-16mm<br data-start=\"175\" data-end=\"178\" \/><strong data-start=\"178\" data-end=\"200\">R\u00e9sistance \u00e0 la rupture :<\/strong> 38kN<br data-start=\"205\" data-end=\"208\" \/><strong data-start=\"208\" data-end=\"225\">Charge de travail :<\/strong> 7kN<br data-start=\"229\" data-end=\"232\" \/><strong data-start=\"232\" data-end=\"252\">Diam\u00e8tre de la poulie :<\/strong> 5.5cm<br data-start=\"258\" data-end=\"261\" \/><strong data-start=\"261\" data-end=\"276\">Efficacit\u00e9 :<\/strong> 0.93<br data-start=\"281\" data-end=\"284\" \/><strong data-start=\"284\" data-end=\"301\">Type de roulement :<\/strong> Roulement \u00e0 billes<br data-start=\"314\" data-end=\"317\" \/><strong data-start=\"317\" data-end=\"335\">Certification :<\/strong> CE 1019, EN 12278<br data-start=\"353\" data-end=\"356\" \/><strong data-start=\"356\" data-end=\"376\">Lieu d'origine :<\/strong> Chine<\/p>","protected":false},"excerpt":{"rendered":"<p>Poulie simple renforc\u00e9e de la s\u00e9rie Xinda Hua pour les travaux en haute altitude, les t\u00e9l\u00e9ph\u00e9riques, les tyroliennes, l'escalade, les travers\u00e9es et les secours d'urgence<\/p>","protected":false},"featured_media":4654,"template":"","meta":{"_acf_changed":false},"product_brand":[],"product_cat":[127],"product_tag":[169],"class_list":{"0":"post-4653","1":"product","2":"type-product","3":"status-publish","4":"has-post-thumbnail","6":"product_cat-pulley-gen2","7":"product_tag-pulley","9":"first","10":"instock","11":"shipping-taxable","12":"product-type-variable"},"acf":[],"_links":{"self":[{"href":"https:\/\/xindasafety.com\/fr\/wp-json\/wp\/v2\/product\/4653","targetHints":{"allow":["GET"]}}],"collection":[{"href":"https:\/\/xindasafety.com\/fr\/wp-json\/wp\/v2\/product"}],"about":[{"href":"https:\/\/xindasafety.com\/fr\/wp-json\/wp\/v2\/types\/product"}],"version-history":[{"count":3,"href":"https:\/\/xindasafety.com\/fr\/wp-json\/wp\/v2\/product\/4653\/revisions"}],"predecessor-version":[{"id":7241,"href":"https:\/\/xindasafety.com\/fr\/wp-json\/wp\/v2\/product\/4653\/revisions\/7241"}],"wp:featuredmedia":[{"embeddable":true,"href":"https:\/\/xindasafety.com\/fr\/wp-json\/wp\/v2\/media\/4654"}],"wp:attachment":[{"href":"https:\/\/xindasafety.com\/fr\/wp-json\/wp\/v2\/media?parent=4653"}],"wp:term":[{"taxonomy":"product_brand","embeddable":true,"href":"https:\/\/xindasafety.com\/fr\/wp-json\/wp\/v2\/product_brand?post=4653"},{"taxonomy":"product_cat","embeddable":true,"href":"https:\/\/xindasafety.com\/fr\/wp-json\/wp\/v2\/product_cat?post=4653"},{"taxonomy":"product_tag","embeddable":true,"href":"https:\/\/xindasafety.com\/fr\/wp-json\/wp\/v2\/product_tag?post=4653"}],"curies":[{"name":"wp","href":"https:\/\/api.w.org\/{rel}","templated":true}]}}