{"id":4590,"date":"2025-09-05T05:54:19","date_gmt":"2025-09-05T05:54:19","guid":{"rendered":"https:\/\/xindasafety.com\/?post_type=product&#038;p=4590"},"modified":"2026-01-19T05:23:34","modified_gmt":"2026-01-19T05:23:34","slug":"mousqueton-en-forme-doreille-3","status":"publish","type":"product","link":"https:\/\/xindasafety.com\/fr\/product\/ear-shaped-nut-carabiner\/","title":{"rendered":"A3107S"},"content":{"rendered":"<p><strong data-start=\"0\" data-end=\"10\" data-is-only-node=\"\">Marque :<\/strong> Xinda<br data-start=\"16\" data-end=\"19\" \/><strong data-start=\"19\" data-end=\"32\">Num\u00e9ro d'article :<\/strong> A-3107S<br data-start=\"40\" data-end=\"43\" \/><strong data-start=\"43\" data-end=\"60\">Nom du produit :<\/strong> Mousqueton sp\u00e9cifique au sauvetage<br data-start=\"86\" data-end=\"89\" \/><strong data-start=\"89\" data-end=\"102\">Mat\u00e9riau :<\/strong> Alliage d'aluminium 7075<br data-start=\"122\" data-end=\"125\" \/><strong data-start=\"125\" data-end=\"136\">Poids :<\/strong> 107g<br data-start=\"141\" data-end=\"144\" \/><strong data-start=\"144\" data-end=\"161\">Charge de travail :<\/strong> 24kN<br data-start=\"166\" data-end=\"169\" \/><strong data-start=\"169\" data-end=\"179\">Couleur :<\/strong> Gris, noir<br data-start=\"191\" data-end=\"194\" \/><strong data-start=\"194\" data-end=\"208\">Normes :<\/strong> UIAA, CE 1019, EN 362, EN 12275<\/p>","protected":false},"excerpt":{"rendered":"<p>Mousqueton asym\u00e9trique en forme de poire de la s\u00e9rie Hua de Xinda pour l'escalade, l'alpinisme, la sp\u00e9l\u00e9ologie et l'\u00e9quipement de s\u00e9curit\u00e9 en haute altitude.<\/p>","protected":false},"featured_media":4591,"template":"","meta":{"_acf_changed":false},"product_brand":[],"product_cat":[103],"product_tag":[69],"class_list":{"0":"post-4590","1":"product","2":"type-product","3":"status-publish","4":"has-post-thumbnail","6":"product_cat-carabiner-generation-3","7":"product_tag-carabiner","9":"first","10":"instock","11":"shipping-taxable","12":"product-type-variable"},"acf":[],"_links":{"self":[{"href":"https:\/\/xindasafety.com\/fr\/wp-json\/wp\/v2\/product\/4590","targetHints":{"allow":["GET"]}}],"collection":[{"href":"https:\/\/xindasafety.com\/fr\/wp-json\/wp\/v2\/product"}],"about":[{"href":"https:\/\/xindasafety.com\/fr\/wp-json\/wp\/v2\/types\/product"}],"version-history":[{"count":2,"href":"https:\/\/xindasafety.com\/fr\/wp-json\/wp\/v2\/product\/4590\/revisions"}],"predecessor-version":[{"id":6866,"href":"https:\/\/xindasafety.com\/fr\/wp-json\/wp\/v2\/product\/4590\/revisions\/6866"}],"wp:featuredmedia":[{"embeddable":true,"href":"https:\/\/xindasafety.com\/fr\/wp-json\/wp\/v2\/media\/4591"}],"wp:attachment":[{"href":"https:\/\/xindasafety.com\/fr\/wp-json\/wp\/v2\/media?parent=4590"}],"wp:term":[{"taxonomy":"product_brand","embeddable":true,"href":"https:\/\/xindasafety.com\/fr\/wp-json\/wp\/v2\/product_brand?post=4590"},{"taxonomy":"product_cat","embeddable":true,"href":"https:\/\/xindasafety.com\/fr\/wp-json\/wp\/v2\/product_cat?post=4590"},{"taxonomy":"product_tag","embeddable":true,"href":"https:\/\/xindasafety.com\/fr\/wp-json\/wp\/v2\/product_tag?post=4590"}],"curies":[{"name":"wp","href":"https:\/\/api.w.org\/{rel}","templated":true}]}}