{"id":4580,"date":"2025-09-05T05:50:50","date_gmt":"2025-09-05T05:50:50","guid":{"rendered":"https:\/\/xindasafety.com\/?post_type=product&#038;p=4580"},"modified":"2026-01-19T05:23:57","modified_gmt":"2026-01-19T05:23:57","slug":"mousqueton-a-triple-verrouillage-en-forme-de-grand-d","status":"publish","type":"product","link":"https:\/\/xindasafety.com\/fr\/product\/large-d-shaped-triple-lock-carabiner\/","title":{"rendered":"A3105"},"content":{"rendered":"<p><strong data-start=\"0\" data-end=\"10\" data-is-only-node=\"\">Marque :<\/strong> Xinda<br data-start=\"16\" data-end=\"19\" \/><strong data-start=\"19\" data-end=\"32\">Num\u00e9ro d'article :<\/strong> A-3105<br data-start=\"39\" data-end=\"42\" \/><strong data-start=\"42\" data-end=\"59\">Nom du produit :<\/strong> Mousqueton triangulaire<br data-start=\"80\" data-end=\"83\" \/><strong data-start=\"83\" data-end=\"96\">Mat\u00e9riau :<\/strong> Alliage d'aluminium haute r\u00e9sistance<br data-start=\"125\" data-end=\"128\" \/><strong data-start=\"128\" data-end=\"139\">Poids :<\/strong> 98g<br data-start=\"143\" data-end=\"146\" \/><strong data-start=\"146\" data-end=\"170\">R\u00e9sistance horizontale :<\/strong> 20kN<br data-start=\"175\" data-end=\"178\" \/><strong data-start=\"178\" data-end=\"200\">Force verticale :<\/strong> 18kN<br data-start=\"205\" data-end=\"208\" \/><strong data-start=\"208\" data-end=\"231\">La force de la porte ouverte :<\/strong> 10kN<br data-start=\"236\" data-end=\"239\" \/><strong data-start=\"239\" data-end=\"249\">Couleur :<\/strong> Gris-vert, noir<\/p>","protected":false},"excerpt":{"rendered":"<p>Xinda Hua Series Triangular Semi-Circular Screw-Lock Auto Carabiner for Caving, Climbing, Rappelling, and Load-Bearing Safety Gear (mousqueton automatique triangulaire semi-circulaire \u00e0 vis pour la sp\u00e9l\u00e9ologie, l'escalade, la descente en rappel et l'\u00e9quipement de s\u00e9curit\u00e9 porteur)<\/p>","protected":false},"featured_media":4581,"template":"","meta":{"_acf_changed":false},"product_brand":[],"product_cat":[103],"product_tag":[69],"class_list":{"0":"post-4580","1":"product","2":"type-product","3":"status-publish","4":"has-post-thumbnail","6":"product_cat-carabiner-generation-3","7":"product_tag-carabiner","9":"first","10":"instock","11":"shipping-taxable","12":"product-type-variable"},"acf":[],"_links":{"self":[{"href":"https:\/\/xindasafety.com\/fr\/wp-json\/wp\/v2\/product\/4580","targetHints":{"allow":["GET"]}}],"collection":[{"href":"https:\/\/xindasafety.com\/fr\/wp-json\/wp\/v2\/product"}],"about":[{"href":"https:\/\/xindasafety.com\/fr\/wp-json\/wp\/v2\/types\/product"}],"version-history":[{"count":2,"href":"https:\/\/xindasafety.com\/fr\/wp-json\/wp\/v2\/product\/4580\/revisions"}],"predecessor-version":[{"id":6867,"href":"https:\/\/xindasafety.com\/fr\/wp-json\/wp\/v2\/product\/4580\/revisions\/6867"}],"wp:featuredmedia":[{"embeddable":true,"href":"https:\/\/xindasafety.com\/fr\/wp-json\/wp\/v2\/media\/4581"}],"wp:attachment":[{"href":"https:\/\/xindasafety.com\/fr\/wp-json\/wp\/v2\/media?parent=4580"}],"wp:term":[{"taxonomy":"product_brand","embeddable":true,"href":"https:\/\/xindasafety.com\/fr\/wp-json\/wp\/v2\/product_brand?post=4580"},{"taxonomy":"product_cat","embeddable":true,"href":"https:\/\/xindasafety.com\/fr\/wp-json\/wp\/v2\/product_cat?post=4580"},{"taxonomy":"product_tag","embeddable":true,"href":"https:\/\/xindasafety.com\/fr\/wp-json\/wp\/v2\/product_tag?post=4580"}],"curies":[{"name":"wp","href":"https:\/\/api.w.org\/{rel}","templated":true}]}}