{"id":4512,"date":"2025-09-05T05:37:38","date_gmt":"2025-09-05T05:37:38","guid":{"rendered":"https:\/\/xindasafety.com\/?post_type=product&#038;p=4512"},"modified":"2026-01-19T05:24:53","modified_gmt":"2026-01-19T05:24:53","slug":"mousqueton-en-forme-de-d-de-la-serie-hua-2","status":"publish","type":"product","link":"https:\/\/xindasafety.com\/fr\/product\/hua-series-d-shaped-carabiner-2\/","title":{"rendered":"A3102"},"content":{"rendered":"<p><strong data-start=\"0\" data-end=\"10\" data-is-only-node=\"\">Marque :<\/strong> Xinda<br data-start=\"16\" data-end=\"19\" \/><strong data-start=\"19\" data-end=\"32\">Num\u00e9ro d'article :<\/strong> A-3102<br data-start=\"39\" data-end=\"42\" \/><strong data-start=\"42\" data-end=\"59\">Nom du produit :<\/strong> Mousqueton en forme de D<br data-start=\"78\" data-end=\"81\" \/><strong data-start=\"81\" data-end=\"94\">Mat\u00e9riau :<\/strong> Alliage d'aluminium 7075<br data-start=\"114\" data-end=\"117\" \/><strong data-start=\"117\" data-end=\"128\">Poids :<\/strong> 92g \/ 99g \/ 99g<br data-start=\"144\" data-end=\"147\" \/><strong data-start=\"147\" data-end=\"171\">La force de l'axe principal :<\/strong> 35kN<br data-start=\"176\" data-end=\"179\" \/><strong data-start=\"179\" data-end=\"203\">Force de l'axe mineur :<\/strong> 12kN<br data-start=\"208\" data-end=\"211\" \/><strong data-start=\"211\" data-end=\"234\">La force de la porte ouverte :<\/strong> 10kN<br data-start=\"239\" data-end=\"242\" \/><strong data-start=\"242\" data-end=\"252\">Couleur :<\/strong> Gris-rouge, gris-vert, noir<br data-start=\"280\" data-end=\"283\" \/><strong data-start=\"283\" data-end=\"297\">Normes :<\/strong> UIAA, CE 1019, EN 362, EN 12275<\/p>","protected":false},"excerpt":{"rendered":"<p>Xinda Hua Series Outdoor Mountaineering and Climbing D-Shaped Load-Bearing Carabiner for Safety and Climbing Gear (Mousqueton en forme de D pour la s\u00e9curit\u00e9 et l'\u00e9quipement d'escalade)<\/p>","protected":false},"featured_media":4513,"template":"","meta":{"_acf_changed":false},"product_brand":[],"product_cat":[103],"product_tag":[69],"class_list":{"0":"post-4512","1":"product","2":"type-product","3":"status-publish","4":"has-post-thumbnail","6":"product_cat-carabiner-generation-3","7":"product_tag-carabiner","9":"first","10":"instock","11":"shipping-taxable","12":"product-type-variable"},"acf":[],"_links":{"self":[{"href":"https:\/\/xindasafety.com\/fr\/wp-json\/wp\/v2\/product\/4512","targetHints":{"allow":["GET"]}}],"collection":[{"href":"https:\/\/xindasafety.com\/fr\/wp-json\/wp\/v2\/product"}],"about":[{"href":"https:\/\/xindasafety.com\/fr\/wp-json\/wp\/v2\/types\/product"}],"version-history":[{"count":2,"href":"https:\/\/xindasafety.com\/fr\/wp-json\/wp\/v2\/product\/4512\/revisions"}],"predecessor-version":[{"id":6870,"href":"https:\/\/xindasafety.com\/fr\/wp-json\/wp\/v2\/product\/4512\/revisions\/6870"}],"wp:featuredmedia":[{"embeddable":true,"href":"https:\/\/xindasafety.com\/fr\/wp-json\/wp\/v2\/media\/4513"}],"wp:attachment":[{"href":"https:\/\/xindasafety.com\/fr\/wp-json\/wp\/v2\/media?parent=4512"}],"wp:term":[{"taxonomy":"product_brand","embeddable":true,"href":"https:\/\/xindasafety.com\/fr\/wp-json\/wp\/v2\/product_brand?post=4512"},{"taxonomy":"product_cat","embeddable":true,"href":"https:\/\/xindasafety.com\/fr\/wp-json\/wp\/v2\/product_cat?post=4512"},{"taxonomy":"product_tag","embeddable":true,"href":"https:\/\/xindasafety.com\/fr\/wp-json\/wp\/v2\/product_tag?post=4512"}],"curies":[{"name":"wp","href":"https:\/\/api.w.org\/{rel}","templated":true}]}}