{"id":4370,"date":"2025-09-02T05:44:46","date_gmt":"2025-09-02T05:44:46","guid":{"rendered":"https:\/\/xindasafety.com\/?post_type=product&#038;p=4370"},"modified":"2026-01-19T05:27:47","modified_gmt":"2026-01-19T05:27:47","slug":"pince-a-corde","status":"publish","type":"product","link":"https:\/\/xindasafety.com\/fr\/product\/rope-grab\/","title":{"rendered":"HZSQ01"},"content":{"rendered":"<p data-start=\"38\" data-end=\"319\"><strong data-start=\"38\" data-end=\"48\">Marque :<\/strong> Xinda<br data-start=\"54\" data-end=\"57\" \/><strong data-start=\"57\" data-end=\"71\">Num\u00e9ro de mod\u00e8le :<\/strong> H-ZSQ01<br data-start=\"79\" data-end=\"82\" \/><strong data-start=\"82\" data-end=\"99\">Nom du produit :<\/strong> Pince \u00e0 c\u00e2ble mobile<br data-start=\"116\" data-end=\"119\" data-is-only-node=\"\" \/><strong data-start=\"119\" data-end=\"132\">Mat\u00e9riau :<\/strong> Alliage d'aluminium haute r\u00e9sistance<br data-start=\"161\" data-end=\"164\" \/><strong data-start=\"164\" data-end=\"182\">Capacit\u00e9 de charge :<\/strong> 100 kg<br data-start=\"189\" data-end=\"192\" \/><strong data-start=\"192\" data-end=\"201\">Taille :<\/strong> Longueur 6,7 cm, largeur 9,7 cm<br data-start=\"229\" data-end=\"232\" \/><strong data-start=\"232\" data-end=\"243\">Poids :<\/strong> 201 g<br data-start=\"249\" data-end=\"252\" \/><strong data-start=\"252\" data-end=\"281\">Diam\u00e8tre de corde applicable :<\/strong> 10-13 mm<br data-start=\"290\" data-end=\"293\" \/><strong data-start=\"293\" data-end=\"306\">Standard :<\/strong> CE EN12841<\/p>\n<p data-start=\"38\" data-end=\"319\"><strong data-start=\"321\" data-end=\"343\">Champ d'application :<\/strong><br data-start=\"343\" data-end=\"346\" \/>Protection contre la descente en rappel, sp\u00e9l\u00e9ologie, ascension, escalade, formation \u00e0 l'expansion Protection, sauvetage, travail a\u00e9rien Protection contre les chutes<\/p>","protected":false},"excerpt":{"rendered":"<p>XINDA Aerial Safety Rope Self-Locking Device, Fall Arrestor, Automatic Rope Grab for Construction Work Protection (en anglais)<\/p>","protected":false},"featured_media":4374,"template":"","meta":{"_acf_changed":false},"product_brand":[],"product_cat":[109],"product_tag":[241],"class_list":{"0":"post-4370","1":"product","2":"type-product","3":"status-publish","4":"has-post-thumbnail","6":"product_cat-full-arrestor-gen2","7":"product_tag-rope-grab","9":"first","10":"instock","11":"shipping-taxable","12":"product-type-variable"},"acf":[],"_links":{"self":[{"href":"https:\/\/xindasafety.com\/fr\/wp-json\/wp\/v2\/product\/4370","targetHints":{"allow":["GET"]}}],"collection":[{"href":"https:\/\/xindasafety.com\/fr\/wp-json\/wp\/v2\/product"}],"about":[{"href":"https:\/\/xindasafety.com\/fr\/wp-json\/wp\/v2\/types\/product"}],"version-history":[{"count":2,"href":"https:\/\/xindasafety.com\/fr\/wp-json\/wp\/v2\/product\/4370\/revisions"}],"predecessor-version":[{"id":6877,"href":"https:\/\/xindasafety.com\/fr\/wp-json\/wp\/v2\/product\/4370\/revisions\/6877"}],"wp:featuredmedia":[{"embeddable":true,"href":"https:\/\/xindasafety.com\/fr\/wp-json\/wp\/v2\/media\/4374"}],"wp:attachment":[{"href":"https:\/\/xindasafety.com\/fr\/wp-json\/wp\/v2\/media?parent=4370"}],"wp:term":[{"taxonomy":"product_brand","embeddable":true,"href":"https:\/\/xindasafety.com\/fr\/wp-json\/wp\/v2\/product_brand?post=4370"},{"taxonomy":"product_cat","embeddable":true,"href":"https:\/\/xindasafety.com\/fr\/wp-json\/wp\/v2\/product_cat?post=4370"},{"taxonomy":"product_tag","embeddable":true,"href":"https:\/\/xindasafety.com\/fr\/wp-json\/wp\/v2\/product_tag?post=4370"}],"curies":[{"name":"wp","href":"https:\/\/api.w.org\/{rel}","templated":true}]}}