{"id":4202,"date":"2025-08-26T02:50:29","date_gmt":"2025-08-26T02:50:29","guid":{"rendered":"https:\/\/xindasafety.com\/?post_type=product&#038;p=4202"},"modified":"2026-04-21T02:16:50","modified_gmt":"2026-04-21T02:16:50","slug":"civiere-de-sauvetage","status":"publish","type":"product","link":"https:\/\/xindasafety.com\/fr\/product\/rescue-stretcher\/","title":{"rendered":"XDPJ270"},"content":{"rendered":"<p data-start=\"47\" data-end=\"102\"><strong data-start=\"47\" data-end=\"64\">Nom du produit :<\/strong> Brancard de sauvetage<br data-start=\"81\" data-end=\"84\" \/><strong data-start=\"84\" data-end=\"94\">Marque :<\/strong> Xinda<\/p>\n<p data-start=\"104\" data-end=\"242\"><strong data-start=\"104\" data-end=\"117\">Mat\u00e9riau :<\/strong> Tissu en maille PVC, XPE, aluminium, polyester, EVA, etc.<br data-start=\"170\" data-end=\"173\" \/><strong data-start=\"173\" data-end=\"190\">Charge maximale :<\/strong> 150 kg<br data-start=\"197\" data-end=\"200\" \/><strong data-start=\"200\" data-end=\"211\">Poids :<\/strong> 11450 g<br data-start=\"219\" data-end=\"222\" \/><strong data-start=\"222\" data-end=\"233\">Longueur :<\/strong> 198 cm<\/p>\n<p data-start=\"244\" data-end=\"260\"><strong data-start=\"244\" data-end=\"258\">Fonctions :<\/strong><\/p>\n<ul data-start=\"261\" data-end=\"624\">\n<li data-start=\"261\" data-end=\"362\">\n<p data-start=\"263\" data-end=\"362\">Pendant le sauvetage, il permet de transporter la victime horizontalement, verticalement ou de biais.<\/p>\n<\/li>\n<li data-start=\"363\" data-end=\"431\">\n<p data-start=\"365\" data-end=\"431\">Facile \u00e0 utiliser et simplifiant l'installation de la victime.<\/p>\n<\/li>\n<li data-start=\"432\" data-end=\"506\">\n<p data-start=\"434\" data-end=\"506\">Convient pour tous les sauvetages techniques sur corde, en particulier dans les espaces confin\u00e9s.<\/p>\n<\/li>\n<li data-start=\"507\" data-end=\"624\">\n<p data-start=\"509\" data-end=\"624\">Veille \u00e0 ce que le bless\u00e9 puisse \u00eatre d\u00e9plac\u00e9 horizontalement, verticalement ou obliquement pour s'adapter \u00e0 un terrain irr\u00e9gulier ou \u00e9troit.<\/p>\n<\/li>\n<\/ul>\n<p data-start=\"626\" data-end=\"644\"><strong data-start=\"626\" data-end=\"642\">Facile \u00e0 utiliser :<\/strong><\/p>\n<ol data-start=\"645\" data-end=\"1068\">\n<li data-start=\"645\" data-end=\"731\">\n<p data-start=\"648\" data-end=\"731\">La civi\u00e8re est \u00e9quip\u00e9e d'un harnais de s\u00e9curit\u00e9 corporelle enti\u00e8rement int\u00e9gr\u00e9 pour prot\u00e9ger la victime.<\/p>\n<\/li>\n<li data-start=\"732\" data-end=\"778\">\n<p data-start=\"735\" data-end=\"778\">Les sangles \u00e0 code couleur simplifient l'installation.<\/p>\n<\/li>\n<li data-start=\"779\" data-end=\"852\">\n<p data-start=\"782\" data-end=\"852\">Les points de connexion lat\u00e9raux s'alignent pour faciliter la fermeture automatique de la boucle.<\/p>\n<\/li>\n<li data-start=\"853\" data-end=\"944\">\n<p data-start=\"856\" data-end=\"944\">R\u00e9glage rapide et facile des sangles ; le syst\u00e8me de verrouillage emp\u00eache tout desserrage accidentel.<\/p>\n<\/li>\n<li data-start=\"945\" data-end=\"998\">\n<p data-start=\"948\" data-end=\"998\">Poign\u00e9es flexibles pour une utilisation facile, m\u00eame avec des gants.<\/p>\n<\/li>\n<li data-start=\"999\" data-end=\"1068\">\n<p data-start=\"1002\" data-end=\"1068\">Le rembourrage amovible et les panneaux transversaux r\u00e9duisent l'encombrement pendant le transport.<\/p>\n<\/li>\n<\/ol>\n<p data-start=\"1070\" data-end=\"1087\"><strong data-start=\"1070\" data-end=\"1085\">Durabilit\u00e9 :<\/strong><\/p>\n<ol data-start=\"1088\" data-end=\"1498\">\n<li data-start=\"1088\" data-end=\"1181\">\n<p data-start=\"1091\" data-end=\"1181\">Poign\u00e9es renforc\u00e9es avec du poly\u00e9thyl\u00e8ne haute r\u00e9sistance (IPE) pour une meilleure prise en main et une plus grande durabilit\u00e9.<\/p>\n<\/li>\n<li data-start=\"1182\" data-end=\"1247\">\n<p data-start=\"1185\" data-end=\"1247\">La base en plastique lisse et rigide assure un bon glissement.<\/p>\n<\/li>\n<li data-start=\"1248\" data-end=\"1338\">\n<p data-start=\"1251\" data-end=\"1338\">Le rembourrage en mousse confortable sur les deux faces du dos de la victime limite l'absorption de l'eau.<\/p>\n<\/li>\n<li data-start=\"1339\" data-end=\"1406\">\n<p data-start=\"1342\" data-end=\"1406\">Des coussinets en mousse sont positionn\u00e9s au niveau des cuisses et des jambes pour s'adapter \u00e0 toutes les morphologies.<\/p>\n<\/li>\n<li data-start=\"1407\" data-end=\"1498\">\n<p data-start=\"1410\" data-end=\"1498\">Structure solide et durable gr\u00e2ce aux bretelles int\u00e9gr\u00e9es aux points de connexion.<\/p>\n<\/li>\n<\/ol>","protected":false},"excerpt":{"rendered":"<p>XINDA Stretcher de sauvetage en ext\u00e9rieur pour l'alpinisme, l'escalade, le travail a\u00e9rien, la lutte contre l'incendie, le sauvetage d'urgence et l'\u00e9quipement de s\u00e9curit\u00e9 multifonctionnel.<\/p>","protected":false},"featured_media":4198,"template":"","meta":{"_acf_changed":false},"product_brand":[],"product_cat":[135],"product_tag":[248],"class_list":{"0":"post-4202","1":"product","2":"type-product","3":"status-publish","4":"has-post-thumbnail","6":"product_cat-rescue","7":"product_tag-rescue-stretcher","9":"first","10":"instock","11":"shipping-taxable","12":"product-type-simple"},"acf":[],"_links":{"self":[{"href":"https:\/\/xindasafety.com\/fr\/wp-json\/wp\/v2\/product\/4202","targetHints":{"allow":["GET"]}}],"collection":[{"href":"https:\/\/xindasafety.com\/fr\/wp-json\/wp\/v2\/product"}],"about":[{"href":"https:\/\/xindasafety.com\/fr\/wp-json\/wp\/v2\/types\/product"}],"version-history":[{"count":3,"href":"https:\/\/xindasafety.com\/fr\/wp-json\/wp\/v2\/product\/4202\/revisions"}],"predecessor-version":[{"id":7265,"href":"https:\/\/xindasafety.com\/fr\/wp-json\/wp\/v2\/product\/4202\/revisions\/7265"}],"wp:featuredmedia":[{"embeddable":true,"href":"https:\/\/xindasafety.com\/fr\/wp-json\/wp\/v2\/media\/4198"}],"wp:attachment":[{"href":"https:\/\/xindasafety.com\/fr\/wp-json\/wp\/v2\/media?parent=4202"}],"wp:term":[{"taxonomy":"product_brand","embeddable":true,"href":"https:\/\/xindasafety.com\/fr\/wp-json\/wp\/v2\/product_brand?post=4202"},{"taxonomy":"product_cat","embeddable":true,"href":"https:\/\/xindasafety.com\/fr\/wp-json\/wp\/v2\/product_cat?post=4202"},{"taxonomy":"product_tag","embeddable":true,"href":"https:\/\/xindasafety.com\/fr\/wp-json\/wp\/v2\/product_tag?post=4202"}],"curies":[{"name":"wp","href":"https:\/\/api.w.org\/{rel}","templated":true}]}}