{"id":4148,"date":"2025-10-06T02:11:11","date_gmt":"2025-10-06T02:11:11","guid":{"rendered":"https:\/\/xindasafety.com\/?post_type=product&#038;p=4148"},"modified":"2026-01-18T08:10:26","modified_gmt":"2026-01-18T08:10:26","slug":"pince-a-cable-mecanique-a-charniere","status":"publish","type":"product","link":"https:\/\/xindasafety.com\/fr\/product\/hinged-mechanical-rope-grab\/","title":{"rendered":"HH8637GG"},"content":{"rendered":"<p data-start=\"54\" data-end=\"120\"><strong data-start=\"54\" data-end=\"71\">Nom du produit :<\/strong> Pince \u00e0 c\u00e2ble m\u00e9canique \u00e0 charni\u00e8re<br data-start=\"99\" data-end=\"102\" \/><strong data-start=\"102\" data-end=\"112\">Marque :<\/strong> Xinda<\/p>\n<p data-start=\"122\" data-end=\"242\"><strong data-start=\"122\" data-end=\"136\">Num\u00e9ro de mod\u00e8le :<\/strong> HH-8637<br data-start=\"144\" data-end=\"147\" \/><strong data-start=\"147\" data-end=\"160\">Mat\u00e9riau :<\/strong> Aluminium haute r\u00e9sistance + acier alli\u00e9<br data-start=\"197\" data-end=\"200\" \/><strong data-start=\"200\" data-end=\"213\">Standard :<\/strong> CE1019, EN567, XF 494-2004<\/p>\n<p data-start=\"244\" data-end=\"304\"><strong data-start=\"244\" data-end=\"273\">Diam\u00e8tre de corde applicable :<\/strong> 10-13 mm<br data-start=\"282\" data-end=\"285\" \/><strong data-start=\"285\" data-end=\"296\">Poids :<\/strong> 160 g<\/p>\n<p data-start=\"306\" data-end=\"323\"><strong data-start=\"306\" data-end=\"321\">Dimensions :<\/strong><\/p>\n<ul data-start=\"324\" data-end=\"384\">\n<li data-start=\"324\" data-end=\"343\">\n<p data-start=\"326\" data-end=\"343\">Hauteur : 8,45 cm<\/p>\n<\/li>\n<li data-start=\"344\" data-end=\"361\">\n<p data-start=\"346\" data-end=\"361\">Largeur : 7,9 cm<\/p>\n<\/li>\n<li data-start=\"362\" data-end=\"384\">\n<p data-start=\"364\" data-end=\"384\">\u00c9paisseur : 3,25 cm<\/p>\n<\/li>\n<\/ul>\n<p data-start=\"386\" data-end=\"520\"><strong data-start=\"386\" data-end=\"408\">Champ d'application :<\/strong><br data-start=\"408\" data-end=\"411\" \/>Alpinisme, escalade, formation \u00e0 l'expansion, grimpe de corde, formation \u00e0 l'escalade dans les arbres, travail a\u00e9rien, etc.<\/p>","protected":false},"excerpt":{"rendered":"<p>XINDA 3e g\u00e9n\u00e9ration de pinces \u00e0 c\u00e2ble m\u00e9caniques \u00e0 charni\u00e8re de la s\u00e9rie H pour la protection de la s\u00e9curit\u00e9 du travail a\u00e9rien et le dispositif d'arr\u00eat de chute \u00e0 blocage automatique<\/p>","protected":false},"featured_media":4143,"template":"","meta":{"_acf_changed":false},"product_brand":[],"product_cat":[110],"product_tag":[241],"class_list":{"0":"post-4148","1":"product","2":"type-product","3":"status-publish","4":"has-post-thumbnail","6":"product_cat-full-arrestor-gen3","7":"product_tag-rope-grab","9":"first","10":"instock","11":"shipping-taxable","12":"product-type-simple"},"acf":[],"_links":{"self":[{"href":"https:\/\/xindasafety.com\/fr\/wp-json\/wp\/v2\/product\/4148","targetHints":{"allow":["GET"]}}],"collection":[{"href":"https:\/\/xindasafety.com\/fr\/wp-json\/wp\/v2\/product"}],"about":[{"href":"https:\/\/xindasafety.com\/fr\/wp-json\/wp\/v2\/types\/product"}],"version-history":[{"count":3,"href":"https:\/\/xindasafety.com\/fr\/wp-json\/wp\/v2\/product\/4148\/revisions"}],"predecessor-version":[{"id":6729,"href":"https:\/\/xindasafety.com\/fr\/wp-json\/wp\/v2\/product\/4148\/revisions\/6729"}],"wp:featuredmedia":[{"embeddable":true,"href":"https:\/\/xindasafety.com\/fr\/wp-json\/wp\/v2\/media\/4143"}],"wp:attachment":[{"href":"https:\/\/xindasafety.com\/fr\/wp-json\/wp\/v2\/media?parent=4148"}],"wp:term":[{"taxonomy":"product_brand","embeddable":true,"href":"https:\/\/xindasafety.com\/fr\/wp-json\/wp\/v2\/product_brand?post=4148"},{"taxonomy":"product_cat","embeddable":true,"href":"https:\/\/xindasafety.com\/fr\/wp-json\/wp\/v2\/product_cat?post=4148"},{"taxonomy":"product_tag","embeddable":true,"href":"https:\/\/xindasafety.com\/fr\/wp-json\/wp\/v2\/product_tag?post=4148"}],"curies":[{"name":"wp","href":"https:\/\/api.w.org\/{rel}","templated":true}]}}