{"id":4100,"date":"2025-08-26T01:37:11","date_gmt":"2025-08-26T01:37:11","guid":{"rendered":"https:\/\/xindasafety.com\/?post_type=product&#038;p=4100"},"modified":"2026-01-18T08:57:24","modified_gmt":"2026-01-18T08:57:24","slug":"sac-de-rangement-du-systeme-de-poulie","status":"publish","type":"product","link":"https:\/\/xindasafety.com\/fr\/product\/pulley-system-storage-bag\/","title":{"rendered":"HHBAG38GL"},"content":{"rendered":"<p data-start=\"65\" data-end=\"303\"><strong data-start=\"65\" data-end=\"82\">Nom du produit :<\/strong> Xinda Climbing Gear Storage Waist Bag - 7L Multifunctional Tool Pouch<br data-start=\"152\" data-end=\"155\" \/><strong data-start=\"155\" data-end=\"165\">Marque :<\/strong> Xinda<br data-start=\"171\" data-end=\"174\" \/><strong data-start=\"174\" data-end=\"188\">Num\u00e9ro de mod\u00e8le :<\/strong> HH-BAG38<br data-start=\"197\" data-end=\"200\" \/><strong data-start=\"200\" data-end=\"225\">Sp\u00e9cification (taille) :<\/strong> 28 \u00d7 21 \u00d7 12 cm<br data-start=\"241\" data-end=\"244\" \/><strong data-start=\"244\" data-end=\"255\" data-is-only-node=\"\">Poids :<\/strong> 365 g<br data-start=\"261\" data-end=\"264\" \/><strong data-start=\"264\" data-end=\"277\">Capacit\u00e9 :<\/strong> 7 L<br data-start=\"281\" data-end=\"284\" \/><strong data-start=\"284\" data-end=\"295\">Origine :<\/strong> Chine<\/p>\n<p data-start=\"305\" data-end=\"447\"><strong data-start=\"305\" data-end=\"327\">Champ d'application :<\/strong><br data-start=\"327\" data-end=\"330\" \/>Travail a\u00e9rien, alpinisme, escalade, ing\u00e9nierie, maintenance des centrales hydro\u00e9lectriques, jardinage et autres travaux de plein air<\/p>","protected":false},"excerpt":{"rendered":"<p>XINDA 3rd Generation H-Series Multifunctional Waist Storage Bag for Mountaineering, Rock Climbing, and Aerial Work - 7L Gear Tool Pouch<\/p>","protected":false},"featured_media":4101,"template":"","meta":{"_acf_changed":false},"product_brand":[],"product_cat":[125],"product_tag":[242],"class_list":{"0":"post-4100","1":"product","2":"type-product","3":"status-publish","4":"has-post-thumbnail","6":"product_cat-packs-gen3","7":"product_tag-storage-bag","9":"first","10":"instock","11":"shipping-taxable","12":"product-type-simple"},"acf":[],"_links":{"self":[{"href":"https:\/\/xindasafety.com\/fr\/wp-json\/wp\/v2\/product\/4100","targetHints":{"allow":["GET"]}}],"collection":[{"href":"https:\/\/xindasafety.com\/fr\/wp-json\/wp\/v2\/product"}],"about":[{"href":"https:\/\/xindasafety.com\/fr\/wp-json\/wp\/v2\/types\/product"}],"version-history":[{"count":2,"href":"https:\/\/xindasafety.com\/fr\/wp-json\/wp\/v2\/product\/4100\/revisions"}],"predecessor-version":[{"id":6803,"href":"https:\/\/xindasafety.com\/fr\/wp-json\/wp\/v2\/product\/4100\/revisions\/6803"}],"wp:featuredmedia":[{"embeddable":true,"href":"https:\/\/xindasafety.com\/fr\/wp-json\/wp\/v2\/media\/4101"}],"wp:attachment":[{"href":"https:\/\/xindasafety.com\/fr\/wp-json\/wp\/v2\/media?parent=4100"}],"wp:term":[{"taxonomy":"product_brand","embeddable":true,"href":"https:\/\/xindasafety.com\/fr\/wp-json\/wp\/v2\/product_brand?post=4100"},{"taxonomy":"product_cat","embeddable":true,"href":"https:\/\/xindasafety.com\/fr\/wp-json\/wp\/v2\/product_cat?post=4100"},{"taxonomy":"product_tag","embeddable":true,"href":"https:\/\/xindasafety.com\/fr\/wp-json\/wp\/v2\/product_tag?post=4100"}],"curies":[{"name":"wp","href":"https:\/\/api.w.org\/{rel}","templated":true}]}}