{"id":4094,"date":"2025-08-26T01:33:44","date_gmt":"2025-08-26T01:33:44","guid":{"rendered":"https:\/\/xindasafety.com\/?post_type=product&#038;p=4094"},"modified":"2026-01-18T08:57:16","modified_gmt":"2026-01-18T08:57:16","slug":"pince-pour-corde-sans-noeud","status":"publish","type":"product","link":"https:\/\/xindasafety.com\/fr\/product\/knotless-rope-grab\/","title":{"rendered":"HH9373GL"},"content":{"rendered":"<p data-start=\"64\" data-end=\"378\"><strong data-start=\"64\" data-end=\"81\">Nom du produit :<\/strong> Pince \u00e0 c\u00e2ble sans noeud Xinda de 3\u00e8me g\u00e9n\u00e9ration (s\u00e9rie H)<br data-start=\"130\" data-end=\"133\" \/><strong data-start=\"133\" data-end=\"143\">Marque :<\/strong> Xinda<br data-start=\"149\" data-end=\"152\" \/><strong data-start=\"152\" data-end=\"166\">Num\u00e9ro de mod\u00e8le :<\/strong> HH-9373<br data-start=\"174\" data-end=\"177\" \/><strong data-start=\"177\" data-end=\"187\">Couleur :<\/strong> Vert<br data-start=\"193\" data-end=\"196\" data-is-only-node=\"\" \/><strong data-start=\"196\" data-end=\"209\">Mat\u00e9riau :<\/strong> Nylon, alliage d'aluminium<br data-start=\"231\" data-end=\"234\" \/><strong data-start=\"234\" data-end=\"245\">Poids :<\/strong> 34 g<br data-start=\"250\" data-end=\"253\" \/><strong data-start=\"253\" data-end=\"271\">Diam\u00e8tre de la corde :<\/strong> 5,5 mm<br data-start=\"278\" data-end=\"281\" \/><strong data-start=\"281\" data-end=\"292\">Longueur :<\/strong> 45 cm<br data-start=\"298\" data-end=\"301\" \/><strong data-start=\"301\" data-end=\"322\">R\u00e9sistance \u00e0 la traction :<\/strong> 10 kN<br data-start=\"328\" data-end=\"331\" \/><strong data-start=\"331\" data-end=\"344\">Standard :<\/strong> XF 494-2004<br data-start=\"356\" data-end=\"359\" \/><strong data-start=\"359\" data-end=\"370\">Origine :<\/strong> Chine<\/p>\n<p data-start=\"380\" data-end=\"500\"><strong data-start=\"380\" data-end=\"402\">Champ d'application :<\/strong><br data-start=\"402\" data-end=\"405\" \/>Escalade, alpinisme, descente en rappel, secours en cas de descente, protection contre les chutes, travail a\u00e9rien, etc.<\/p>","protected":false},"excerpt":{"rendered":"<p>XINDA 3rd Generation H-Series Outdoor Rope Grab for Rock Climbing, Rappelling, Descent Backup, Protective Abrasion Resistance, and Fall-Arresting Positioning Rope<\/p>","protected":false},"featured_media":4095,"template":"","meta":{"_acf_changed":false},"product_brand":[],"product_cat":[134],"product_tag":[241],"class_list":{"0":"post-4094","1":"product","2":"type-product","3":"status-publish","4":"has-post-thumbnail","6":"product_cat-rope-gen3","7":"product_tag-rope-grab","9":"first","10":"instock","11":"shipping-taxable","12":"product-type-simple"},"acf":[],"_links":{"self":[{"href":"https:\/\/xindasafety.com\/fr\/wp-json\/wp\/v2\/product\/4094","targetHints":{"allow":["GET"]}}],"collection":[{"href":"https:\/\/xindasafety.com\/fr\/wp-json\/wp\/v2\/product"}],"about":[{"href":"https:\/\/xindasafety.com\/fr\/wp-json\/wp\/v2\/types\/product"}],"version-history":[{"count":2,"href":"https:\/\/xindasafety.com\/fr\/wp-json\/wp\/v2\/product\/4094\/revisions"}],"predecessor-version":[{"id":6802,"href":"https:\/\/xindasafety.com\/fr\/wp-json\/wp\/v2\/product\/4094\/revisions\/6802"}],"wp:featuredmedia":[{"embeddable":true,"href":"https:\/\/xindasafety.com\/fr\/wp-json\/wp\/v2\/media\/4095"}],"wp:attachment":[{"href":"https:\/\/xindasafety.com\/fr\/wp-json\/wp\/v2\/media?parent=4094"}],"wp:term":[{"taxonomy":"product_brand","embeddable":true,"href":"https:\/\/xindasafety.com\/fr\/wp-json\/wp\/v2\/product_brand?post=4094"},{"taxonomy":"product_cat","embeddable":true,"href":"https:\/\/xindasafety.com\/fr\/wp-json\/wp\/v2\/product_cat?post=4094"},{"taxonomy":"product_tag","embeddable":true,"href":"https:\/\/xindasafety.com\/fr\/wp-json\/wp\/v2\/product_tag?post=4094"}],"curies":[{"name":"wp","href":"https:\/\/api.w.org\/{rel}","templated":true}]}}