{"id":4055,"date":"2025-08-26T01:08:46","date_gmt":"2025-08-26T01:08:46","guid":{"rendered":"https:\/\/xindasafety.com\/?post_type=product&#038;p=4055"},"modified":"2026-01-18T08:57:09","modified_gmt":"2026-01-18T08:57:09","slug":"longe-dabsorption-denergie","status":"publish","type":"product","link":"https:\/\/xindasafety.com\/fr\/product\/energy-absorbing-lanyard\/","title":{"rendered":"HH9374OJ"},"content":{"rendered":"<p data-start=\"76\" data-end=\"325\"><strong data-start=\"76\" data-end=\"93\">Nom du produit :<\/strong>\u00a0 Longe antichute r\u00e9glable avec absorbeur d'\u00e9nergie BEAL Dynamic Rope<br data-start=\"193\" data-end=\"196\" \/><strong data-start=\"196\" data-end=\"206\">Marque :<\/strong> Xinda<br data-start=\"212\" data-end=\"215\" \/><strong data-start=\"215\" data-end=\"229\">Num\u00e9ro de mod\u00e8le :<\/strong> HH-9374<br data-start=\"237\" data-end=\"240\" \/><strong data-start=\"240\" data-end=\"253\">Mat\u00e9riau :<\/strong> Nylon, alliage d'aluminium<br data-start=\"275\" data-end=\"278\" \/><strong data-start=\"278\" data-end=\"291\">Standard :<\/strong> XF 494-2004<br data-start=\"303\" data-end=\"306\" \/><strong data-start=\"306\" data-end=\"317\">Origine :<\/strong> Chine<\/p>\n<p data-start=\"327\" data-end=\"389\"><strong data-start=\"327\" data-end=\"348\">Plage de r\u00e9glage :<\/strong> 15-120 cm<br data-start=\"358\" data-end=\"361\" \/><strong data-start=\"361\" data-end=\"379\">Diam\u00e8tre de la corde :<\/strong> 10,5 mm<\/p>\n<p data-start=\"391\" data-end=\"410\"><strong data-start=\"391\" data-end=\"402\">Poids :<\/strong> 180 g<\/p>\n<p data-start=\"412\" data-end=\"430\"><strong data-start=\"412\" data-end=\"428\">Performance :<\/strong><\/p>\n<ul data-start=\"431\" data-end=\"494\">\n<li data-start=\"431\" data-end=\"466\">\n<p data-start=\"433\" data-end=\"466\">Force d'impact \u00e0 l'activation : 2,5 kN<\/p>\n<\/li>\n<li data-start=\"467\" data-end=\"494\">\n<p data-start=\"469\" data-end=\"494\">R\u00e9sistance \u00e0 la traction : 22 kN<\/p>\n<\/li>\n<\/ul>\n<p data-start=\"496\" data-end=\"515\"><strong data-start=\"496\" data-end=\"513\">Caract\u00e9ristiques principales :<\/strong><\/p>\n<ul data-start=\"516\" data-end=\"650\">\n<li data-start=\"516\" data-end=\"573\">\n<p data-start=\"518\" data-end=\"573\">\u00c9quip\u00e9 d'un c\u00e2ble dynamique BEAL WALL MASTER 6 de 10,5 mm<\/p>\n<\/li>\n<li data-start=\"574\" data-end=\"650\">\n<p data-start=\"576\" data-end=\"650\">La corde est conforme \u00e0 la norme CE EN892, \u00e0 la certification UIAA et \u00e0 la technologie UNICORE.<\/p>\n<\/li>\n<\/ul>\n<p data-start=\"652\" data-end=\"785\"><strong data-start=\"652\" data-end=\"674\">Champ d'application :<\/strong><br data-start=\"674\" data-end=\"677\" \/>Alpinisme, escalade, sp\u00e9l\u00e9ologie et descente en rappel, formation \u00e0 l'expansion, travail a\u00e9rien, protection contre les chutes, etc.<\/p>","protected":false},"excerpt":{"rendered":"<p>Longe d'arr\u00eat de chute de troisi\u00e8me g\u00e9n\u00e9ration de la s\u00e9rie H de XINDA avec absorbeur d'\u00e9nergie r\u00e9glable Beal Dynamic Rope pour l'alpinisme et l'escalade<\/p>","protected":false},"featured_media":4056,"template":"","meta":{"_acf_changed":false},"product_brand":[],"product_cat":[146],"product_tag":[227],"class_list":{"0":"post-4055","1":"product","2":"type-product","3":"status-publish","4":"has-post-thumbnail","6":"product_cat-lanyard","7":"product_tag-lanyard","9":"first","10":"instock","11":"shipping-taxable","12":"product-type-simple"},"acf":[],"_links":{"self":[{"href":"https:\/\/xindasafety.com\/fr\/wp-json\/wp\/v2\/product\/4055","targetHints":{"allow":["GET"]}}],"collection":[{"href":"https:\/\/xindasafety.com\/fr\/wp-json\/wp\/v2\/product"}],"about":[{"href":"https:\/\/xindasafety.com\/fr\/wp-json\/wp\/v2\/types\/product"}],"version-history":[{"count":2,"href":"https:\/\/xindasafety.com\/fr\/wp-json\/wp\/v2\/product\/4055\/revisions"}],"predecessor-version":[{"id":6801,"href":"https:\/\/xindasafety.com\/fr\/wp-json\/wp\/v2\/product\/4055\/revisions\/6801"}],"wp:featuredmedia":[{"embeddable":true,"href":"https:\/\/xindasafety.com\/fr\/wp-json\/wp\/v2\/media\/4056"}],"wp:attachment":[{"href":"https:\/\/xindasafety.com\/fr\/wp-json\/wp\/v2\/media?parent=4055"}],"wp:term":[{"taxonomy":"product_brand","embeddable":true,"href":"https:\/\/xindasafety.com\/fr\/wp-json\/wp\/v2\/product_brand?post=4055"},{"taxonomy":"product_cat","embeddable":true,"href":"https:\/\/xindasafety.com\/fr\/wp-json\/wp\/v2\/product_cat?post=4055"},{"taxonomy":"product_tag","embeddable":true,"href":"https:\/\/xindasafety.com\/fr\/wp-json\/wp\/v2\/product_tag?post=4055"}],"curies":[{"name":"wp","href":"https:\/\/api.w.org\/{rel}","templated":true}]}}