{"id":4036,"date":"2025-08-25T09:12:56","date_gmt":"2025-08-25T09:12:56","guid":{"rendered":"https:\/\/xindasafety.com\/?post_type=product&#038;p=4036"},"modified":"2026-01-19T05:38:08","modified_gmt":"2026-01-19T05:38:08","slug":"harnais-de-securite-complet-a5-pro","status":"publish","type":"product","link":"https:\/\/xindasafety.com\/fr\/product\/a5-pro-full-body-safety-harness\/","title":{"rendered":"HH9587"},"content":{"rendered":"<p data-start=\"69\" data-end=\"426\"><strong data-start=\"69\" data-end=\"86\">Nom du produit : Harnais de s\u00e9curit\u00e9 complet A5 Pro<\/strong><br data-start=\"202\" data-end=\"205\" \/><strong data-start=\"205\" data-end=\"215\">Marque :<\/strong> Xinda<br data-start=\"221\" data-end=\"224\" \/><strong data-start=\"224\" data-end=\"238\">Num\u00e9ro de mod\u00e8le :<\/strong> A5 PRO<br data-start=\"245\" data-end=\"248\" \/><strong data-start=\"248\" data-end=\"274\">Sangle Sp\u00e9cification :<\/strong> Largeur 45 mm, \u00e9paisseur 1,95 mm<br data-start=\"305\" data-end=\"308\" \/><strong data-start=\"308\" data-end=\"321\">Mat\u00e9riau :<\/strong> Rev\u00eatement haute r\u00e9sistance, acier alli\u00e9, nylon, fer, etc.<br data-start=\"375\" data-end=\"378\" data-is-only-node=\"\" \/><strong data-start=\"378\" data-end=\"391\">Standard :<\/strong> GB 6095-2023<br data-start=\"404\" data-end=\"407\" \/><strong data-start=\"407\" data-end=\"418\">Origine :<\/strong> Chine<\/p>\n<p data-start=\"428\" data-end=\"445\"><strong data-start=\"428\" data-end=\"443\">Tableau des tailles :<\/strong><\/p>\n<ul data-start=\"446\" data-end=\"571\">\n<li data-start=\"446\" data-end=\"508\">\n<p data-start=\"448\" data-end=\"508\"><strong data-start=\"448\" data-end=\"454\">M :<\/strong> Taille 80-120 cm, Poids 50-80 kg, Taille 165-185 cm<\/p>\n<\/li>\n<li data-start=\"509\" data-end=\"571\">\n<p data-start=\"511\" data-end=\"571\"><strong data-start=\"511\" data-end=\"517\">L :<\/strong> Taille 95-135 cm, Poids 60-90 kg, Taille 170-190 cm<\/p>\n<\/li>\n<\/ul>\n<p data-start=\"573\" data-end=\"586\"><strong data-start=\"573\" data-end=\"584\">Poids :<\/strong><\/p>\n<ul data-start=\"587\" data-end=\"614\">\n<li data-start=\"587\" data-end=\"600\">\n<p data-start=\"589\" data-end=\"600\">M : 2310 g<\/p>\n<\/li>\n<li data-start=\"601\" data-end=\"614\">\n<p data-start=\"603\" data-end=\"614\">L : 2410 g<\/p>\n<\/li>\n<\/ul>\n<p data-start=\"616\" data-end=\"754\"><strong data-start=\"616\" data-end=\"638\">Champ d'application :<\/strong> Alpinisme, sp\u00e9l\u00e9ologie, escalade, formation \u00e0 l'expansion, sauvetage, travail a\u00e9rien, protection contre les chutes, descente en rappel, etc.<\/p>","protected":false},"excerpt":{"rendered":"<p>Xinda H-Series Tiger Leap PRO, 3e g\u00e9n\u00e9ration, harnais de s\u00e9curit\u00e9 complet \u00e0 5 points d'ancrage avec harnais de poitrine d\u00e9tachable pour l'escalade et le travail a\u00e9rien<\/p>","protected":false},"featured_media":4037,"template":"","meta":{"_acf_changed":false},"product_brand":[],"product_cat":[116],"product_tag":[211,80],"class_list":{"0":"post-4036","1":"product","2":"type-product","3":"status-publish","4":"has-post-thumbnail","6":"product_cat-harness-gen3","7":"product_tag-full-body-safety-harness","8":"product_tag-harness","10":"first","11":"instock","12":"shipping-taxable","13":"product-type-variable"},"acf":[],"_links":{"self":[{"href":"https:\/\/xindasafety.com\/fr\/wp-json\/wp\/v2\/product\/4036","targetHints":{"allow":["GET"]}}],"collection":[{"href":"https:\/\/xindasafety.com\/fr\/wp-json\/wp\/v2\/product"}],"about":[{"href":"https:\/\/xindasafety.com\/fr\/wp-json\/wp\/v2\/types\/product"}],"version-history":[{"count":5,"href":"https:\/\/xindasafety.com\/fr\/wp-json\/wp\/v2\/product\/4036\/revisions"}],"predecessor-version":[{"id":6894,"href":"https:\/\/xindasafety.com\/fr\/wp-json\/wp\/v2\/product\/4036\/revisions\/6894"}],"wp:featuredmedia":[{"embeddable":true,"href":"https:\/\/xindasafety.com\/fr\/wp-json\/wp\/v2\/media\/4037"}],"wp:attachment":[{"href":"https:\/\/xindasafety.com\/fr\/wp-json\/wp\/v2\/media?parent=4036"}],"wp:term":[{"taxonomy":"product_brand","embeddable":true,"href":"https:\/\/xindasafety.com\/fr\/wp-json\/wp\/v2\/product_brand?post=4036"},{"taxonomy":"product_cat","embeddable":true,"href":"https:\/\/xindasafety.com\/fr\/wp-json\/wp\/v2\/product_cat?post=4036"},{"taxonomy":"product_tag","embeddable":true,"href":"https:\/\/xindasafety.com\/fr\/wp-json\/wp\/v2\/product_tag?post=4036"}],"curies":[{"name":"wp","href":"https:\/\/api.w.org\/{rel}","templated":true}]}}