{"id":4029,"date":"2025-08-25T09:04:42","date_gmt":"2025-08-25T09:04:42","guid":{"rendered":"https:\/\/xindasafety.com\/?post_type=product&#038;p=4029"},"modified":"2026-04-18T06:02:40","modified_gmt":"2026-04-18T06:02:40","slug":"harnais-demi-corps","status":"publish","type":"product","link":"https:\/\/xindasafety.com\/fr\/product\/half-body-harness\/","title":{"rendered":"HH9588"},"content":{"rendered":"<p><strong data-start=\"60\" data-end=\"77\">Nom du produit :<\/strong> Harnais demi-corps<br data-start=\"95\" data-end=\"98\" \/><strong data-start=\"98\" data-end=\"108\">Marque :<\/strong> Xinda<br data-start=\"114\" data-end=\"117\" \/><strong data-start=\"117\" data-end=\"131\">Num\u00e9ro de mod\u00e8le :<\/strong> HH-9588<br data-start=\"139\" data-end=\"142\" data-is-only-node=\"\" \/><strong data-start=\"142\" data-end=\"155\">Mat\u00e9riau :<\/strong> Rev\u00eatement, acier<br data-start=\"170\" data-end=\"173\" \/><strong data-start=\"173\" data-end=\"188\">Ceinture :<\/strong> 60-120 cm<br data-start=\"198\" data-end=\"201\" \/><strong data-start=\"201\" data-end=\"215\">Boucles de jambe :<\/strong> 40-75 cm<br data-start=\"224\" data-end=\"227\" \/><strong data-start=\"227\" data-end=\"238\">Poids :<\/strong> 490 g<br data-start=\"244\" data-end=\"247\" \/><strong data-start=\"247\" data-end=\"257\">Couleur :<\/strong> Gris + Vert<br data-start=\"270\" data-end=\"273\" \/><strong data-start=\"273\" data-end=\"286\">Standard :<\/strong> XF494-2004, CE EN12278<br data-start=\"309\" data-end=\"312\" \/><strong data-start=\"312\" data-end=\"334\">Champ d'application :<\/strong> Alpinisme, escalade, sp\u00e9l\u00e9ologie, descente en rappel, formation \u00e0 l'expansion, parc d'attractions en plein air, etc.<\/p>","protected":false},"excerpt":{"rendered":"<p><strong data-start=\"29\" data-end=\"158\">Xinda Outdoor Half Body Harness Ceinture de s\u00e9curit\u00e9 l\u00e9g\u00e8re et confortable pour l'escalade, l'alpinisme, la descente en rappel et le travail a\u00e9rien<\/strong><\/p>","protected":false},"featured_media":4030,"template":"","meta":{"_acf_changed":false},"product_brand":[],"product_cat":[116],"product_tag":[226,80],"class_list":{"0":"post-4029","1":"product","2":"type-product","3":"status-publish","4":"has-post-thumbnail","6":"product_cat-harness-gen3","7":"product_tag-half-body-harness","8":"product_tag-harness","10":"first","11":"instock","12":"shipping-taxable","13":"product-type-simple"},"acf":[],"_links":{"self":[{"href":"https:\/\/xindasafety.com\/fr\/wp-json\/wp\/v2\/product\/4029","targetHints":{"allow":["GET"]}}],"collection":[{"href":"https:\/\/xindasafety.com\/fr\/wp-json\/wp\/v2\/product"}],"about":[{"href":"https:\/\/xindasafety.com\/fr\/wp-json\/wp\/v2\/types\/product"}],"version-history":[{"count":3,"href":"https:\/\/xindasafety.com\/fr\/wp-json\/wp\/v2\/product\/4029\/revisions"}],"predecessor-version":[{"id":7062,"href":"https:\/\/xindasafety.com\/fr\/wp-json\/wp\/v2\/product\/4029\/revisions\/7062"}],"wp:featuredmedia":[{"embeddable":true,"href":"https:\/\/xindasafety.com\/fr\/wp-json\/wp\/v2\/media\/4030"}],"wp:attachment":[{"href":"https:\/\/xindasafety.com\/fr\/wp-json\/wp\/v2\/media?parent=4029"}],"wp:term":[{"taxonomy":"product_brand","embeddable":true,"href":"https:\/\/xindasafety.com\/fr\/wp-json\/wp\/v2\/product_brand?post=4029"},{"taxonomy":"product_cat","embeddable":true,"href":"https:\/\/xindasafety.com\/fr\/wp-json\/wp\/v2\/product_cat?post=4029"},{"taxonomy":"product_tag","embeddable":true,"href":"https:\/\/xindasafety.com\/fr\/wp-json\/wp\/v2\/product_tag?post=4029"}],"curies":[{"name":"wp","href":"https:\/\/api.w.org\/{rel}","templated":true}]}}