{"id":3988,"date":"2025-08-25T08:38:14","date_gmt":"2025-08-25T08:38:14","guid":{"rendered":"https:\/\/xindasafety.com\/?post_type=product&#038;p=3988"},"modified":"2026-01-18T08:56:51","modified_gmt":"2026-01-18T08:56:51","slug":"corde-a-haute-resistance-2","status":"publish","type":"product","link":"https:\/\/xindasafety.com\/fr\/product\/high-strength-rope-2\/","title":{"rendered":"HH986710OJ"},"content":{"rendered":"<p data-start=\"95\" data-end=\"428\"><strong data-start=\"95\" data-end=\"112\">Nom du produit :<\/strong> Corde auxiliaire super statique en Dyneema<br data-start=\"148\" data-end=\"151\" \/><strong data-start=\"151\" data-end=\"161\">Marque :<\/strong> Xinda<br data-start=\"167\" data-end=\"170\" \/><strong data-start=\"170\" data-end=\"184\">Num\u00e9ro de mod\u00e8le :<\/strong> HH-9867<br data-start=\"192\" data-end=\"195\" \/><strong data-start=\"195\" data-end=\"208\" data-is-only-node=\"\">Mat\u00e9riau :<\/strong> Noyau - Dyneema, Gaine - Technora<br data-start=\"242\" data-end=\"245\" \/><strong data-start=\"245\" data-end=\"274\">Diam\u00e8tre et charge de rupture :<\/strong> \u00d810 mm (36 kN)<br data-start=\"289\" data-end=\"292\" \/><strong data-start=\"292\" data-end=\"314\">Proportion de la gaine :<\/strong> 57%<br data-start=\"318\" data-end=\"321\" \/><strong data-start=\"321\" data-end=\"341\">Proportion de base :<\/strong> 43%<br data-start=\"345\" data-end=\"348\" \/><strong data-start=\"348\" data-end=\"379\">Taux d'\u00e9longation (0-150 kg) :<\/strong> 0.90%<br data-start=\"385\" data-end=\"388\" \/><strong data-start=\"388\" data-end=\"400\">Les brins :<\/strong> 32<br data-start=\"403\" data-end=\"406\" \/><strong data-start=\"406\" data-end=\"417\">Poids :<\/strong> 57,8 g\/m<\/p>\n<p data-start=\"430\" data-end=\"542\"><strong data-start=\"430\" data-end=\"452\">Champ d'application :<\/strong> Corde auxiliaire d'escalade, \u00e0 ne pas utiliser comme corde principale. Doit \u00e9viter toute chute lors de son utilisation.<\/p>\n<p data-start=\"544\" data-end=\"641\">\u26a0\ufe0f <strong data-start=\"547\" data-end=\"559\">Avertissement :<\/strong> Il est strictement interdit de l'utiliser comme corde principale ! Evitez toute chute lors de l'utilisation !<\/p>","protected":false},"excerpt":{"rendered":"<p>Xinda 3rd Generation H-Series Super Static Dyneema Auxiliary Rope Safety Line for Outdoor Rock Climbing, Caving, Anchor Protection, and Mountaineering (corde de s\u00e9curit\u00e9 auxiliaire en Dyneema pour l'escalade, la sp\u00e9l\u00e9ologie, la protection des ancres et l'alpinisme)<\/p>","protected":false},"featured_media":3992,"template":"","meta":{"_acf_changed":false},"product_brand":[],"product_cat":[134],"product_tag":[212],"class_list":{"0":"post-3988","1":"product","2":"type-product","3":"status-publish","4":"has-post-thumbnail","6":"product_cat-rope-gen3","7":"product_tag-rope","9":"first","10":"instock","11":"shipping-taxable","12":"product-type-simple"},"acf":[],"_links":{"self":[{"href":"https:\/\/xindasafety.com\/fr\/wp-json\/wp\/v2\/product\/3988","targetHints":{"allow":["GET"]}}],"collection":[{"href":"https:\/\/xindasafety.com\/fr\/wp-json\/wp\/v2\/product"}],"about":[{"href":"https:\/\/xindasafety.com\/fr\/wp-json\/wp\/v2\/types\/product"}],"version-history":[{"count":2,"href":"https:\/\/xindasafety.com\/fr\/wp-json\/wp\/v2\/product\/3988\/revisions"}],"predecessor-version":[{"id":6799,"href":"https:\/\/xindasafety.com\/fr\/wp-json\/wp\/v2\/product\/3988\/revisions\/6799"}],"wp:featuredmedia":[{"embeddable":true,"href":"https:\/\/xindasafety.com\/fr\/wp-json\/wp\/v2\/media\/3992"}],"wp:attachment":[{"href":"https:\/\/xindasafety.com\/fr\/wp-json\/wp\/v2\/media?parent=3988"}],"wp:term":[{"taxonomy":"product_brand","embeddable":true,"href":"https:\/\/xindasafety.com\/fr\/wp-json\/wp\/v2\/product_brand?post=3988"},{"taxonomy":"product_cat","embeddable":true,"href":"https:\/\/xindasafety.com\/fr\/wp-json\/wp\/v2\/product_cat?post=3988"},{"taxonomy":"product_tag","embeddable":true,"href":"https:\/\/xindasafety.com\/fr\/wp-json\/wp\/v2\/product_tag?post=3988"}],"curies":[{"name":"wp","href":"https:\/\/api.w.org\/{rel}","templated":true}]}}