{"id":3861,"date":"2025-10-06T06:41:10","date_gmt":"2025-10-06T06:41:10","guid":{"rendered":"https:\/\/xindasafety.com\/?post_type=product&#038;p=3861"},"modified":"2026-01-18T08:09:21","modified_gmt":"2026-01-18T08:09:21","slug":"h5-descendant","status":"publish","type":"product","link":"https:\/\/xindasafety.com\/fr\/product\/h5-descender\/","title":{"rendered":"HH8636"},"content":{"rendered":"<p data-start=\"68\" data-end=\"331\"><strong data-start=\"68\" data-end=\"85\">Nom du produit :<\/strong> H5 Descender (3\u00e8me g\u00e9n\u00e9ration de la s\u00e9rie H)<br data-start=\"117\" data-end=\"120\" \/><strong data-start=\"120\" data-end=\"130\">Marque :<\/strong> Xinda<br data-start=\"136\" data-end=\"139\" \/><strong data-start=\"139\" data-end=\"153\">Num\u00e9ro de mod\u00e8le :<\/strong> HH-8636<br data-start=\"161\" data-end=\"164\" \/><strong data-start=\"164\" data-end=\"177\">Mat\u00e9riau :<\/strong> Aluminium haute r\u00e9sistance + acier inoxydable<br data-start=\"218\" data-end=\"221\" \/><strong data-start=\"221\" data-end=\"254\">Charge de rupture \/ Charge de travail :<\/strong> Simple : 150 kg | Double : 200 kg<br data-start=\"286\" data-end=\"289\" data-is-only-node=\"\" \/><strong data-start=\"289\" data-end=\"318\">Diam\u00e8tre de corde applicable :<\/strong> \u00d8 10-12 mm<\/p>\n<p data-start=\"333\" data-end=\"346\"><strong data-start=\"333\" data-end=\"344\">Poids :<\/strong><\/p>\n<ul data-start=\"347\" data-end=\"432\">\n<li data-start=\"347\" data-end=\"386\">\n<p data-start=\"349\" data-end=\"386\">H5 Sport Version : approx. <strong data-start=\"375\" data-end=\"384\">529 g<\/strong><\/p>\n<\/li>\n<li data-start=\"387\" data-end=\"432\">\n<p data-start=\"389\" data-end=\"432\">Version anti-panique H5+ : env. <strong data-start=\"421\" data-end=\"430\">525 g<\/strong><\/p>\n<\/li>\n<\/ul>\n<p data-start=\"434\" data-end=\"483\"><strong data-start=\"434\" data-end=\"447\">Standard :<\/strong> XF494-2023, CE1019 EN12841:2006\/C<\/p>\n<p data-start=\"485\" data-end=\"512\"><strong data-start=\"485\" data-end=\"494\">Taille :<\/strong> 12 \u00d7 8 \u00d7 5,5 cm<\/p>\n<p data-start=\"514\" data-end=\"688\"><strong data-start=\"514\" data-end=\"536\">Champ d'application :<\/strong> Alpinisme de plein air, escalade, sp\u00e9l\u00e9ologie, formation \u00e0 l'expansion, sauvetage, travail a\u00e9rien, protection contre les chutes, protection de l'ing\u00e9nierie, descente en rappel, etc.<\/p>","protected":false},"excerpt":{"rendered":"<p>Descendeur ext\u00e9rieur Xinda S\u00e9rie H H5 de 3\u00e8me g\u00e9n\u00e9ration pour le travail a\u00e9rien avec contr\u00f4le de descente anti-panique<\/p>","protected":false},"featured_media":3854,"template":"","meta":{"_acf_changed":false},"product_brand":[],"product_cat":[107],"product_tag":[92],"class_list":{"0":"post-3861","1":"product","2":"type-product","3":"status-publish","4":"has-post-thumbnail","6":"product_cat-descender-gen-3","7":"product_tag-descender","9":"first","10":"instock","11":"shipping-taxable","12":"product-type-variable"},"acf":[],"_links":{"self":[{"href":"https:\/\/xindasafety.com\/fr\/wp-json\/wp\/v2\/product\/3861","targetHints":{"allow":["GET"]}}],"collection":[{"href":"https:\/\/xindasafety.com\/fr\/wp-json\/wp\/v2\/product"}],"about":[{"href":"https:\/\/xindasafety.com\/fr\/wp-json\/wp\/v2\/types\/product"}],"version-history":[{"count":4,"href":"https:\/\/xindasafety.com\/fr\/wp-json\/wp\/v2\/product\/3861\/revisions"}],"predecessor-version":[{"id":6726,"href":"https:\/\/xindasafety.com\/fr\/wp-json\/wp\/v2\/product\/3861\/revisions\/6726"}],"wp:featuredmedia":[{"embeddable":true,"href":"https:\/\/xindasafety.com\/fr\/wp-json\/wp\/v2\/media\/3854"}],"wp:attachment":[{"href":"https:\/\/xindasafety.com\/fr\/wp-json\/wp\/v2\/media?parent=3861"}],"wp:term":[{"taxonomy":"product_brand","embeddable":true,"href":"https:\/\/xindasafety.com\/fr\/wp-json\/wp\/v2\/product_brand?post=3861"},{"taxonomy":"product_cat","embeddable":true,"href":"https:\/\/xindasafety.com\/fr\/wp-json\/wp\/v2\/product_cat?post=3861"},{"taxonomy":"product_tag","embeddable":true,"href":"https:\/\/xindasafety.com\/fr\/wp-json\/wp\/v2\/product_tag?post=3861"}],"curies":[{"name":"wp","href":"https:\/\/api.w.org\/{rel}","templated":true}]}}