{"id":3849,"date":"2025-08-25T06:31:57","date_gmt":"2025-08-25T06:31:57","guid":{"rendered":"https:\/\/xindasafety.com\/?post_type=product&#038;p=3849"},"modified":"2026-01-18T08:49:35","modified_gmt":"2026-01-18T08:49:35","slug":"mousqueton-descalade-en-forme-de-o","status":"publish","type":"product","link":"https:\/\/xindasafety.com\/fr\/product\/o-shaped-climbing-carabiner\/","title":{"rendered":"HH8122"},"content":{"rendered":"<p data-start=\"77\" data-end=\"391\"><strong data-start=\"77\" data-end=\"94\">Nom du produit :<\/strong> Mousqueton principal en forme de O<br data-start=\"118\" data-end=\"121\" \/><strong data-start=\"121\" data-end=\"131\">Marque :<\/strong> Xinda<br data-start=\"137\" data-end=\"140\" \/><strong data-start=\"140\" data-end=\"154\">Num\u00e9ro de mod\u00e8le :<\/strong> HH-8122<br data-start=\"162\" data-end=\"165\" \/><strong data-start=\"165\" data-end=\"178\">Mat\u00e9riau :<\/strong> Alliage d'aluminium<br data-start=\"193\" data-end=\"196\" data-is-only-node=\"\" \/><strong data-start=\"196\" data-end=\"214\">Charge de rupture :<\/strong> 25 kN (environ 2500 kgf)<br data-start=\"239\" data-end=\"242\" \/><strong data-start=\"242\" data-end=\"255\">Standard :<\/strong> CE1019 EN12275<br data-start=\"270\" data-end=\"273\" \/><strong data-start=\"273\" data-end=\"290\">Ouverture de la porte :<\/strong> \u2264 20 mm<br data-start=\"298\" data-end=\"301\" \/><strong data-start=\"301\" data-end=\"310\">Taille :<\/strong> 11,2 \u00d7 6,3 \u00d7 1,8 cm<br data-start=\"330\" data-end=\"333\" \/><strong data-start=\"333\" data-end=\"343\">Couleur :<\/strong> Vert + gris<br data-start=\"356\" data-end=\"359\" \/><strong data-start=\"359\" data-end=\"370\">Poids :<\/strong> 75 g \/ 82 g \/ 84 g<\/p>\n<p data-start=\"393\" data-end=\"415\"><strong data-start=\"393\" data-end=\"413\">Niveau d'intensit\u00e9 :<\/strong><\/p>\n<ul data-start=\"416\" data-end=\"478\">\n<li data-start=\"416\" data-end=\"437\">\n<p data-start=\"418\" data-end=\"437\">Axe principal : 25 kN<\/p>\n<\/li>\n<li data-start=\"438\" data-end=\"458\">\n<p data-start=\"440\" data-end=\"458\">Axe mineur : 8 kN<\/p>\n<\/li>\n<li data-start=\"459\" data-end=\"478\">\n<p data-start=\"461\" data-end=\"478\">Porte ouverte : 7 kN<\/p>\n<\/li>\n<\/ul>\n<p data-start=\"480\" data-end=\"618\"><strong data-start=\"480\" data-end=\"502\">Champ d'application :<\/strong> Alpinisme, sp\u00e9l\u00e9ologie, escalade, formation \u00e0 l'expansion, sauvetage, travail a\u00e9rien, protection contre les chutes, descente en rappel, etc.<\/p>","protected":false},"excerpt":{"rendered":"<p>Xinda 3rd Generation H-Series O-Shaped Main Lock for Outdoor Rock Climbing, Mountaineering, Aerial Work, Safety Carabiner, Rappelling, and Caving Equipment<\/p>","protected":false},"featured_media":3843,"template":"","meta":{"_acf_changed":false},"product_brand":[],"product_cat":[104],"product_tag":[69],"class_list":{"0":"post-3849","1":"product","2":"type-product","3":"status-publish","4":"has-post-thumbnail","6":"product_cat-carabiner-generation-3-carabiner","7":"product_tag-carabiner","9":"first","10":"instock","11":"shipping-taxable","12":"product-type-variable"},"acf":[],"_links":{"self":[{"href":"https:\/\/xindasafety.com\/fr\/wp-json\/wp\/v2\/product\/3849","targetHints":{"allow":["GET"]}}],"collection":[{"href":"https:\/\/xindasafety.com\/fr\/wp-json\/wp\/v2\/product"}],"about":[{"href":"https:\/\/xindasafety.com\/fr\/wp-json\/wp\/v2\/types\/product"}],"version-history":[{"count":4,"href":"https:\/\/xindasafety.com\/fr\/wp-json\/wp\/v2\/product\/3849\/revisions"}],"predecessor-version":[{"id":6773,"href":"https:\/\/xindasafety.com\/fr\/wp-json\/wp\/v2\/product\/3849\/revisions\/6773"}],"wp:featuredmedia":[{"embeddable":true,"href":"https:\/\/xindasafety.com\/fr\/wp-json\/wp\/v2\/media\/3843"}],"wp:attachment":[{"href":"https:\/\/xindasafety.com\/fr\/wp-json\/wp\/v2\/media?parent=3849"}],"wp:term":[{"taxonomy":"product_brand","embeddable":true,"href":"https:\/\/xindasafety.com\/fr\/wp-json\/wp\/v2\/product_brand?post=3849"},{"taxonomy":"product_cat","embeddable":true,"href":"https:\/\/xindasafety.com\/fr\/wp-json\/wp\/v2\/product_cat?post=3849"},{"taxonomy":"product_tag","embeddable":true,"href":"https:\/\/xindasafety.com\/fr\/wp-json\/wp\/v2\/product_tag?post=3849"}],"curies":[{"name":"wp","href":"https:\/\/api.w.org\/{rel}","templated":true}]}}