{"id":3828,"date":"2025-10-05T06:11:13","date_gmt":"2025-10-05T06:11:13","guid":{"rendered":"https:\/\/xindasafety.com\/?post_type=product&#038;p=3828"},"modified":"2026-04-18T05:27:12","modified_gmt":"2026-04-18T05:27:12","slug":"ascenseur-a-main-sans-poignee","status":"publish","type":"product","link":"https:\/\/xindasafety.com\/fr\/product\/handleless-hand-ascender\/","title":{"rendered":"HH9760GL"},"content":{"rendered":"<p><strong data-start=\"66\" data-end=\"83\">Nom du produit :<\/strong> Ascenseur \u00e0 main sans poign\u00e9e<br data-start=\"108\" data-end=\"111\" \/><strong data-start=\"111\" data-end=\"121\">Marque :<\/strong> Xinda<br data-start=\"127\" data-end=\"130\" \/><strong data-start=\"130\" data-end=\"144\" data-is-only-node=\"\">Num\u00e9ro de mod\u00e8le :<\/strong> HH-9760<br data-start=\"152\" data-end=\"155\" \/><strong data-start=\"155\" data-end=\"168\">Mat\u00e9riau :<\/strong> Aluminium haute r\u00e9sistance + acier inoxydable<br data-start=\"209\" data-end=\"212\" \/><strong data-start=\"212\" data-end=\"230\">Charge de rupture :<\/strong> 100 kgf<br data-start=\"238\" data-end=\"241\" \/><strong data-start=\"241\" data-end=\"270\">Diam\u00e8tre de corde applicable :<\/strong> \u00d8 8-13 mm<br data-start=\"280\" data-end=\"283\" \/><strong data-start=\"283\" data-end=\"294\">Poids :<\/strong> 151 g<br data-start=\"300\" data-end=\"303\" \/><strong data-start=\"303\" data-end=\"312\">Taille :<\/strong> 11 \u00d7 8 \u00d7 3 cm<br data-start=\"326\" data-end=\"329\" \/><strong data-start=\"329\" data-end=\"342\">Standard :<\/strong> XF 494-2023<br data-start=\"354\" data-end=\"357\" \/><strong data-start=\"357\" data-end=\"379\">Champ d'application :<\/strong> Alpinisme, escalade, formation \u00e0 l'expansion, sp\u00e9l\u00e9ologie, SRT, sauvetage en ext\u00e9rieur, formation \u00e0 la remont\u00e9e sur corde en int\u00e9rieur, travail a\u00e9rien et autres activit\u00e9s de plein air.<\/p>","protected":false},"excerpt":{"rendered":"<p>Xinda 3e g\u00e9n\u00e9ration d'ascenseurs \u00e0 main sans poign\u00e9e pour l'escalade, l'alpinisme, le sauvetage et les travaux a\u00e9riens (SRT Rope Access)<\/p>","protected":false},"featured_media":3823,"template":"","meta":{"_acf_changed":false},"product_brand":[],"product_cat":[101],"product_tag":[199],"class_list":{"0":"post-3828","1":"product","2":"type-product","3":"status-publish","4":"has-post-thumbnail","6":"product_cat-asender-generation-3","7":"product_tag-handleless-hand-ascender","9":"first","10":"instock","11":"shipping-taxable","12":"product-type-simple"},"acf":[],"_links":{"self":[{"href":"https:\/\/xindasafety.com\/fr\/wp-json\/wp\/v2\/product\/3828","targetHints":{"allow":["GET"]}}],"collection":[{"href":"https:\/\/xindasafety.com\/fr\/wp-json\/wp\/v2\/product"}],"about":[{"href":"https:\/\/xindasafety.com\/fr\/wp-json\/wp\/v2\/types\/product"}],"version-history":[{"count":3,"href":"https:\/\/xindasafety.com\/fr\/wp-json\/wp\/v2\/product\/3828\/revisions"}],"predecessor-version":[{"id":7038,"href":"https:\/\/xindasafety.com\/fr\/wp-json\/wp\/v2\/product\/3828\/revisions\/7038"}],"wp:featuredmedia":[{"embeddable":true,"href":"https:\/\/xindasafety.com\/fr\/wp-json\/wp\/v2\/media\/3823"}],"wp:attachment":[{"href":"https:\/\/xindasafety.com\/fr\/wp-json\/wp\/v2\/media?parent=3828"}],"wp:term":[{"taxonomy":"product_brand","embeddable":true,"href":"https:\/\/xindasafety.com\/fr\/wp-json\/wp\/v2\/product_brand?post=3828"},{"taxonomy":"product_cat","embeddable":true,"href":"https:\/\/xindasafety.com\/fr\/wp-json\/wp\/v2\/product_cat?post=3828"},{"taxonomy":"product_tag","embeddable":true,"href":"https:\/\/xindasafety.com\/fr\/wp-json\/wp\/v2\/product_tag?post=3828"}],"curies":[{"name":"wp","href":"https:\/\/api.w.org\/{rel}","templated":true}]}}