{"id":3774,"date":"2025-08-25T05:28:23","date_gmt":"2025-08-25T05:28:23","guid":{"rendered":"https:\/\/xindasafety.com\/?post_type=product&#038;p=3774"},"modified":"2026-04-21T01:40:27","modified_gmt":"2026-04-21T01:40:27","slug":"poulie-double-en-forme-de-coeur","status":"publish","type":"product","link":"https:\/\/xindasafety.com\/fr\/product\/heart-shaped-double-pulley\/","title":{"rendered":"HH9720GL"},"content":{"rendered":"<p><strong data-start=\"105\" data-end=\"122\">Nom du produit :<\/strong> Poulie en forme de c\u0153ur<br data-start=\"142\" data-end=\"145\" \/><strong data-start=\"145\" data-end=\"155\">Marque :<\/strong> Xinda<br data-start=\"161\" data-end=\"164\" \/><strong data-start=\"164\" data-end=\"178\" data-is-only-node=\"\">Num\u00e9ro de mod\u00e8le :<\/strong> HH-9720<br data-start=\"186\" data-end=\"189\" \/><strong data-start=\"189\" data-end=\"202\">Mat\u00e9riau :<\/strong> Alliage d'aluminium haute r\u00e9sistance<br data-start=\"231\" data-end=\"234\" \/><strong data-start=\"234\" data-end=\"245\">Poids :<\/strong> 289 g<br data-start=\"251\" data-end=\"254\" \/><strong data-start=\"254\" data-end=\"269\">Efficacit\u00e9 :<\/strong> 0.92<br data-start=\"274\" data-end=\"277\" \/><strong data-start=\"277\" data-end=\"306\">Diam\u00e8tre de corde compatible :<\/strong> 8-13 mm<br data-start=\"314\" data-end=\"317\" \/><strong data-start=\"317\" data-end=\"335\">Charge de rupture :<\/strong> 25 kN<br data-start=\"341\" data-end=\"344\" \/><strong data-start=\"344\" data-end=\"366\">Champ d'application :<\/strong> Travers\u00e9e, t\u00e9l\u00e9ph\u00e9rique, formation, transport, descente en rappel, levage, etc.<\/p>","protected":false},"excerpt":{"rendered":"<p>Xinda H-Series Heart-Shaped Double Pulley with Bearings - Aerial Ropeway Transport, Outdoor Rock Climbing, Mountaineering, Zipline, and Traverse Pulley<\/p>","protected":false},"featured_media":3769,"template":"","meta":{"_acf_changed":false},"product_brand":[],"product_cat":[128],"product_tag":[169],"class_list":{"0":"post-3774","1":"product","2":"type-product","3":"status-publish","4":"has-post-thumbnail","6":"product_cat-pulley-gen3","7":"product_tag-pulley","9":"first","10":"instock","11":"shipping-taxable","12":"product-type-simple"},"acf":[],"_links":{"self":[{"href":"https:\/\/xindasafety.com\/fr\/wp-json\/wp\/v2\/product\/3774","targetHints":{"allow":["GET"]}}],"collection":[{"href":"https:\/\/xindasafety.com\/fr\/wp-json\/wp\/v2\/product"}],"about":[{"href":"https:\/\/xindasafety.com\/fr\/wp-json\/wp\/v2\/types\/product"}],"version-history":[{"count":3,"href":"https:\/\/xindasafety.com\/fr\/wp-json\/wp\/v2\/product\/3774\/revisions"}],"predecessor-version":[{"id":7236,"href":"https:\/\/xindasafety.com\/fr\/wp-json\/wp\/v2\/product\/3774\/revisions\/7236"}],"wp:featuredmedia":[{"embeddable":true,"href":"https:\/\/xindasafety.com\/fr\/wp-json\/wp\/v2\/media\/3769"}],"wp:attachment":[{"href":"https:\/\/xindasafety.com\/fr\/wp-json\/wp\/v2\/media?parent=3774"}],"wp:term":[{"taxonomy":"product_brand","embeddable":true,"href":"https:\/\/xindasafety.com\/fr\/wp-json\/wp\/v2\/product_brand?post=3774"},{"taxonomy":"product_cat","embeddable":true,"href":"https:\/\/xindasafety.com\/fr\/wp-json\/wp\/v2\/product_cat?post=3774"},{"taxonomy":"product_tag","embeddable":true,"href":"https:\/\/xindasafety.com\/fr\/wp-json\/wp\/v2\/product_tag?post=3774"}],"curies":[{"name":"wp","href":"https:\/\/api.w.org\/{rel}","templated":true}]}}