{"id":3757,"date":"2025-08-25T05:24:01","date_gmt":"2025-08-25T05:24:01","guid":{"rendered":"https:\/\/xindasafety.com\/?post_type=product&#038;p=3757"},"modified":"2026-01-19T05:46:41","modified_gmt":"2026-01-19T05:46:41","slug":"sac-a-corde-pour-outils-dexterieur","status":"publish","type":"product","link":"https:\/\/xindasafety.com\/fr\/product\/outdoor-tool-rope-bag\/","title":{"rendered":"HHBAG25"},"content":{"rendered":"<p data-start=\"64\" data-end=\"232\"><strong data-start=\"64\" data-end=\"81\">Nom du produit :<\/strong> Sac \u00e0 cordes Outdoor Gear<br data-start=\"103\" data-end=\"106\" \/><strong data-start=\"106\" data-end=\"116\">Marque :<\/strong> Xinda<br data-start=\"122\" data-end=\"125\" \/><strong data-start=\"125\" data-end=\"139\">Num\u00e9ro de mod\u00e8le :<\/strong> HH-BAG25<br data-start=\"148\" data-end=\"151\" \/><strong data-start=\"151\" data-end=\"164\">Mat\u00e9riau :<\/strong> Sangle + tissu en maille PVC<br data-start=\"190\" data-end=\"193\" \/><strong data-start=\"193\" data-end=\"214\">Options de capacit\u00e9 :<\/strong> 40L \/ 30L \/ 18L<\/p>\n<p data-start=\"234\" data-end=\"245\"><strong data-start=\"234\" data-end=\"243\">Taille :<\/strong><\/p>\n<ul data-start=\"246\" data-end=\"322\">\n<li data-start=\"246\" data-end=\"270\">\n<p data-start=\"248\" data-end=\"270\">40L : 38 \u00d7 26 \u00d7 45 cm<\/p>\n<\/li>\n<li data-start=\"271\" data-end=\"295\">\n<p data-start=\"273\" data-end=\"295\">30L : 38 \u00d7 26 \u00d7 36 cm<\/p>\n<\/li>\n<li data-start=\"296\" data-end=\"322\">\n<p data-start=\"298\" data-end=\"322\">18L : 30 \u00d7 18,5 \u00d7 35 cm<\/p>\n<\/li>\n<\/ul>\n<p data-start=\"324\" data-end=\"337\"><strong data-start=\"324\" data-end=\"335\">Poids :<\/strong><\/p>\n<ul data-start=\"338\" data-end=\"408\">\n<li data-start=\"338\" data-end=\"361\">\n<p data-start=\"340\" data-end=\"361\">40L : environ 1195 g<\/p>\n<\/li>\n<li data-start=\"362\" data-end=\"385\">\n<p data-start=\"364\" data-end=\"385\">30L : environ 1060 g<\/p>\n<\/li>\n<li data-start=\"386\" data-end=\"408\">\n<p data-start=\"388\" data-end=\"408\">18L : environ 820 g<\/p>\n<\/li>\n<\/ul>\n<p data-start=\"410\" data-end=\"438\"><strong data-start=\"410\" data-end=\"436\">Capacit\u00e9 de stockage des cordes :<\/strong><\/p>\n<ul data-start=\"439\" data-end=\"572\">\n<li data-start=\"439\" data-end=\"483\">\n<p data-start=\"441\" data-end=\"483\">40L : Contient environ 130 m de corde de 10,5 mm<\/p>\n<\/li>\n<li data-start=\"484\" data-end=\"528\">\n<p data-start=\"486\" data-end=\"528\">30L : contient environ 100 m de corde de 10,5 mm<\/p>\n<\/li>\n<li data-start=\"529\" data-end=\"572\">\n<p data-start=\"531\" data-end=\"572\">18L : Contient environ 60 m de corde de 10,5 mm<\/p>\n<\/li>\n<\/ul>\n<p data-start=\"574\" data-end=\"738\"><strong data-start=\"574\" data-end=\"587\">Standard :<\/strong> QB\/T 1333-2018<br data-start=\"602\" data-end=\"605\" \/><strong data-start=\"605\" data-end=\"627\">Champ d'application :<\/strong> Gestion des cordes et de l'\u00e9quipement pour l'alpinisme, l'escalade, la formation \u00e0 l'expansion et le travail a\u00e9rien en ext\u00e9rieur<\/p>","protected":false},"excerpt":{"rendered":"<p>Xinda H-Series Outdoor Mountaineering &amp; Rock Climbing Multi-Functional Gear Bag - Handheld Tool Rope Bag, Waterproof &amp; Wear-Resistant for Aerial Work<\/p>","protected":false},"featured_media":3758,"template":"","meta":{"_acf_changed":false},"product_brand":[],"product_cat":[125],"product_tag":[83],"class_list":{"0":"post-3757","1":"product","2":"type-product","3":"status-publish","4":"has-post-thumbnail","6":"product_cat-packs-gen3","7":"product_tag-backpack","9":"first","10":"instock","11":"shipping-taxable","12":"product-type-variable"},"acf":[],"_links":{"self":[{"href":"https:\/\/xindasafety.com\/fr\/wp-json\/wp\/v2\/product\/3757","targetHints":{"allow":["GET"]}}],"collection":[{"href":"https:\/\/xindasafety.com\/fr\/wp-json\/wp\/v2\/product"}],"about":[{"href":"https:\/\/xindasafety.com\/fr\/wp-json\/wp\/v2\/types\/product"}],"version-history":[{"count":2,"href":"https:\/\/xindasafety.com\/fr\/wp-json\/wp\/v2\/product\/3757\/revisions"}],"predecessor-version":[{"id":6905,"href":"https:\/\/xindasafety.com\/fr\/wp-json\/wp\/v2\/product\/3757\/revisions\/6905"}],"wp:featuredmedia":[{"embeddable":true,"href":"https:\/\/xindasafety.com\/fr\/wp-json\/wp\/v2\/media\/3758"}],"wp:attachment":[{"href":"https:\/\/xindasafety.com\/fr\/wp-json\/wp\/v2\/media?parent=3757"}],"wp:term":[{"taxonomy":"product_brand","embeddable":true,"href":"https:\/\/xindasafety.com\/fr\/wp-json\/wp\/v2\/product_brand?post=3757"},{"taxonomy":"product_cat","embeddable":true,"href":"https:\/\/xindasafety.com\/fr\/wp-json\/wp\/v2\/product_cat?post=3757"},{"taxonomy":"product_tag","embeddable":true,"href":"https:\/\/xindasafety.com\/fr\/wp-json\/wp\/v2\/product_tag?post=3757"}],"curies":[{"name":"wp","href":"https:\/\/api.w.org\/{rel}","templated":true}]}}