{"id":3750,"date":"2025-10-06T05:17:49","date_gmt":"2025-10-06T05:17:49","guid":{"rendered":"https:\/\/xindasafety.com\/?post_type=product&#038;p=3750"},"modified":"2026-01-18T08:10:17","modified_gmt":"2026-01-18T08:10:17","slug":"poulie-pour-tyrolienne-recreative","status":"publish","type":"product","link":"https:\/\/xindasafety.com\/fr\/product\/recreational-zipline-pulley\/","title":{"rendered":"HH9796"},"content":{"rendered":"<p><strong data-start=\"44\" data-end=\"61\">Nom du produit :<\/strong> Poulie double \"Eagle<br data-start=\"83\" data-end=\"86\" \/><strong data-start=\"86\" data-end=\"96\">Marque :<\/strong> Xinda<br data-start=\"102\" data-end=\"105\" \/><strong data-start=\"105\" data-end=\"119\" data-is-only-node=\"\">Num\u00e9ro de mod\u00e8le :<\/strong> HH-9796<br data-start=\"127\" data-end=\"130\" \/><strong data-start=\"130\" data-end=\"143\">Mat\u00e9riau :<\/strong> Alliage d'aluminium, acier<br data-start=\"165\" data-end=\"168\" \/><strong data-start=\"168\" data-end=\"178\">Couleur :<\/strong> Vert-gris<br data-start=\"189\" data-end=\"192\" \/><strong data-start=\"192\" data-end=\"201\">Taille :<\/strong> 145 \u00d7 80 \u00d7 96 mm<br data-start=\"218\" data-end=\"221\" \/><strong data-start=\"221\" data-end=\"238\">Ouverture de la porte :<\/strong> 26 mm<br data-start=\"244\" data-end=\"247\" \/><strong data-start=\"247\" data-end=\"258\">Poids :<\/strong> 432 g<br data-start=\"264\" data-end=\"267\" \/><strong data-start=\"267\" data-end=\"296\">Diam\u00e8tre de corde compatible :<\/strong> 9-13 mm<br data-start=\"304\" data-end=\"307\" \/><strong data-start=\"307\" data-end=\"329\">R\u00e9sistance \u00e0 la rupture :<\/strong> 20 kN<br data-start=\"335\" data-end=\"338\" \/><strong data-start=\"338\" data-end=\"351\">Standard :<\/strong> XF 494-2023<br data-start=\"363\" data-end=\"366\" \/><strong data-start=\"366\" data-end=\"380\">Emballage :<\/strong> Bo\u00eete en papier<br data-start=\"390\" data-end=\"393\" \/><strong data-start=\"393\" data-end=\"415\">Champ d'application :<\/strong> Alpinisme, sp\u00e9l\u00e9ologie, escalade, formation \u00e0 l'expansion, sauvetage, travail a\u00e9rien, installations de parcs d'attractions en plein air, etc.<\/p>","protected":false},"excerpt":{"rendered":"<p>Xinda 3e g\u00e9n\u00e9ration de poulies doubles de la s\u00e9rie H avec deux roulements \u00e0 billes - Travers\u00e9e de c\u00e2bles, tyrolienne, aventure dans la jungle, sp\u00e9l\u00e9ologie, sauvetage et travail a\u00e9rien<\/p>","protected":false},"featured_media":3751,"template":"","meta":{"_acf_changed":false},"product_brand":[],"product_cat":[128],"product_tag":[169],"class_list":{"0":"post-3750","1":"product","2":"type-product","3":"status-publish","4":"has-post-thumbnail","6":"product_cat-pulley-gen3","7":"product_tag-pulley","9":"first","10":"instock","11":"shipping-taxable","12":"product-type-simple"},"acf":[],"_links":{"self":[{"href":"https:\/\/xindasafety.com\/fr\/wp-json\/wp\/v2\/product\/3750","targetHints":{"allow":["GET"]}}],"collection":[{"href":"https:\/\/xindasafety.com\/fr\/wp-json\/wp\/v2\/product"}],"about":[{"href":"https:\/\/xindasafety.com\/fr\/wp-json\/wp\/v2\/types\/product"}],"version-history":[{"count":2,"href":"https:\/\/xindasafety.com\/fr\/wp-json\/wp\/v2\/product\/3750\/revisions"}],"predecessor-version":[{"id":6728,"href":"https:\/\/xindasafety.com\/fr\/wp-json\/wp\/v2\/product\/3750\/revisions\/6728"}],"wp:featuredmedia":[{"embeddable":true,"href":"https:\/\/xindasafety.com\/fr\/wp-json\/wp\/v2\/media\/3751"}],"wp:attachment":[{"href":"https:\/\/xindasafety.com\/fr\/wp-json\/wp\/v2\/media?parent=3750"}],"wp:term":[{"taxonomy":"product_brand","embeddable":true,"href":"https:\/\/xindasafety.com\/fr\/wp-json\/wp\/v2\/product_brand?post=3750"},{"taxonomy":"product_cat","embeddable":true,"href":"https:\/\/xindasafety.com\/fr\/wp-json\/wp\/v2\/product_cat?post=3750"},{"taxonomy":"product_tag","embeddable":true,"href":"https:\/\/xindasafety.com\/fr\/wp-json\/wp\/v2\/product_tag?post=3750"}],"curies":[{"name":"wp","href":"https:\/\/api.w.org\/{rel}","templated":true}]}}