{"id":3694,"date":"2025-08-25T01:26:00","date_gmt":"2025-08-25T01:26:00","guid":{"rendered":"https:\/\/xindasafety.com\/?post_type=product&#038;p=3694"},"modified":"2026-01-19T05:48:51","modified_gmt":"2026-01-19T05:48:51","slug":"sac-de-canyoning","status":"publish","type":"product","link":"https:\/\/xindasafety.com\/fr\/product\/canyoning-bag\/","title":{"rendered":"HHBAG03"},"content":{"rendered":"<p><strong data-start=\"191\" data-end=\"208\">Nom du produit :<\/strong> Sac de canyoning \u00e9tanche<br data-start=\"233\" data-end=\"236\" \/><strong data-start=\"236\" data-end=\"246\">Marque :<\/strong> Xinda<br data-start=\"252\" data-end=\"255\" \/><strong data-start=\"255\" data-end=\"269\">Num\u00e9ro de mod\u00e8le :<\/strong> HH-BAG03<br data-start=\"278\" data-end=\"281\" \/><strong data-start=\"281\" data-end=\"294\" data-is-only-node=\"\">Mat\u00e9riau :<\/strong> Tissu en maille PVC<br data-start=\"310\" data-end=\"313\" \/><strong data-start=\"313\" data-end=\"326\">Capacit\u00e9 :<\/strong> 20L \/ 30L<br data-start=\"336\" data-end=\"339\" \/><strong data-start=\"339\" data-end=\"349\">Couleur :<\/strong> Vert<br data-start=\"355\" data-end=\"358\" \/><strong data-start=\"358\" data-end=\"369\">Poids :<\/strong> 1120 g \/ 1230 g<br data-start=\"385\" data-end=\"388\" \/><strong data-start=\"388\" data-end=\"397\">Taille :<\/strong><br data-start=\"397\" data-end=\"400\" \/>20L : 28 \u00d7 17 \u00d7 68 cm (\u00e0 plat)<br data-start=\"427\" data-end=\"430\" \/>30L : 32 \u00d7 22 \u00d7 68 cm (\u00e0 plat)<br data-start=\"457\" data-end=\"460\" \/><strong data-start=\"460\" data-end=\"470\">Artisanat :<\/strong> Pressage \u00e0 chaud sans soudure<br data-start=\"492\" data-end=\"495\" \/><strong data-start=\"495\" data-end=\"506\">Origine :<\/strong> Chine<br data-start=\"512\" data-end=\"515\" \/><strong data-start=\"515\" data-end=\"541\">Corde\/Capacit\u00e9 de stockage :<\/strong><br data-start=\"541\" data-end=\"544\" \/>20L : Contient un ensemble complet d'\u00e9quipements, adapt\u00e9 \u00e0 la natation, au fitness, au canyoning et aux voyages.<br data-start=\"625\" data-end=\"628\" \/>30L : Contient un ensemble complet d'\u00e9quipements, adapt\u00e9 \u00e0 la natation, au fitness, au canyoning et aux voyages.<br data-start=\"709\" data-end=\"712\" \/><strong data-start=\"712\" data-end=\"734\">Champ d'application :<\/strong> Voyage en plein air, alpinisme, randonn\u00e9e, stockage de cordes de canyon, stockage d'\u00e9quipement, stockage de v\u00eatements et de bagages, stockage de t\u00e9l\u00e9phones portables et d'objets personnels.<\/p>","protected":false},"excerpt":{"rendered":"<p>Xinda Outdoor Canyoning Backpack - Sac \u00e0 dos imperm\u00e9able pour le canyoning, sac \u00e0 sec, sac \u00e0 corde \u00e0 double \u00e9paule pour la natation, l'alpinisme, l'escalade et la sp\u00e9l\u00e9ologie.<\/p>","protected":false},"featured_media":3688,"template":"","meta":{"_acf_changed":false},"product_brand":[],"product_cat":[125],"product_tag":[83],"class_list":{"0":"post-3694","1":"product","2":"type-product","3":"status-publish","4":"has-post-thumbnail","6":"product_cat-packs-gen3","7":"product_tag-backpack","9":"first","10":"instock","11":"shipping-taxable","12":"product-type-variable"},"acf":[],"_links":{"self":[{"href":"https:\/\/xindasafety.com\/fr\/wp-json\/wp\/v2\/product\/3694","targetHints":{"allow":["GET"]}}],"collection":[{"href":"https:\/\/xindasafety.com\/fr\/wp-json\/wp\/v2\/product"}],"about":[{"href":"https:\/\/xindasafety.com\/fr\/wp-json\/wp\/v2\/types\/product"}],"version-history":[{"count":2,"href":"https:\/\/xindasafety.com\/fr\/wp-json\/wp\/v2\/product\/3694\/revisions"}],"predecessor-version":[{"id":6909,"href":"https:\/\/xindasafety.com\/fr\/wp-json\/wp\/v2\/product\/3694\/revisions\/6909"}],"wp:featuredmedia":[{"embeddable":true,"href":"https:\/\/xindasafety.com\/fr\/wp-json\/wp\/v2\/media\/3688"}],"wp:attachment":[{"href":"https:\/\/xindasafety.com\/fr\/wp-json\/wp\/v2\/media?parent=3694"}],"wp:term":[{"taxonomy":"product_brand","embeddable":true,"href":"https:\/\/xindasafety.com\/fr\/wp-json\/wp\/v2\/product_brand?post=3694"},{"taxonomy":"product_cat","embeddable":true,"href":"https:\/\/xindasafety.com\/fr\/wp-json\/wp\/v2\/product_cat?post=3694"},{"taxonomy":"product_tag","embeddable":true,"href":"https:\/\/xindasafety.com\/fr\/wp-json\/wp\/v2\/product_tag?post=3694"}],"curies":[{"name":"wp","href":"https:\/\/api.w.org\/{rel}","templated":true}]}}