{"id":3670,"date":"2025-08-25T00:57:19","date_gmt":"2025-08-25T00:57:19","guid":{"rendered":"https:\/\/xindasafety.com\/?post_type=product&#038;p=3670"},"modified":"2026-04-21T01:30:29","modified_gmt":"2026-04-21T01:30:29","slug":"pu03-petite-poulie-simple","status":"publish","type":"product","link":"https:\/\/xindasafety.com\/fr\/product\/pu03-small-single-pulley\/","title":{"rendered":"HHPU03GL"},"content":{"rendered":"<p data-start=\"113\" data-end=\"283\"><strong data-start=\"113\" data-end=\"130\">Nom du produit :<\/strong> Plaque lat\u00e9rale Petite poulie simple<br data-start=\"161\" data-end=\"164\" \/><strong data-start=\"164\" data-end=\"174\">Marque :<\/strong> Xinda<br data-start=\"180\" data-end=\"183\" \/><strong data-start=\"183\" data-end=\"197\">Num\u00e9ro de mod\u00e8le :<\/strong> HH-PU03<br data-start=\"205\" data-end=\"208\" \/><strong data-start=\"208\" data-end=\"221\">Mat\u00e9riau :<\/strong> Aluminium haute r\u00e9sistance + acier alli\u00e9<br data-start=\"258\" data-end=\"261\" \/><strong data-start=\"261\" data-end=\"281\" data-is-only-node=\"\">Niveau d'intensit\u00e9 :<\/strong><\/p>\n<ul data-start=\"284\" data-end=\"331\">\n<li data-start=\"284\" data-end=\"308\">\n<p data-start=\"286\" data-end=\"308\">Charge de rupture : 23 kN<\/p>\n<\/li>\n<li data-start=\"309\" data-end=\"331\">\n<p data-start=\"311\" data-end=\"331\">Charge de travail : 5 kN<\/p>\n<\/li>\n<\/ul>\n<p data-start=\"333\" data-end=\"587\"><strong data-start=\"333\" data-end=\"354\">Produit standard :<\/strong> XF494-2023<br data-start=\"365\" data-end=\"368\" \/><strong data-start=\"368\" data-end=\"397\">Diam\u00e8tre de corde compatible :<\/strong> 7 mm \u2264 \u00d8 \u2264 11 mm<br data-start=\"414\" data-end=\"417\" \/><strong data-start=\"417\" data-end=\"428\">Poids :<\/strong> 66 g<br data-start=\"433\" data-end=\"436\" \/><strong data-start=\"436\" data-end=\"458\">Champ d'application :<\/strong> Travers\u00e9e ext\u00e9rieure, t\u00e9l\u00e9ph\u00e9rique, transport de marchandises, escalade, descente en rappel, formation, sauvetage, levage, syst\u00e8mes de poulie, etc.<\/p>","protected":false},"excerpt":{"rendered":"<p>Xinda Gen3 Bearing-Reinforced Small Single Pulley - T\u00e9l\u00e9ph\u00e9rique, Zipline, Escalade, Traverse, Hissage et Syst\u00e8me de Poulie<\/p>","protected":false},"featured_media":3666,"template":"","meta":{"_acf_changed":false},"product_brand":[],"product_cat":[128],"product_tag":[169],"class_list":{"0":"post-3670","1":"product","2":"type-product","3":"status-publish","4":"has-post-thumbnail","6":"product_cat-pulley-gen3","7":"product_tag-pulley","9":"first","10":"instock","11":"shipping-taxable","12":"product-type-simple"},"acf":[],"_links":{"self":[{"href":"https:\/\/xindasafety.com\/fr\/wp-json\/wp\/v2\/product\/3670","targetHints":{"allow":["GET"]}}],"collection":[{"href":"https:\/\/xindasafety.com\/fr\/wp-json\/wp\/v2\/product"}],"about":[{"href":"https:\/\/xindasafety.com\/fr\/wp-json\/wp\/v2\/types\/product"}],"version-history":[{"count":3,"href":"https:\/\/xindasafety.com\/fr\/wp-json\/wp\/v2\/product\/3670\/revisions"}],"predecessor-version":[{"id":7228,"href":"https:\/\/xindasafety.com\/fr\/wp-json\/wp\/v2\/product\/3670\/revisions\/7228"}],"wp:featuredmedia":[{"embeddable":true,"href":"https:\/\/xindasafety.com\/fr\/wp-json\/wp\/v2\/media\/3666"}],"wp:attachment":[{"href":"https:\/\/xindasafety.com\/fr\/wp-json\/wp\/v2\/media?parent=3670"}],"wp:term":[{"taxonomy":"product_brand","embeddable":true,"href":"https:\/\/xindasafety.com\/fr\/wp-json\/wp\/v2\/product_brand?post=3670"},{"taxonomy":"product_cat","embeddable":true,"href":"https:\/\/xindasafety.com\/fr\/wp-json\/wp\/v2\/product_cat?post=3670"},{"taxonomy":"product_tag","embeddable":true,"href":"https:\/\/xindasafety.com\/fr\/wp-json\/wp\/v2\/product_tag?post=3670"}],"curies":[{"name":"wp","href":"https:\/\/api.w.org\/{rel}","templated":true}]}}