{"id":3650,"date":"2025-08-23T09:12:50","date_gmt":"2025-08-23T09:12:50","guid":{"rendered":"https:\/\/xindasafety.com\/?post_type=product&#038;p=3650"},"modified":"2026-04-18T05:49:53","modified_gmt":"2026-04-18T05:49:53","slug":"casque-xinda-guardian-de-troisieme-generation-modele-sport","status":"publish","type":"product","link":"https:\/\/xindasafety.com\/fr\/product\/xinda-third-generation-guardian-helmet-sports-model\/","title":{"rendered":"HH9787"},"content":{"rendered":"<p><strong data-start=\"23\" data-end=\"40\">Nom du produit :<\/strong> Casque Guardian (version sport)<br data-start=\"73\" data-end=\"76\" \/><strong data-start=\"76\" data-end=\"86\" data-is-only-node=\"\">Marque :<\/strong> Xinda<br data-start=\"92\" data-end=\"95\" \/><strong data-start=\"95\" data-end=\"109\">Num\u00e9ro de mod\u00e8le :<\/strong> HH-9787<br data-start=\"117\" data-end=\"120\" \/><strong data-start=\"120\" data-end=\"133\">Mat\u00e9riau :<\/strong> ABS + EPS<br data-start=\"143\" data-end=\"146\" \/><strong data-start=\"146\" data-end=\"169\">Tour de t\u00eate :<\/strong> Taille unique (54-60 cm)<br data-start=\"189\" data-end=\"192\" \/><strong data-start=\"192\" data-end=\"213\">Dimensions ext\u00e9rieures :<\/strong> 27,5 \u00d7 23 \u00d7 18 cm<br data-start=\"231\" data-end=\"234\" \/><strong data-start=\"234\" data-end=\"252\">Options de couleur :<\/strong> Noir, blanc, orange<br data-start=\"273\" data-end=\"276\" \/><strong data-start=\"276\" data-end=\"287\">Poids :<\/strong> 490 g<br data-start=\"293\" data-end=\"296\" \/><strong data-start=\"296\" data-end=\"323\">Norme de certification :<\/strong> CE EN12492<br data-start=\"334\" data-end=\"337\" \/><strong data-start=\"337\" data-end=\"359\">Champ d'application :<\/strong> Alpinisme de plein air, escalade, sp\u00e9l\u00e9ologie, descente en rappel, formation en plein air, travail en haute altitude, etc.<\/p>","protected":false},"excerpt":{"rendered":"<p>Xinda H-Series Guardian Sports Protective Helmet - Casque de s\u00e9curit\u00e9 l\u00e9ger et respirant pour l'escalade, la descente en rappel, le cyclisme et le travail a\u00e9rien<\/p>","protected":false},"featured_media":3634,"template":"","meta":{"_acf_changed":false},"product_brand":[],"product_cat":[119],"product_tag":[78],"class_list":{"0":"post-3650","1":"product","2":"type-product","3":"status-publish","4":"has-post-thumbnail","6":"product_cat-helmet-gen3","7":"product_tag-helmet","9":"first","10":"instock","11":"shipping-taxable","12":"product-type-variable"},"acf":[],"_links":{"self":[{"href":"https:\/\/xindasafety.com\/fr\/wp-json\/wp\/v2\/product\/3650","targetHints":{"allow":["GET"]}}],"collection":[{"href":"https:\/\/xindasafety.com\/fr\/wp-json\/wp\/v2\/product"}],"about":[{"href":"https:\/\/xindasafety.com\/fr\/wp-json\/wp\/v2\/types\/product"}],"version-history":[{"count":4,"href":"https:\/\/xindasafety.com\/fr\/wp-json\/wp\/v2\/product\/3650\/revisions"}],"predecessor-version":[{"id":7055,"href":"https:\/\/xindasafety.com\/fr\/wp-json\/wp\/v2\/product\/3650\/revisions\/7055"}],"wp:featuredmedia":[{"embeddable":true,"href":"https:\/\/xindasafety.com\/fr\/wp-json\/wp\/v2\/media\/3634"}],"wp:attachment":[{"href":"https:\/\/xindasafety.com\/fr\/wp-json\/wp\/v2\/media?parent=3650"}],"wp:term":[{"taxonomy":"product_brand","embeddable":true,"href":"https:\/\/xindasafety.com\/fr\/wp-json\/wp\/v2\/product_brand?post=3650"},{"taxonomy":"product_cat","embeddable":true,"href":"https:\/\/xindasafety.com\/fr\/wp-json\/wp\/v2\/product_cat?post=3650"},{"taxonomy":"product_tag","embeddable":true,"href":"https:\/\/xindasafety.com\/fr\/wp-json\/wp\/v2\/product_tag?post=3650"}],"curies":[{"name":"wp","href":"https:\/\/api.w.org\/{rel}","templated":true}]}}