{"id":3548,"date":"2025-08-23T07:10:05","date_gmt":"2025-08-23T07:10:05","guid":{"rendered":"https:\/\/xindasafety.com\/?post_type=product&#038;p=3548"},"modified":"2026-01-19T05:49:48","modified_gmt":"2026-01-19T05:49:48","slug":"mousqueton-de-securite-en-forme-de-d","status":"publish","type":"product","link":"https:\/\/xindasafety.com\/fr\/product\/d-shaped-safety-carabiner\/","title":{"rendered":"HH3102"},"content":{"rendered":"<p data-start=\"755\" data-end=\"910\"><strong data-start=\"755\" data-end=\"772\">Nom du produit :<\/strong> Mousqueton principal en forme de D<br data-start=\"796\" data-end=\"799\" \/><strong data-start=\"799\" data-end=\"809\">Marque :<\/strong> Xinda<br data-start=\"815\" data-end=\"818\" \/><strong data-start=\"818\" data-end=\"832\">Num\u00e9ro de mod\u00e8le :<\/strong> HH-3102<br data-start=\"840\" data-end=\"843\" \/><strong data-start=\"843\" data-end=\"856\">Mat\u00e9riau :<\/strong> Alliage d'aluminium haute r\u00e9sistance<br data-start=\"885\" data-end=\"888\" \/><strong data-start=\"888\" data-end=\"908\">Niveau d'intensit\u00e9 :<\/strong><\/p>\n<ul data-start=\"911\" data-end=\"975\">\n<li data-start=\"911\" data-end=\"932\">\n<p data-start=\"913\" data-end=\"932\">Axe principal : 35 kN<\/p>\n<\/li>\n<li data-start=\"933\" data-end=\"954\">\n<p data-start=\"935\" data-end=\"954\">Axe mineur : 12 kN<\/p>\n<\/li>\n<li data-start=\"955\" data-end=\"975\">\n<p data-start=\"957\" data-end=\"975\">Porte ouverte : 10 kN<\/p>\n<\/li>\n<\/ul>\n<p data-start=\"977\" data-end=\"1280\"><strong data-start=\"977\" data-end=\"998\">Produit standard :<\/strong> UIAA \/ CE 1019, EN 12275 \/ EN 362<br data-start=\"1032\" data-end=\"1035\" \/><strong data-start=\"1035\" data-end=\"1052\">Ouverture de la porte :<\/strong> \u226421 mm<br data-start=\"1059\" data-end=\"1062\" \/><strong data-start=\"1062\" data-end=\"1071\">Taille :<\/strong> 12,2 \u00d7 6,9 \u00d7 1,8 cm<br data-start=\"1091\" data-end=\"1094\" \/><strong data-start=\"1094\" data-end=\"1104\">Couleur :<\/strong> Vert-gris<br data-start=\"1115\" data-end=\"1118\" \/><strong data-start=\"1118\" data-end=\"1129\">Poids :<\/strong> 92 g \/ 99 g\/ 99 g<br data-start=\"1141\" data-end=\"1144\" \/><strong data-start=\"1144\" data-end=\"1166\" data-is-only-node=\"\">Champ d'application :<\/strong> Alpinisme, sp\u00e9l\u00e9ologie, escalade, formation en plein air, sauvetage, travail a\u00e9rien, protection contre les chutes, descente en rappel, etc.<\/p>","protected":false},"excerpt":{"rendered":"<p>Xinda D-Shaped Climbing Main Load-Bearing Carabiner - Mountaineering Safety Lock, Outdoor Climbing Connector, Rappelling and Caving Equipment Carabiner<\/p>","protected":false},"featured_media":3541,"template":"","meta":{"_acf_changed":false},"product_brand":[],"product_cat":[104],"product_tag":[],"class_list":{"0":"post-3548","1":"product","2":"type-product","3":"status-publish","4":"has-post-thumbnail","6":"product_cat-carabiner-generation-3-carabiner","8":"first","9":"instock","10":"shipping-taxable","11":"product-type-variable"},"acf":[],"_links":{"self":[{"href":"https:\/\/xindasafety.com\/fr\/wp-json\/wp\/v2\/product\/3548","targetHints":{"allow":["GET"]}}],"collection":[{"href":"https:\/\/xindasafety.com\/fr\/wp-json\/wp\/v2\/product"}],"about":[{"href":"https:\/\/xindasafety.com\/fr\/wp-json\/wp\/v2\/types\/product"}],"version-history":[{"count":2,"href":"https:\/\/xindasafety.com\/fr\/wp-json\/wp\/v2\/product\/3548\/revisions"}],"predecessor-version":[{"id":6911,"href":"https:\/\/xindasafety.com\/fr\/wp-json\/wp\/v2\/product\/3548\/revisions\/6911"}],"wp:featuredmedia":[{"embeddable":true,"href":"https:\/\/xindasafety.com\/fr\/wp-json\/wp\/v2\/media\/3541"}],"wp:attachment":[{"href":"https:\/\/xindasafety.com\/fr\/wp-json\/wp\/v2\/media?parent=3548"}],"wp:term":[{"taxonomy":"product_brand","embeddable":true,"href":"https:\/\/xindasafety.com\/fr\/wp-json\/wp\/v2\/product_brand?post=3548"},{"taxonomy":"product_cat","embeddable":true,"href":"https:\/\/xindasafety.com\/fr\/wp-json\/wp\/v2\/product_cat?post=3548"},{"taxonomy":"product_tag","embeddable":true,"href":"https:\/\/xindasafety.com\/fr\/wp-json\/wp\/v2\/product_tag?post=3548"}],"curies":[{"name":"wp","href":"https:\/\/api.w.org\/{rel}","templated":true}]}}