{"id":3511,"date":"2025-08-23T06:55:32","date_gmt":"2025-08-23T06:55:32","guid":{"rendered":"https:\/\/xindasafety.com\/?post_type=product&#038;p=3511"},"modified":"2026-01-18T08:54:41","modified_gmt":"2026-01-18T08:54:41","slug":"pochette-a-outils-portable","status":"publish","type":"product","link":"https:\/\/xindasafety.com\/fr\/product\/portable-tool-pouch\/","title":{"rendered":"HHBAG29GL"},"content":{"rendered":"<p><strong data-start=\"48\" data-end=\"65\">Nom du produit :<\/strong> Sac \u00e0 cordes Outdoor Gear<br data-start=\"87\" data-end=\"90\" \/><strong data-start=\"90\" data-end=\"100\">Marque :<\/strong> Xinda<br data-start=\"106\" data-end=\"109\" \/><strong data-start=\"109\" data-end=\"123\" data-is-only-node=\"\">Num\u00e9ro de mod\u00e8le :<\/strong> XD-BAG29<br data-start=\"132\" data-end=\"135\" \/><strong data-start=\"135\" data-end=\"148\">Mat\u00e9riau :<\/strong> Tissu en maille PVC, polyester, etc.<br data-start=\"181\" data-end=\"184\" \/><strong data-start=\"184\" data-end=\"197\">Capacit\u00e9 :<\/strong> 4 L<br data-start=\"201\" data-end=\"204\" \/><strong data-start=\"204\" data-end=\"215\">Poids :<\/strong> 200 g<br data-start=\"221\" data-end=\"224\" \/><strong data-start=\"224\" data-end=\"234\">Couleur :<\/strong> Vert<br data-start=\"240\" data-end=\"243\" \/><strong data-start=\"243\" data-end=\"252\">Taille :<\/strong> 17 \u00d7 9 \u00d7 23,5 cm<br data-start=\"269\" data-end=\"272\" \/><strong data-start=\"272\" data-end=\"293\">Produit standard :<\/strong> QB\/T1333-2018<br data-start=\"307\" data-end=\"310\" \/><strong data-start=\"310\" data-end=\"332\">Champ d'application :<\/strong> Escalade, grimpe d'arbre, travail a\u00e9rien<\/p>","protected":false},"excerpt":{"rendered":"<p>Xinda Climbing &amp; Mountaineering Tool Bag - sp\u00e9l\u00e9ologie, per\u00e7age de boulons, rangement des cordes, pochette utilitaire pour travaux a\u00e9riens<\/p>","protected":false},"featured_media":3499,"template":"","meta":{"_acf_changed":false},"product_brand":[],"product_cat":[125],"product_tag":[162],"class_list":{"0":"post-3511","1":"product","2":"type-product","3":"status-publish","4":"has-post-thumbnail","6":"product_cat-packs-gen3","7":"product_tag-tool-bag","9":"first","10":"instock","11":"shipping-taxable","12":"product-type-simple"},"acf":[],"_links":{"self":[{"href":"https:\/\/xindasafety.com\/fr\/wp-json\/wp\/v2\/product\/3511","targetHints":{"allow":["GET"]}}],"collection":[{"href":"https:\/\/xindasafety.com\/fr\/wp-json\/wp\/v2\/product"}],"about":[{"href":"https:\/\/xindasafety.com\/fr\/wp-json\/wp\/v2\/types\/product"}],"version-history":[{"count":2,"href":"https:\/\/xindasafety.com\/fr\/wp-json\/wp\/v2\/product\/3511\/revisions"}],"predecessor-version":[{"id":6784,"href":"https:\/\/xindasafety.com\/fr\/wp-json\/wp\/v2\/product\/3511\/revisions\/6784"}],"wp:featuredmedia":[{"embeddable":true,"href":"https:\/\/xindasafety.com\/fr\/wp-json\/wp\/v2\/media\/3499"}],"wp:attachment":[{"href":"https:\/\/xindasafety.com\/fr\/wp-json\/wp\/v2\/media?parent=3511"}],"wp:term":[{"taxonomy":"product_brand","embeddable":true,"href":"https:\/\/xindasafety.com\/fr\/wp-json\/wp\/v2\/product_brand?post=3511"},{"taxonomy":"product_cat","embeddable":true,"href":"https:\/\/xindasafety.com\/fr\/wp-json\/wp\/v2\/product_cat?post=3511"},{"taxonomy":"product_tag","embeddable":true,"href":"https:\/\/xindasafety.com\/fr\/wp-json\/wp\/v2\/product_tag?post=3511"}],"curies":[{"name":"wp","href":"https:\/\/api.w.org\/{rel}","templated":true}]}}