{"id":3450,"date":"2025-08-23T06:22:40","date_gmt":"2025-08-23T06:22:40","guid":{"rendered":"https:\/\/xindasafety.com\/?post_type=product&#038;p=3450"},"modified":"2026-04-21T00:54:47","modified_gmt":"2026-04-21T00:54:47","slug":"mousqueton-a-verrouillage-automatique-en-forme-de-d","status":"publish","type":"product","link":"https:\/\/xindasafety.com\/fr\/product\/d-shaped-auto-locking-carabiner\/","title":{"rendered":"HH8134TN"},"content":{"rendered":"<p><strong data-start=\"50\" data-end=\"67\">Nom du produit :<\/strong> Mousqueton auto-bloquant en forme de D<br data-start=\"99\" data-end=\"102\" \/><strong data-start=\"102\" data-end=\"112\">Marque :<\/strong> Xinda<br data-start=\"118\" data-end=\"121\" \/><strong data-start=\"121\" data-end=\"135\" data-is-only-node=\"\">Num\u00e9ro de mod\u00e8le :<\/strong> HH-8134<br data-start=\"143\" data-end=\"146\" \/><strong data-start=\"146\" data-end=\"159\">Mat\u00e9riau :<\/strong> Aluminium haute r\u00e9sistance + acier alli\u00e9<br data-start=\"196\" data-end=\"199\" \/><strong data-start=\"199\" data-end=\"219\">Niveau d'intensit\u00e9 :<\/strong> Axe principal 30 kN \/ Axe secondaire 10 kN \/ Porte ouverte 10 kN<br data-start=\"273\" data-end=\"276\" \/><strong data-start=\"276\" data-end=\"297\">Produit standard :<\/strong> XF494-2023<br data-start=\"308\" data-end=\"311\" \/><strong data-start=\"311\" data-end=\"328\">Ouverture de la porte :<\/strong> \u226440 mm<br data-start=\"335\" data-end=\"338\" \/><strong data-start=\"338\" data-end=\"349\">Poids :<\/strong> 95 g<br data-start=\"354\" data-end=\"357\" \/><strong data-start=\"357\" data-end=\"379\">Champ d'application :<\/strong> Alpinisme, sp\u00e9l\u00e9ologie, escalade, formation en plein air, sauvetage, travail a\u00e9rien, protection contre les chutes, descente en rappel, etc.<\/p>","protected":false},"excerpt":{"rendered":"<p>Xinda H-Series D-Shaped Auto-Locking Main Carabiner - Mountaineering, Rock Climbing, Rappelling Safety Hook, Caving Equipment Connector<\/p>","protected":false},"featured_media":3461,"template":"","meta":{"_acf_changed":false},"product_brand":[],"product_cat":[104],"product_tag":[69],"class_list":{"0":"post-3450","1":"product","2":"type-product","3":"status-publish","4":"has-post-thumbnail","6":"product_cat-carabiner-generation-3-carabiner","7":"product_tag-carabiner","9":"first","10":"instock","11":"shipping-taxable","12":"product-type-simple"},"acf":[],"_links":{"self":[{"href":"https:\/\/xindasafety.com\/fr\/wp-json\/wp\/v2\/product\/3450","targetHints":{"allow":["GET"]}}],"collection":[{"href":"https:\/\/xindasafety.com\/fr\/wp-json\/wp\/v2\/product"}],"about":[{"href":"https:\/\/xindasafety.com\/fr\/wp-json\/wp\/v2\/types\/product"}],"version-history":[{"count":3,"href":"https:\/\/xindasafety.com\/fr\/wp-json\/wp\/v2\/product\/3450\/revisions"}],"predecessor-version":[{"id":7218,"href":"https:\/\/xindasafety.com\/fr\/wp-json\/wp\/v2\/product\/3450\/revisions\/7218"}],"wp:featuredmedia":[{"embeddable":true,"href":"https:\/\/xindasafety.com\/fr\/wp-json\/wp\/v2\/media\/3461"}],"wp:attachment":[{"href":"https:\/\/xindasafety.com\/fr\/wp-json\/wp\/v2\/media?parent=3450"}],"wp:term":[{"taxonomy":"product_brand","embeddable":true,"href":"https:\/\/xindasafety.com\/fr\/wp-json\/wp\/v2\/product_brand?post=3450"},{"taxonomy":"product_cat","embeddable":true,"href":"https:\/\/xindasafety.com\/fr\/wp-json\/wp\/v2\/product_cat?post=3450"},{"taxonomy":"product_tag","embeddable":true,"href":"https:\/\/xindasafety.com\/fr\/wp-json\/wp\/v2\/product_tag?post=3450"}],"curies":[{"name":"wp","href":"https:\/\/api.w.org\/{rel}","templated":true}]}}