{"id":3427,"date":"2025-08-23T06:11:30","date_gmt":"2025-08-23T06:11:30","guid":{"rendered":"https:\/\/xindasafety.com\/?post_type=product&#038;p=3427"},"modified":"2026-01-19T05:36:46","modified_gmt":"2026-01-19T05:36:46","slug":"harnais-de-securite-complet-a-double-point-dattache","status":"publish","type":"product","link":"https:\/\/xindasafety.com\/fr\/product\/dual-attachment-point-full-body-safety-harness\/","title":{"rendered":"XDA9598"},"content":{"rendered":"<p data-start=\"51\" data-end=\"538\"><strong data-start=\"51\" data-end=\"68\">Nom du produit :<\/strong> Harnais de s\u00e9curit\u00e9 complet \u00e0 cinq points d'attache doubles<br data-start=\"128\" data-end=\"131\" \/><strong data-start=\"131\" data-end=\"141\">Marque :<\/strong> Xinda<br data-start=\"147\" data-end=\"150\" \/><strong data-start=\"150\" data-end=\"164\">Num\u00e9ro de mod\u00e8le :<\/strong> XD-A9598<br data-start=\"173\" data-end=\"176\" \/><strong data-start=\"176\" data-end=\"202\" data-is-only-node=\"\">Sangle Sp\u00e9cification :<\/strong> Largeur 45 mm \/ Epaisseur 1,95 mm<br data-start=\"234\" data-end=\"237\" \/><strong data-start=\"237\" data-end=\"250\">Mat\u00e9riau :<\/strong> Polyester, Dyneema, aluminium, etc.<br data-start=\"285\" data-end=\"288\" \/><strong data-start=\"288\" data-end=\"309\">Produit standard :<\/strong> GB6095-2021<br data-start=\"321\" data-end=\"324\" \/><strong data-start=\"324\" data-end=\"341\">Charge de travail :<\/strong> 100 kg<br data-start=\"348\" data-end=\"351\" \/><strong data-start=\"351\" data-end=\"362\">Poids :<\/strong> 1127 g (sans les \u00e9paulettes et les jambi\u00e8res)<br data-start=\"403\" data-end=\"406\" \/><strong data-start=\"406\" data-end=\"428\">Champ d'application :<\/strong> Protection contre les chutes \u00e0 haute altitude, construction \u00e9lectrique, installation de climatiseurs, nettoyage de fa\u00e7ades, etc.<\/p>\n<p data-start=\"540\" data-end=\"569\"><strong data-start=\"540\" data-end=\"567\">R\u00e9f\u00e9rence de la taille de portage :<\/strong><\/p>\n<ul data-start=\"570\" data-end=\"672\">\n<li data-start=\"570\" data-end=\"604\">\n<p data-start=\"572\" data-end=\"604\">Tour de taille : 80-150 cm<\/p>\n<\/li>\n<li data-start=\"605\" data-end=\"640\">\n<p data-start=\"607\" data-end=\"640\">Poids corporel adapt\u00e9 : 50-100 kg<\/p>\n<\/li>\n<li data-start=\"641\" data-end=\"672\">\n<p data-start=\"643\" data-end=\"672\">Taille adapt\u00e9e : 165-200 cm<\/p>\n<\/li>\n<\/ul>","protected":false},"excerpt":{"rendered":"<p>Harnais de s\u00e9curit\u00e9 complet Xinda Spiderman - Harnais antichute \u00e0 cinq points pour le travail a\u00e9rien, l'escalade et les op\u00e9rations antichute avec deux points d'attache et une conception r\u00e9sistante \u00e0 l'usure.<\/p>","protected":false},"featured_media":3417,"template":"","meta":{"_acf_changed":false},"product_brand":[],"product_cat":[114],"product_tag":[80],"class_list":{"0":"post-3427","1":"product","2":"type-product","3":"status-publish","4":"has-post-thumbnail","6":"product_cat-harness-gen1","7":"product_tag-harness","9":"first","10":"instock","11":"shipping-taxable","12":"product-type-simple"},"acf":[],"_links":{"self":[{"href":"https:\/\/xindasafety.com\/fr\/wp-json\/wp\/v2\/product\/3427","targetHints":{"allow":["GET"]}}],"collection":[{"href":"https:\/\/xindasafety.com\/fr\/wp-json\/wp\/v2\/product"}],"about":[{"href":"https:\/\/xindasafety.com\/fr\/wp-json\/wp\/v2\/types\/product"}],"version-history":[{"count":2,"href":"https:\/\/xindasafety.com\/fr\/wp-json\/wp\/v2\/product\/3427\/revisions"}],"predecessor-version":[{"id":6893,"href":"https:\/\/xindasafety.com\/fr\/wp-json\/wp\/v2\/product\/3427\/revisions\/6893"}],"wp:featuredmedia":[{"embeddable":true,"href":"https:\/\/xindasafety.com\/fr\/wp-json\/wp\/v2\/media\/3417"}],"wp:attachment":[{"href":"https:\/\/xindasafety.com\/fr\/wp-json\/wp\/v2\/media?parent=3427"}],"wp:term":[{"taxonomy":"product_brand","embeddable":true,"href":"https:\/\/xindasafety.com\/fr\/wp-json\/wp\/v2\/product_brand?post=3427"},{"taxonomy":"product_cat","embeddable":true,"href":"https:\/\/xindasafety.com\/fr\/wp-json\/wp\/v2\/product_cat?post=3427"},{"taxonomy":"product_tag","embeddable":true,"href":"https:\/\/xindasafety.com\/fr\/wp-json\/wp\/v2\/product_tag?post=3427"}],"curies":[{"name":"wp","href":"https:\/\/api.w.org\/{rel}","templated":true}]}}