{"id":3375,"date":"2025-08-23T05:16:26","date_gmt":"2025-08-23T05:16:26","guid":{"rendered":"https:\/\/xindasafety.com\/?post_type=product&#038;p=3375"},"modified":"2026-01-19T05:35:17","modified_gmt":"2026-01-19T05:35:17","slug":"mousqueton-principal-a-verrouillage-automatique-pour-le-parapente","status":"publish","type":"product","link":"https:\/\/xindasafety.com\/fr\/product\/auto-locking-main-carabiner-for-paragliding\/","title":{"rendered":"HH8138TN"},"content":{"rendered":"<p><strong data-start=\"40\" data-end=\"57\">Nom du produit :<\/strong> Mousqueton principal \u00e0 verrouillage automatique pour le parapente<br data-start=\"101\" data-end=\"104\" \/><strong data-start=\"104\" data-end=\"114\">Marque :<\/strong> Xinda<br data-start=\"120\" data-end=\"123\" \/><strong data-start=\"123\" data-end=\"137\" data-is-only-node=\"\">Num\u00e9ro de mod\u00e8le :<\/strong> HH-8138TN<br data-start=\"147\" data-end=\"150\" \/><strong data-start=\"150\" data-end=\"163\">Mat\u00e9riau :<\/strong> Alliage d'aluminium haute r\u00e9sistance<br data-start=\"192\" data-end=\"195\" \/><strong data-start=\"195\" data-end=\"208\">La force :<\/strong> R\u00e9sistance statique 20 kN (\u22481000 kg)<br data-start=\"241\" data-end=\"244\" \/><strong data-start=\"244\" data-end=\"265\">Produit standard :<\/strong> XF494-2023<br data-start=\"276\" data-end=\"279\" \/><strong data-start=\"279\" data-end=\"296\">Ouverture de la porte :<\/strong> \u226412 mm<br data-start=\"303\" data-end=\"306\" \/><strong data-start=\"306\" data-end=\"315\">Taille :<\/strong> 73 \u00d7 67 \u00d7 20 mm<br data-start=\"331\" data-end=\"334\" \/><strong data-start=\"334\" data-end=\"344\">Couleur :<\/strong> Tous Noirs \/ Gris + Orange<br data-start=\"370\" data-end=\"373\" \/><strong data-start=\"373\" data-end=\"384\">Poids :<\/strong> 67 g<br data-start=\"389\" data-end=\"392\" \/><strong data-start=\"392\" data-end=\"414\">Champ d'application :<\/strong> Parachutisme, parapente, etc.<\/p>","protected":false},"excerpt":{"rendered":"<p>Mousqueton principal \u00e0 verrouillage automatique Xinda Outdoor pour le parapente - Escalade, rappel, crochet de s\u00e9curit\u00e9 pour le travail a\u00e9rien<\/p>","protected":false},"featured_media":3368,"template":"","meta":{"_acf_changed":false},"product_brand":[],"product_cat":[103],"product_tag":[69],"class_list":{"0":"post-3375","1":"product","2":"type-product","3":"status-publish","4":"has-post-thumbnail","6":"product_cat-carabiner-generation-3","7":"product_tag-carabiner","9":"first","10":"instock","11":"shipping-taxable","12":"product-type-variable"},"acf":[],"_links":{"self":[{"href":"https:\/\/xindasafety.com\/fr\/wp-json\/wp\/v2\/product\/3375","targetHints":{"allow":["GET"]}}],"collection":[{"href":"https:\/\/xindasafety.com\/fr\/wp-json\/wp\/v2\/product"}],"about":[{"href":"https:\/\/xindasafety.com\/fr\/wp-json\/wp\/v2\/types\/product"}],"version-history":[{"count":2,"href":"https:\/\/xindasafety.com\/fr\/wp-json\/wp\/v2\/product\/3375\/revisions"}],"predecessor-version":[{"id":6890,"href":"https:\/\/xindasafety.com\/fr\/wp-json\/wp\/v2\/product\/3375\/revisions\/6890"}],"wp:featuredmedia":[{"embeddable":true,"href":"https:\/\/xindasafety.com\/fr\/wp-json\/wp\/v2\/media\/3368"}],"wp:attachment":[{"href":"https:\/\/xindasafety.com\/fr\/wp-json\/wp\/v2\/media?parent=3375"}],"wp:term":[{"taxonomy":"product_brand","embeddable":true,"href":"https:\/\/xindasafety.com\/fr\/wp-json\/wp\/v2\/product_brand?post=3375"},{"taxonomy":"product_cat","embeddable":true,"href":"https:\/\/xindasafety.com\/fr\/wp-json\/wp\/v2\/product_cat?post=3375"},{"taxonomy":"product_tag","embeddable":true,"href":"https:\/\/xindasafety.com\/fr\/wp-json\/wp\/v2\/product_tag?post=3375"}],"curies":[{"name":"wp","href":"https:\/\/api.w.org\/{rel}","templated":true}]}}