{"id":3330,"date":"2025-10-05T03:02:03","date_gmt":"2025-10-05T03:02:03","guid":{"rendered":"https:\/\/xindasafety.com\/?post_type=product&#038;p=3330"},"modified":"2026-01-18T08:12:58","modified_gmt":"2026-01-18T08:12:58","slug":"g-link-swivel-connector","status":"publish","type":"product","link":"https:\/\/xindasafety.com\/fr\/product\/g-link-swivel-connector\/","title":{"rendered":"HH8661"},"content":{"rendered":"<p><strong data-start=\"31\" data-end=\"48\">Nom du produit :<\/strong> Pivot G-Link de troisi\u00e8me g\u00e9n\u00e9ration<br data-start=\"79\" data-end=\"82\" \/><strong data-start=\"82\" data-end=\"92\">Marque :<\/strong> Xinda<br data-start=\"98\" data-end=\"101\" \/><strong data-start=\"101\" data-end=\"115\" data-is-only-node=\"\">Num\u00e9ro de mod\u00e8le :<\/strong> HH-8661<br data-start=\"123\" data-end=\"126\" \/><strong data-start=\"126\" data-end=\"148\">R\u00e9sistance \u00e0 la rupture :<\/strong> 20 kN<br data-start=\"154\" data-end=\"157\" \/><strong data-start=\"157\" data-end=\"170\">Mat\u00e9riau :<\/strong> Aluminium haute r\u00e9sistance + acier inoxydable<br data-start=\"211\" data-end=\"214\" \/><strong data-start=\"214\" data-end=\"235\">Produit standard :<\/strong> XF494-2023<br data-start=\"246\" data-end=\"249\" \/><strong data-start=\"249\" data-end=\"260\">Origine :<\/strong> Chine<br data-start=\"266\" data-end=\"269\" \/><strong data-start=\"269\" data-end=\"280\">Poids :<\/strong> 130 g<br data-start=\"286\" data-end=\"289\" \/><strong data-start=\"289\" data-end=\"311\">Champ d'application :<\/strong> Escalade, yoga a\u00e9rien, formation au hamac, travail a\u00e9rien, etc.<\/p>","protected":false},"excerpt":{"rendered":"<p>Xinda Outdoor Third-Generation G-Link Swivel Connector - Anneau de connexion fixe pour travaux a\u00e9riens, rotation \u00e0 360\u00b0 pour \u00e9viter la torsion et le nouage de la corde<\/p>","protected":false},"featured_media":3328,"template":"","meta":{"_acf_changed":false},"product_brand":[],"product_cat":[128],"product_tag":[147],"class_list":{"0":"post-3330","1":"product","2":"type-product","3":"status-publish","4":"has-post-thumbnail","6":"product_cat-pulley-gen3","7":"product_tag-swivel","9":"first","10":"instock","11":"shipping-taxable","12":"product-type-simple"},"acf":[],"_links":{"self":[{"href":"https:\/\/xindasafety.com\/fr\/wp-json\/wp\/v2\/product\/3330","targetHints":{"allow":["GET"]}}],"collection":[{"href":"https:\/\/xindasafety.com\/fr\/wp-json\/wp\/v2\/product"}],"about":[{"href":"https:\/\/xindasafety.com\/fr\/wp-json\/wp\/v2\/types\/product"}],"version-history":[{"count":2,"href":"https:\/\/xindasafety.com\/fr\/wp-json\/wp\/v2\/product\/3330\/revisions"}],"predecessor-version":[{"id":6738,"href":"https:\/\/xindasafety.com\/fr\/wp-json\/wp\/v2\/product\/3330\/revisions\/6738"}],"wp:featuredmedia":[{"embeddable":true,"href":"https:\/\/xindasafety.com\/fr\/wp-json\/wp\/v2\/media\/3328"}],"wp:attachment":[{"href":"https:\/\/xindasafety.com\/fr\/wp-json\/wp\/v2\/media?parent=3330"}],"wp:term":[{"taxonomy":"product_brand","embeddable":true,"href":"https:\/\/xindasafety.com\/fr\/wp-json\/wp\/v2\/product_brand?post=3330"},{"taxonomy":"product_cat","embeddable":true,"href":"https:\/\/xindasafety.com\/fr\/wp-json\/wp\/v2\/product_cat?post=3330"},{"taxonomy":"product_tag","embeddable":true,"href":"https:\/\/xindasafety.com\/fr\/wp-json\/wp\/v2\/product_tag?post=3330"}],"curies":[{"name":"wp","href":"https:\/\/api.w.org\/{rel}","templated":true}]}}