{"id":3292,"date":"2025-08-23T02:36:50","date_gmt":"2025-08-23T02:36:50","guid":{"rendered":"https:\/\/xindasafety.com\/?post_type=product&#038;p=3292"},"modified":"2026-04-18T05:48:09","modified_gmt":"2026-04-18T05:48:09","slug":"casque-de-sport-leger","status":"publish","type":"product","link":"https:\/\/xindasafety.com\/fr\/product\/lightweight-sports-helmet\/","title":{"rendered":"HH9805"},"content":{"rendered":"<p><strong data-start=\"37\" data-end=\"54\">Nom du produit :<\/strong> Casque de sport l\u00e9ger Cool Shadow<br data-start=\"92\" data-end=\"95\" \/><strong data-start=\"95\" data-end=\"105\">Marque :<\/strong> Xinda<br data-start=\"111\" data-end=\"114\" \/><strong data-start=\"114\" data-end=\"128\" data-is-only-node=\"\">Num\u00e9ro de mod\u00e8le :<\/strong> HH-9805<br data-start=\"136\" data-end=\"139\" \/><strong data-start=\"139\" data-end=\"152\">Mat\u00e9riau :<\/strong> ABS + mousse EPP<br data-start=\"167\" data-end=\"170\" \/><strong data-start=\"170\" data-end=\"181\">Poids :<\/strong> Petit : 230 g \/ Grand : 233 g<br data-start=\"209\" data-end=\"212\" \/><strong data-start=\"212\" data-end=\"221\">Taille :<\/strong> Petit : r\u00e9glable 52-55 cm \/ Grand : R\u00e9glable 58-61 cm<br data-start=\"277\" data-end=\"280\" \/><strong data-start=\"280\" data-end=\"302\">Champ d'application :<\/strong> Alpinisme, escalade, sauvetage par les pompiers, formation en plein air, sp\u00e9l\u00e9ologie, descente en rappel, protection de la t\u00eate, etc.<\/p>","protected":false},"excerpt":{"rendered":"<p>Casque l\u00e9ger de troisi\u00e8me g\u00e9n\u00e9ration Xinda - Casque de s\u00e9curit\u00e9 pour les sports d'aventure, l'alpinisme, l'escalade et la sp\u00e9l\u00e9ologie, \u00e9quipement de travail a\u00e9rien<\/p>","protected":false},"featured_media":3279,"template":"","meta":{"_acf_changed":false},"product_brand":[],"product_cat":[119],"product_tag":[78],"class_list":{"0":"post-3292","1":"product","2":"type-product","3":"status-publish","4":"has-post-thumbnail","6":"product_cat-helmet-gen3","7":"product_tag-helmet","9":"first","10":"instock","11":"shipping-taxable","12":"product-type-variable"},"acf":[],"_links":{"self":[{"href":"https:\/\/xindasafety.com\/fr\/wp-json\/wp\/v2\/product\/3292","targetHints":{"allow":["GET"]}}],"collection":[{"href":"https:\/\/xindasafety.com\/fr\/wp-json\/wp\/v2\/product"}],"about":[{"href":"https:\/\/xindasafety.com\/fr\/wp-json\/wp\/v2\/types\/product"}],"version-history":[{"count":3,"href":"https:\/\/xindasafety.com\/fr\/wp-json\/wp\/v2\/product\/3292\/revisions"}],"predecessor-version":[{"id":7052,"href":"https:\/\/xindasafety.com\/fr\/wp-json\/wp\/v2\/product\/3292\/revisions\/7052"}],"wp:featuredmedia":[{"embeddable":true,"href":"https:\/\/xindasafety.com\/fr\/wp-json\/wp\/v2\/media\/3279"}],"wp:attachment":[{"href":"https:\/\/xindasafety.com\/fr\/wp-json\/wp\/v2\/media?parent=3292"}],"wp:term":[{"taxonomy":"product_brand","embeddable":true,"href":"https:\/\/xindasafety.com\/fr\/wp-json\/wp\/v2\/product_brand?post=3292"},{"taxonomy":"product_cat","embeddable":true,"href":"https:\/\/xindasafety.com\/fr\/wp-json\/wp\/v2\/product_cat?post=3292"},{"taxonomy":"product_tag","embeddable":true,"href":"https:\/\/xindasafety.com\/fr\/wp-json\/wp\/v2\/product_tag?post=3292"}],"curies":[{"name":"wp","href":"https:\/\/api.w.org\/{rel}","templated":true}]}}