{"id":3272,"date":"2025-08-23T02:21:30","date_gmt":"2025-08-23T02:21:30","guid":{"rendered":"https:\/\/xindasafety.com\/?post_type=product&#038;p=3272"},"modified":"2026-01-19T05:34:27","modified_gmt":"2026-01-19T05:34:27","slug":"3272","status":"publish","type":"product","link":"https:\/\/xindasafety.com\/fr\/product\/3272\/","title":{"rendered":"HHBD78"},"content":{"rendered":"<p><strong data-start=\"74\" data-end=\"91\">Nom du produit :<\/strong> Harnais Dyneema\u00ae bleu-gris<br data-start=\"116\" data-end=\"119\" \/><strong data-start=\"119\" data-end=\"129\">Marque :<\/strong> Xinda<br data-start=\"135\" data-end=\"138\" \/><strong data-start=\"138\" data-end=\"152\" data-is-only-node=\"\">Num\u00e9ro de mod\u00e8le :<\/strong> HH-BD78<br data-start=\"160\" data-end=\"163\" \/><strong data-start=\"163\" data-end=\"176\">Mat\u00e9riau :<\/strong> Dyneema<br data-start=\"185\" data-end=\"188\" \/><strong data-start=\"188\" data-end=\"197\">Taille :<\/strong> 80 \/ 120 \/ 160 \/ 220 cm<br data-start=\"221\" data-end=\"224\" \/><strong data-start=\"224\" data-end=\"235\">Poids :<\/strong> 51 \/ 73 \/ 95 \/ 128 g<br data-start=\"256\" data-end=\"259\" \/><strong data-start=\"259\" data-end=\"269\">Couleur :<\/strong> Bleu-gris<br data-start=\"279\" data-end=\"282\" \/><strong data-start=\"282\" data-end=\"292\">Largeur :<\/strong> 18 mm<br data-start=\"298\" data-end=\"301\" \/><strong data-start=\"301\" data-end=\"322\">Produit standard :<\/strong> XF494-2023<br data-start=\"333\" data-end=\"336\" \/><strong data-start=\"336\" data-end=\"358\">R\u00e9sistance \u00e0 la rupture :<\/strong> &gt;36 kN<br data-start=\"365\" data-end=\"368\" \/><strong data-start=\"368\" data-end=\"390\">Champ d'application :<\/strong> Escalade, travail a\u00e9rien, sauvetage par les pompiers, ascension et descente, formation \u00e0 l'expansion en plein air, activit\u00e9s li\u00e9es aux cordes, etc.<\/p>","protected":false},"excerpt":{"rendered":"<p>Xinda Climbing Dyneema\u00ae Sling - Boucle d'ancrage pour corde de s\u00e9curit\u00e9, point de protection fixe r\u00e9sistant \u00e0 l'usure, sangle de connexion pour d\u00e9gaine, \u00e9quipement de protection contre les chutes<\/p>","protected":false},"featured_media":3243,"template":"","meta":{"_acf_changed":false},"product_brand":[],"product_cat":[65],"product_tag":[],"class_list":{"0":"post-3272","1":"product","2":"type-product","3":"status-publish","4":"has-post-thumbnail","6":"product_cat-slings","8":"first","9":"instock","10":"shipping-taxable","11":"product-type-variable"},"acf":[],"_links":{"self":[{"href":"https:\/\/xindasafety.com\/fr\/wp-json\/wp\/v2\/product\/3272","targetHints":{"allow":["GET"]}}],"collection":[{"href":"https:\/\/xindasafety.com\/fr\/wp-json\/wp\/v2\/product"}],"about":[{"href":"https:\/\/xindasafety.com\/fr\/wp-json\/wp\/v2\/types\/product"}],"version-history":[{"count":3,"href":"https:\/\/xindasafety.com\/fr\/wp-json\/wp\/v2\/product\/3272\/revisions"}],"predecessor-version":[{"id":6888,"href":"https:\/\/xindasafety.com\/fr\/wp-json\/wp\/v2\/product\/3272\/revisions\/6888"}],"wp:featuredmedia":[{"embeddable":true,"href":"https:\/\/xindasafety.com\/fr\/wp-json\/wp\/v2\/media\/3243"}],"wp:attachment":[{"href":"https:\/\/xindasafety.com\/fr\/wp-json\/wp\/v2\/media?parent=3272"}],"wp:term":[{"taxonomy":"product_brand","embeddable":true,"href":"https:\/\/xindasafety.com\/fr\/wp-json\/wp\/v2\/product_brand?post=3272"},{"taxonomy":"product_cat","embeddable":true,"href":"https:\/\/xindasafety.com\/fr\/wp-json\/wp\/v2\/product_cat?post=3272"},{"taxonomy":"product_tag","embeddable":true,"href":"https:\/\/xindasafety.com\/fr\/wp-json\/wp\/v2\/product_tag?post=3272"}],"curies":[{"name":"wp","href":"https:\/\/api.w.org\/{rel}","templated":true}]}}