{"id":3260,"date":"2025-08-22T06:31:21","date_gmt":"2025-08-22T06:31:21","guid":{"rendered":"https:\/\/xindasafety.com\/?post_type=product&#038;p=3260"},"modified":"2026-01-18T08:16:04","modified_gmt":"2026-01-18T08:16:04","slug":"poulie-de-sauvetage","status":"publish","type":"product","link":"https:\/\/xindasafety.com\/fr\/product\/rescue-pulley\/","title":{"rendered":"HH8666GH"},"content":{"rendered":"<p><strong data-start=\"28\" data-end=\"44\">Nom du produit<\/strong>: Poulie double de sauvetage pivotante<br data-start=\"73\" data-end=\"76\" \/><strong data-start=\"76\" data-end=\"85\">Marque<\/strong>: Xinda<br data-start=\"97\" data-end=\"100\" \/><strong data-start=\"100\" data-end=\"113\" data-is-only-node=\"\">Num\u00e9ro de mod\u00e8le<\/strong>: HH-8666<br data-start=\"122\" data-end=\"125\" \/><strong data-start=\"125\" data-end=\"137\">Mat\u00e9riau<\/strong>: Aluminium haute r\u00e9sistance + acier alli\u00e9<br data-start=\"175\" data-end=\"178\" \/><strong data-start=\"178\" data-end=\"195\">Diam\u00e8tre du c\u00e2ble<\/strong>7-13mm<br data-start=\"203\" data-end=\"206\" \/><strong data-start=\"206\" data-end=\"222\">Charge de travail<\/strong>: 16kN<br data-start=\"228\" data-end=\"231\" \/><strong data-start=\"231\" data-end=\"248\">Charge de rupture<\/strong>: 40kN<br data-start=\"254\" data-end=\"257\" \/><strong data-start=\"257\" data-end=\"267\">Poids<\/strong>: 511g<br data-start=\"273\" data-end=\"276\" \/><strong data-start=\"276\" data-end=\"296\">Produit standard<\/strong>: XF494-2023<br data-start=\"308\" data-end=\"311\" \/><strong data-start=\"311\" data-end=\"332\">Champ d'application<\/strong>: Sauvetage, Travers\u00e9e ext\u00e9rieure, Travail a\u00e9rien, Sp\u00e9l\u00e9ologie, Transport de marchandises, Hissage et levage, Gr\u00e9ement, Syst\u00e8mes de poulies, etc.<\/p>","protected":false},"excerpt":{"rendered":"<p>\u00c9quipement de sauvetage brevet\u00e9 XINDA - Poulie double pivotante pour le transport transversal, \u00e9quip\u00e9e de roulements, d'une capacit\u00e9 de charge \u00e9lev\u00e9e et d'une grande solidit\u00e9<\/p>","protected":false},"featured_media":3228,"template":"","meta":{"_acf_changed":false},"product_brand":[],"product_cat":[128],"product_tag":[],"class_list":{"0":"post-3260","1":"product","2":"type-product","3":"status-publish","4":"has-post-thumbnail","6":"product_cat-pulley-gen3","8":"first","9":"instock","10":"featured","11":"shipping-taxable","12":"product-type-simple"},"acf":[],"_links":{"self":[{"href":"https:\/\/xindasafety.com\/fr\/wp-json\/wp\/v2\/product\/3260","targetHints":{"allow":["GET"]}}],"collection":[{"href":"https:\/\/xindasafety.com\/fr\/wp-json\/wp\/v2\/product"}],"about":[{"href":"https:\/\/xindasafety.com\/fr\/wp-json\/wp\/v2\/types\/product"}],"version-history":[{"count":5,"href":"https:\/\/xindasafety.com\/fr\/wp-json\/wp\/v2\/product\/3260\/revisions"}],"predecessor-version":[{"id":6743,"href":"https:\/\/xindasafety.com\/fr\/wp-json\/wp\/v2\/product\/3260\/revisions\/6743"}],"wp:featuredmedia":[{"embeddable":true,"href":"https:\/\/xindasafety.com\/fr\/wp-json\/wp\/v2\/media\/3228"}],"wp:attachment":[{"href":"https:\/\/xindasafety.com\/fr\/wp-json\/wp\/v2\/media?parent=3260"}],"wp:term":[{"taxonomy":"product_brand","embeddable":true,"href":"https:\/\/xindasafety.com\/fr\/wp-json\/wp\/v2\/product_brand?post=3260"},{"taxonomy":"product_cat","embeddable":true,"href":"https:\/\/xindasafety.com\/fr\/wp-json\/wp\/v2\/product_cat?post=3260"},{"taxonomy":"product_tag","embeddable":true,"href":"https:\/\/xindasafety.com\/fr\/wp-json\/wp\/v2\/product_tag?post=3260"}],"curies":[{"name":"wp","href":"https:\/\/api.w.org\/{rel}","templated":true}]}}