{"id":7400,"date":"2026-04-22T06:15:24","date_gmt":"2026-04-22T06:15:24","guid":{"rendered":"https:\/\/xindasafety.com\/?post_type=product&#038;p=7400"},"modified":"2026-04-22T06:15:24","modified_gmt":"2026-04-22T06:15:24","slug":"xd9602","status":"publish","type":"product","link":"https:\/\/xindasafety.com\/es\/product\/xd9602\/","title":{"rendered":"XD9602"},"content":{"rendered":"<p class=\"ds-markdown-paragraph\"><strong>Marca:<\/strong> XINDA<br \/>\n<strong>Modelo No:<\/strong>\u00a0XD-Q9602<br \/>\n<strong>Nombre del producto:<\/strong>\u00a0Polea giratoria \/ Rueda giratoria<br \/>\n<strong>Carga de rotura:<\/strong>\u00a030kN<br \/>\n<strong>Material:<\/strong>\u00a0Aleaci\u00f3n de aluminio de alta resistencia<br \/>\n<strong>Dimensiones:<\/strong>\u00a05,5 \u00d7 10,8 cm<br \/>\n<strong>Color:<\/strong>\u00a0Como se muestra en la imagen<br \/>\n<strong>Peso:<\/strong>\u00a0140g<\/p>\n<p class=\"ds-markdown-paragraph\"><strong>\u00c1mbito de aplicaci\u00f3n:<\/strong>\u00a0Monta\u00f1ismo, escalada en roca, entrenamiento de expansi\u00f3n, rescate en exteriores, trabajo a gran altitud, rapel, izado y otras actividades.<br \/>\n<strong>Punto de enganche superior:<\/strong>\u00a0Evita que la cuerda se enrede<\/p>","protected":false},"excerpt":{"rendered":"<p><strong>Eslab\u00f3n giratorio para escalada en roca al aire libre Xinda, rotador de conexi\u00f3n fija, polea de cuerda giratoria antitorsi\u00f3n, junta universal<\/strong><\/p>","protected":false},"featured_media":7405,"template":"","meta":{"_acf_changed":false},"product_brand":[],"product_cat":[60,126],"product_tag":[169,338,340,345,147,267,326,343],"class_list":{"0":"post-7400","1":"product","2":"type-product","3":"status-publish","4":"has-post-thumbnail","6":"product_cat-pulley","7":"product_cat-pulley-gen1","8":"product_tag-pulley","9":"product_tag-ropeaccess","10":"product_tag-ropedevice-ropeequipment","11":"product_tag-ropeequipment","12":"product_tag-swivel","13":"product_tag-swivel-pulley","14":"product_tag-xinda","15":"product_tag-xinda-equipment","17":"first","18":"instock","19":"shipping-taxable","20":"product-type-simple"},"acf":[],"_links":{"self":[{"href":"https:\/\/xindasafety.com\/es\/wp-json\/wp\/v2\/product\/7400","targetHints":{"allow":["GET"]}}],"collection":[{"href":"https:\/\/xindasafety.com\/es\/wp-json\/wp\/v2\/product"}],"about":[{"href":"https:\/\/xindasafety.com\/es\/wp-json\/wp\/v2\/types\/product"}],"version-history":[{"count":1,"href":"https:\/\/xindasafety.com\/es\/wp-json\/wp\/v2\/product\/7400\/revisions"}],"predecessor-version":[{"id":7406,"href":"https:\/\/xindasafety.com\/es\/wp-json\/wp\/v2\/product\/7400\/revisions\/7406"}],"wp:featuredmedia":[{"embeddable":true,"href":"https:\/\/xindasafety.com\/es\/wp-json\/wp\/v2\/media\/7405"}],"wp:attachment":[{"href":"https:\/\/xindasafety.com\/es\/wp-json\/wp\/v2\/media?parent=7400"}],"wp:term":[{"taxonomy":"product_brand","embeddable":true,"href":"https:\/\/xindasafety.com\/es\/wp-json\/wp\/v2\/product_brand?post=7400"},{"taxonomy":"product_cat","embeddable":true,"href":"https:\/\/xindasafety.com\/es\/wp-json\/wp\/v2\/product_cat?post=7400"},{"taxonomy":"product_tag","embeddable":true,"href":"https:\/\/xindasafety.com\/es\/wp-json\/wp\/v2\/product_tag?post=7400"}],"curies":[{"name":"wp","href":"https:\/\/api.w.org\/{rel}","templated":true}]}}