{"id":7351,"date":"2026-04-22T01:38:57","date_gmt":"2026-04-22T01:38:57","guid":{"rendered":"https:\/\/xindasafety.com\/?post_type=product&#038;p=7351"},"modified":"2026-04-22T01:38:57","modified_gmt":"2026-04-22T01:38:57","slug":"xd8613","status":"publish","type":"product","link":"https:\/\/xindasafety.com\/es\/product\/xd8613\/","title":{"rendered":"XD8613"},"content":{"rendered":"<p><strong>Marca:<\/strong>\u00a0XINDA<br \/>\n<strong>Modelo No:<\/strong>\u00a0XD-8613<br \/>\n<strong>Nombre del producto:<\/strong>\u00a0Polea doble de placa lateral<br \/>\n<strong>Carga de rotura:<\/strong>\u00a0Est\u00e1tica 24 kN \/ Din\u00e1mica 12 kN<br \/>\n<strong>Material:<\/strong>\u00a0Aleaci\u00f3n de aluminio de alta resistencia<br \/>\n<strong>Tama\u00f1o:<\/strong>\u00a0Anchura 8,2 cm \u00d7 Altura 15 cm \u00d7 Grosor 5,8 cm<br \/>\n<strong>Color:<\/strong>\u00a0Rojo, Negro<br \/>\n<strong>Peso:<\/strong>\u00a0415g<br \/>\n<strong>Di\u00e1metro de cuerda aplicable:<\/strong>\u00a0\u226416 mm<br \/>\n<strong>Aplicaciones:<\/strong>\u00a0Cruce de telef\u00e9rico al aire libre, carro de cuerda a\u00e9rea, transporte de carga, rapel de escalada en roca, protecci\u00f3n contra dilataciones, arrastre, elevaci\u00f3n, sistemas de poleas, etc.<\/p>","protected":false},"excerpt":{"rendered":"<div class=\"ds-message _63c77b1\">\n<div class=\"ds-markdown\">\n<p class=\"ds-markdown-paragraph\"><strong>Xinda Polea para escalada en roca al aire libre, juego de polea doble de placa lateral para cruce de cuerda, tirolesa de transporte, equipo de carretilla de cuerda de expansi\u00f3n para alpinismo<\/strong><\/p>\n<\/div>\n<\/div>","protected":false},"featured_media":7347,"template":"","meta":{"_acf_changed":false},"product_brand":[],"product_cat":[60,126],"product_tag":[302,212,338,340,345,343],"class_list":{"0":"post-7351","1":"product","2":"type-product","3":"status-publish","4":"has-post-thumbnail","6":"product_cat-pulley","7":"product_cat-pulley-gen1","8":"product_tag-pulley-system","9":"product_tag-rope","10":"product_tag-ropeaccess","11":"product_tag-ropedevice-ropeequipment","12":"product_tag-ropeequipment","13":"product_tag-xinda-equipment","15":"first","16":"instock","17":"shipping-taxable","18":"product-type-variable"},"acf":[],"_links":{"self":[{"href":"https:\/\/xindasafety.com\/es\/wp-json\/wp\/v2\/product\/7351","targetHints":{"allow":["GET"]}}],"collection":[{"href":"https:\/\/xindasafety.com\/es\/wp-json\/wp\/v2\/product"}],"about":[{"href":"https:\/\/xindasafety.com\/es\/wp-json\/wp\/v2\/types\/product"}],"version-history":[{"count":1,"href":"https:\/\/xindasafety.com\/es\/wp-json\/wp\/v2\/product\/7351\/revisions"}],"predecessor-version":[{"id":7354,"href":"https:\/\/xindasafety.com\/es\/wp-json\/wp\/v2\/product\/7351\/revisions\/7354"}],"wp:featuredmedia":[{"embeddable":true,"href":"https:\/\/xindasafety.com\/es\/wp-json\/wp\/v2\/media\/7347"}],"wp:attachment":[{"href":"https:\/\/xindasafety.com\/es\/wp-json\/wp\/v2\/media?parent=7351"}],"wp:term":[{"taxonomy":"product_brand","embeddable":true,"href":"https:\/\/xindasafety.com\/es\/wp-json\/wp\/v2\/product_brand?post=7351"},{"taxonomy":"product_cat","embeddable":true,"href":"https:\/\/xindasafety.com\/es\/wp-json\/wp\/v2\/product_cat?post=7351"},{"taxonomy":"product_tag","embeddable":true,"href":"https:\/\/xindasafety.com\/es\/wp-json\/wp\/v2\/product_tag?post=7351"}],"curies":[{"name":"wp","href":"https:\/\/api.w.org\/{rel}","templated":true}]}}