{"id":7336,"date":"2026-04-22T01:25:14","date_gmt":"2026-04-22T01:25:14","guid":{"rendered":"https:\/\/xindasafety.com\/?post_type=product&#038;p=7336"},"modified":"2026-04-22T01:25:14","modified_gmt":"2026-04-22T01:25:14","slug":"xdq9695","status":"publish","type":"product","link":"https:\/\/xindasafety.com\/es\/product\/xdq9695\/","title":{"rendered":"XDQ9695"},"content":{"rendered":"<p><strong>Marca:<\/strong> Xinda<br \/>\n<strong>Modelo No:<\/strong>\u00a0XD-Q9695<br \/>\n<strong>Nombre del producto:<\/strong>\u00a0Antica\u00eddas de cable de acero para energ\u00eda e\u00f3lica<br \/>\n<strong>Material:<\/strong>\u00a0Acero inoxidable<br \/>\n<strong>Di\u00e1metro aplicable:<\/strong>\u00a08 MM, 10 MM, 12 MM<br \/>\n<strong>Dimensiones:<\/strong>\u00a0Anchura 7,6CM, Altura 14CM<br \/>\n<strong>Di\u00e1metro del agujero:<\/strong>\u00a01,1 cm, 1,3 cm<br \/>\n<strong>Peso:<\/strong>\u00a0484g<br \/>\n<strong>\u00c1mbito de aplicaci\u00f3n:<\/strong>\u00a0Protecci\u00f3n para ingenier\u00eda el\u00e9ctrica, ingenier\u00eda de telecomunicaciones, ingenier\u00eda de sistemas de energ\u00eda e\u00f3lica, instalaci\u00f3n a gran altitud, limpieza de paredes exteriores y otras operaciones a gran altitud.<\/p>","protected":false},"excerpt":{"rendered":"<p><strong>Xinda Cable de acero para escalada Dispositivo de seguridad autobloqueante, Dispositivo antica\u00eddas para trabajos en altura, Equipo antica\u00eddas<\/strong><\/p>","protected":false},"featured_media":7327,"template":"","meta":{"_acf_changed":false},"product_brand":[],"product_cat":[64,108],"product_tag":[202,338,340,345,326,343],"class_list":{"0":"post-7336","1":"product","2":"type-product","3":"status-publish","4":"has-post-thumbnail","6":"product_cat-fall-arrester","7":"product_cat-full-arrestor-gen1","8":"product_tag-fall-arrester","9":"product_tag-ropeaccess","10":"product_tag-ropedevice-ropeequipment","11":"product_tag-ropeequipment","12":"product_tag-xinda","13":"product_tag-xinda-equipment","15":"first","16":"instock","17":"shipping-taxable","18":"product-type-variable"},"acf":[],"_links":{"self":[{"href":"https:\/\/xindasafety.com\/es\/wp-json\/wp\/v2\/product\/7336","targetHints":{"allow":["GET"]}}],"collection":[{"href":"https:\/\/xindasafety.com\/es\/wp-json\/wp\/v2\/product"}],"about":[{"href":"https:\/\/xindasafety.com\/es\/wp-json\/wp\/v2\/types\/product"}],"version-history":[{"count":1,"href":"https:\/\/xindasafety.com\/es\/wp-json\/wp\/v2\/product\/7336\/revisions"}],"predecessor-version":[{"id":7344,"href":"https:\/\/xindasafety.com\/es\/wp-json\/wp\/v2\/product\/7336\/revisions\/7344"}],"wp:featuredmedia":[{"embeddable":true,"href":"https:\/\/xindasafety.com\/es\/wp-json\/wp\/v2\/media\/7327"}],"wp:attachment":[{"href":"https:\/\/xindasafety.com\/es\/wp-json\/wp\/v2\/media?parent=7336"}],"wp:term":[{"taxonomy":"product_brand","embeddable":true,"href":"https:\/\/xindasafety.com\/es\/wp-json\/wp\/v2\/product_brand?post=7336"},{"taxonomy":"product_cat","embeddable":true,"href":"https:\/\/xindasafety.com\/es\/wp-json\/wp\/v2\/product_cat?post=7336"},{"taxonomy":"product_tag","embeddable":true,"href":"https:\/\/xindasafety.com\/es\/wp-json\/wp\/v2\/product_tag?post=7336"}],"curies":[{"name":"wp","href":"https:\/\/api.w.org\/{rel}","templated":true}]}}